{"id":760,"date":"2018-04-01T09:19:50","date_gmt":"2018-04-01T09:19:50","guid":{"rendered":"https:\/\/power-fishing.shop\/?post_type=product&#038;p=760"},"modified":"2025-05-27T08:53:13","modified_gmt":"2025-05-27T06:53:13","slug":"red-hot-secret-30-kg-einzepposten","status":"publish","type":"product","link":"https:\/\/power-fishing.shop\/?product=red-hot-secret-30-kg-einzepposten","title":{"rendered":"Futterboilies &#8211; Sonderposten 5 kg Sack"},"content":{"rendered":"<p><strong>Sonderposten Futterboilies<\/strong><\/p>\n<p>Eine bunte Mischung verschiedenster Boilies aus unserem Programm. Gemische Sorten, Gr\u00f6\u00dfen, Formen, \u2026 getrocknet und in S\u00e4cken zu 5 kg verpackt. Es handelt sich um Boilies aus dem laufenden Programm, Testboilies, Ausschuss, Fehlchargen, Restbest\u00e4nde, \u2026.<\/p>\n<p>Ideal f\u00fcr eine gr\u00f6\u00dfere oder l\u00e4ngere Futterkampagnen, die ihr mit dem Boot, dem Futterboot oder der Spomb, etc. durchf\u00fchrt und bei der ihr nicht auf billige Industrieboilies setzen wollt, aber keine Lust habt pro Tag zig kg \u00a0vom Zielboilie zu f\u00fcttern.<\/p>\n<p>Als Tipp, auch wenn euer Zielboilie (sofern er von uns ist) mit Sicherheit in der Mischung mit dabei ist, f\u00fcttert trotzdem ca. 20 % eures \u00a0Boilies mit dazu. Auf die letzten Tage der Futteraktion dann komplett auf den Zielboilie umsteigen.<\/p>\n<p><strong><br \/>\nLieferzeit:<\/strong> sofort lieferbar<\/p>\n<p><strong>Konsvierung:<\/strong> getrocknet<\/p>\n<p><strong>\u00a0<\/strong><\/p>\n","protected":false},"excerpt":{"rendered":"<p>Sonderposten Futterboilies Eine bunte Mischung verschiedenster Boilies aus unserem Programm. Gemische Sorten, Gr\u00f6\u00dfen, Formen, \u2026 getrocknet und in S\u00e4cken zu 5 kg verpackt. Es handelt sich um Boilies aus dem laufenden Programm, Testboilies, Ausschuss, Fehlchargen, Restbest\u00e4nde, \u2026. Ideal f\u00fcr eine gr\u00f6\u00dfere oder l\u00e4ngere Futterkampagnen, die ihr mit dem Boot, dem Futterboot oder der Spomb, etc. [&hellip;]<\/p>\n","protected":false},"featured_media":1972,"comment_status":"open","ping_status":"closed","template":"","meta":[],"product_brand":[],"product_cat":[121,31],"product_tag":[39,148,149,33,34,35,36,37,38],"class_list":{"0":"post-760","1":"product","2":"type-product","3":"status-publish","4":"has-post-thumbnail","6":"product_cat-sonderposten","7":"product_cat-boilies","8":"product_tag-phase-iv","9":"product_tag-futterboilie","10":"product_tag-futterboilies","11":"product_tag-boilies","12":"product_tag-phase-2","13":"product_tag-phase-3","14":"product_tag-phase-4","15":"product_tag-phase-ii","16":"product_tag-phaste-iii","17":"pa_groesse-21-mm","19":"first","20":"outofstock","21":"taxable","22":"shipping-taxable","23":"purchasable","24":"product-type-simple"},"_links":{"self":[{"href":"https:\/\/power-fishing.shop\/index.php?rest_route=\/wp\/v2\/product\/760","targetHints":{"allow":["GET"]}}],"collection":[{"href":"https:\/\/power-fishing.shop\/index.php?rest_route=\/wp\/v2\/product"}],"about":[{"href":"https:\/\/power-fishing.shop\/index.php?rest_route=\/wp\/v2\/types\/product"}],"replies":[{"embeddable":true,"href":"https:\/\/power-fishing.shop\/index.php?rest_route=%2Fwp%2Fv2%2Fcomments&post=760"}],"version-history":[{"count":3,"href":"https:\/\/power-fishing.shop\/index.php?rest_route=\/wp\/v2\/product\/760\/revisions"}],"predecessor-version":[{"id":512165,"href":"https:\/\/power-fishing.shop\/index.php?rest_route=\/wp\/v2\/product\/760\/revisions\/512165"}],"wp:featuredmedia":[{"embeddable":true,"href":"https:\/\/power-fishing.shop\/index.php?rest_route=\/wp\/v2\/media\/1972"}],"wp:attachment":[{"href":"https:\/\/power-fishing.shop\/index.php?rest_route=%2Fwp%2Fv2%2Fmedia&parent=760"}],"wp:term":[{"taxonomy":"product_brand","embeddable":true,"href":"https:\/\/power-fishing.shop\/index.php?rest_route=%2Fwp%2Fv2%2Fproduct_brand&post=760"},{"taxonomy":"product_cat","embeddable":true,"href":"https:\/\/power-fishing.shop\/index.php?rest_route=%2Fwp%2Fv2%2Fproduct_cat&post=760"},{"taxonomy":"product_tag","embeddable":true,"href":"https:\/\/power-fishing.shop\/index.php?rest_route=%2Fwp%2Fv2%2Fproduct_tag&post=760"}],"curies":[{"name":"wp","href":"https:\/\/api.w.org\/{rel}","templated":true}]}}