{"id":702,"date":"2018-02-27T11:22:06","date_gmt":"2018-02-27T11:22:06","guid":{"rendered":"https:\/\/power-fishing.shop\/?post_type=product&#038;p=702"},"modified":"2024-03-24T19:43:17","modified_gmt":"2024-03-24T18:43:17","slug":"liquid-da-bait","status":"publish","type":"product","link":"https:\/\/power-fishing.shop\/?product=liquid-da-bait","title":{"rendered":"Liquid &#8222;da bait&#8220;"},"content":{"rendered":"<p>Der neue Liquid &#8222;da bait&#8220; (es werden noch 2-3 weitere Sorten dieses Jahr folgen). Aufgebaut auf Fischextrakt, wasserl\u00f6slich auch bei kalten Wasser, schwerer als Wasser &#8211; sinkt also perfekt zu Boden, PVA freundlich, keine Zus\u00e4tze wie Konservierer oder z.B.Glycerin, daf\u00fcr eine Menge an gecrushten Insekten, Betain, GLM, \u2026<\/p>\n<p>Der Liqudi h\u00e4ngt sich perfekt an eure Boilies, wenn ihr sie kurz in die Sonne legt, dann trocknet er auch gut an und l\u00f6st sich langsam unter Wasser auf. Auch die active K\u00f6der lassen sich damit perfekt benetzen, ohne da\u00df sich der Mantel aufl\u00f6st.&nbsp; Der Unterschied zum Dip, er zieht nicht in den Boilie ein.<\/p>\n<p>&nbsp;<\/p>\n<p><strong>Verpackungsgr\u00f6\u00dfen:<\/strong> 500 gr Flasche<\/p>\n<p><iframe src=\"https:\/\/www.youtube.com\/embed\/W9f109yAwjo?rel=0\" allowfullscreen=\"allowfullscreen\" width=\"560\" height=\"315\" frameborder=\"0\"><\/iframe><\/p>\n","protected":false},"excerpt":{"rendered":"<p>Der neue Liquid &#8222;da bait&#8220; (es werden noch 2-3 weitere Sorten dieses Jahr folgen). Aufgebaut auf Fischextrakt, wasserl\u00f6slich auch bei kalten Wasser, schwerer als Wasser &#8211; sinkt also perfekt zu Boden, PVA freundlich, keine Zus\u00e4tze wie Konservierer oder z.B.Glycerin, daf\u00fcr eine Menge an gecrushten Insekten, Betain, GLM, \u2026 Der Liqudi h\u00e4ngt sich perfekt an eure [&hellip;]<\/p>\n","protected":false},"featured_media":703,"comment_status":"open","ping_status":"closed","template":"","meta":[],"product_brand":[],"product_cat":[67,101,157,342],"product_tag":[107,108],"class_list":{"0":"post-702","1":"product","2":"type-product","3":"status-publish","4":"has-post-thumbnail","6":"product_cat-liquids-dips","7":"product_cat-flavour-oele","8":"product_cat-wallerkoeder","9":"product_cat-phase-iv","10":"product_tag-lachsoel","11":"product_tag-fischoel","13":"first","14":"instock","15":"taxable","16":"shipping-taxable","17":"purchasable","18":"product-type-simple"},"_links":{"self":[{"href":"https:\/\/power-fishing.shop\/index.php?rest_route=\/wp\/v2\/product\/702","targetHints":{"allow":["GET"]}}],"collection":[{"href":"https:\/\/power-fishing.shop\/index.php?rest_route=\/wp\/v2\/product"}],"about":[{"href":"https:\/\/power-fishing.shop\/index.php?rest_route=\/wp\/v2\/types\/product"}],"replies":[{"embeddable":true,"href":"https:\/\/power-fishing.shop\/index.php?rest_route=%2Fwp%2Fv2%2Fcomments&post=702"}],"version-history":[{"count":2,"href":"https:\/\/power-fishing.shop\/index.php?rest_route=\/wp\/v2\/product\/702\/revisions"}],"predecessor-version":[{"id":512451,"href":"https:\/\/power-fishing.shop\/index.php?rest_route=\/wp\/v2\/product\/702\/revisions\/512451"}],"wp:featuredmedia":[{"embeddable":true,"href":"https:\/\/power-fishing.shop\/index.php?rest_route=\/wp\/v2\/media\/703"}],"wp:attachment":[{"href":"https:\/\/power-fishing.shop\/index.php?rest_route=%2Fwp%2Fv2%2Fmedia&parent=702"}],"wp:term":[{"taxonomy":"product_brand","embeddable":true,"href":"https:\/\/power-fishing.shop\/index.php?rest_route=%2Fwp%2Fv2%2Fproduct_brand&post=702"},{"taxonomy":"product_cat","embeddable":true,"href":"https:\/\/power-fishing.shop\/index.php?rest_route=%2Fwp%2Fv2%2Fproduct_cat&post=702"},{"taxonomy":"product_tag","embeddable":true,"href":"https:\/\/power-fishing.shop\/index.php?rest_route=%2Fwp%2Fv2%2Fproduct_tag&post=702"}],"curies":[{"name":"wp","href":"https:\/\/api.w.org\/{rel}","templated":true}]}}