{"id":669,"date":"2018-02-19T21:24:02","date_gmt":"2018-02-19T21:24:02","guid":{"rendered":"https:\/\/power-fishing.shop\/?post_type=product&#038;p=669"},"modified":"2024-07-05T11:50:09","modified_gmt":"2024-07-05T09:50:09","slug":"phase-iv-hoover","status":"publish","type":"product","link":"https:\/\/power-fishing.shop\/?product=phase-iv-hoover","title":{"rendered":"Phase IV Hoover &#8211; 250 gr"},"content":{"rendered":"<p>Erg\u00e4nzend zu der Stinker Range und einer meiner absoluten Favoriten im Moment der neuen Phase IV. Nachdem grad alte Kunden immer wieder gefragt haben ob man nicht was \u00e4hnliches wie den alten Phase II machen k\u00f6nnte, hier die L\u00f6sung. Wir haben das Beste aus dem Phase III und dem alten Phase II zusammengefasst.<\/p>\n<p>Die Neuerungen ganz kurz umrissen. Weniger Getreidemehle \u2013 zb gar kein Maismehl mehr, mehr Fischmehl, mehr Lebermehl, <span class=\"text_exposed_show\">Mini- und Micropellets, viel sch\u00e4rfer und ein hoher Anteil an getrockneten Insekten.<\/span><\/p>\n<p><strong>Hoover:<\/strong> unsere neuen Hookbaits, mit leichtem Auftrieb, somit kann man am Haken einen nahezu schwerelosen Boilie anbieten, der sich viel nat\u00fcrlicher bewegt und dem Karpfen beim Einsaugen quasi ins Maul schie\u00dft. Er ist etwas h\u00e4rter als der normale Boilie), hier wurde der Betainanteil nochmal um gut 5 % erh\u00f6ht. Der Boilie schwemmt ebenfalls sehr gut aus, h\u00e4lt aber um einiges l\u00e4nger am Haar als der normale Standart Boilie (24 Stunden und mehr kein Problem).<\/p>\n<p>&nbsp;<\/p>\n<p><strong>Zutaten:<\/strong> Fischmehl, Gew\u00fcrze, Salz, H\u00fchnereiwei\u00df, Frischei, Getreideerzeugnisse, Fisch\u00f6l, Aromen, Milchprodukte, tierisches Protein, Lebermehl Rind, Betain, micro Pellets, getrocknete Insekten.<\/p>\n<p><strong>Gr\u00f6\u00dfen:<\/strong>\u00a0 21 mm,\u00a0 17 mm, 28 mm, 28&#215;21 mm dumbell<\/p>\n<p><strong>Konservierung:<\/strong> gesalzen<\/p>\n<p><strong>Verpackungsgr\u00f6\u00dfe:\u00a0 <\/strong>250 gr Box<\/p>\n<p><strong>Lieferzeit:<\/strong> ca. 1 Woche<\/p>\n<p><strong>\u00a0<\/strong><\/p>\n","protected":false},"excerpt":{"rendered":"<p>Erg\u00e4nzend zu der Stinker Range und einer meiner absoluten Favoriten im Moment der neuen Phase IV. Nachdem grad alte Kunden immer wieder gefragt haben ob man nicht was \u00e4hnliches wie den alten Phase II machen k\u00f6nnte, hier die L\u00f6sung. Wir haben das Beste aus dem Phase III und dem alten Phase II zusammengefasst. Die Neuerungen [&hellip;]<\/p>\n","protected":false},"featured_media":376,"comment_status":"open","ping_status":"closed","template":"","meta":[],"product_brand":[],"product_cat":[342,32],"product_tag":[34,35,36,37,39,63,116,33],"class_list":{"0":"post-669","1":"product","2":"type-product","3":"status-publish","4":"has-post-thumbnail","6":"product_cat-phase-iv","7":"product_cat-boilies-hookbaits","8":"product_tag-phase-2","9":"product_tag-phase-3","10":"product_tag-phase-4","11":"product_tag-phase-ii","12":"product_tag-phase-iv","13":"product_tag-phase-iii","14":"product_tag-hoover","15":"product_tag-boilies","16":"pa_groesse-17-mm","17":"pa_groesse-21-mm","18":"pa_groesse-28-mm","19":"pa_groesse-28x21-mm-dumbell","21":"first","22":"instock","23":"taxable","24":"shipping-taxable","25":"purchasable","26":"product-type-variable","27":"has-default-attributes"},"_links":{"self":[{"href":"https:\/\/power-fishing.shop\/index.php?rest_route=\/wp\/v2\/product\/669","targetHints":{"allow":["GET"]}}],"collection":[{"href":"https:\/\/power-fishing.shop\/index.php?rest_route=\/wp\/v2\/product"}],"about":[{"href":"https:\/\/power-fishing.shop\/index.php?rest_route=\/wp\/v2\/types\/product"}],"replies":[{"embeddable":true,"href":"https:\/\/power-fishing.shop\/index.php?rest_route=%2Fwp%2Fv2%2Fcomments&post=669"}],"version-history":[{"count":3,"href":"https:\/\/power-fishing.shop\/index.php?rest_route=\/wp\/v2\/product\/669\/revisions"}],"predecessor-version":[{"id":512594,"href":"https:\/\/power-fishing.shop\/index.php?rest_route=\/wp\/v2\/product\/669\/revisions\/512594"}],"wp:featuredmedia":[{"embeddable":true,"href":"https:\/\/power-fishing.shop\/index.php?rest_route=\/wp\/v2\/media\/376"}],"wp:attachment":[{"href":"https:\/\/power-fishing.shop\/index.php?rest_route=%2Fwp%2Fv2%2Fmedia&parent=669"}],"wp:term":[{"taxonomy":"product_brand","embeddable":true,"href":"https:\/\/power-fishing.shop\/index.php?rest_route=%2Fwp%2Fv2%2Fproduct_brand&post=669"},{"taxonomy":"product_cat","embeddable":true,"href":"https:\/\/power-fishing.shop\/index.php?rest_route=%2Fwp%2Fv2%2Fproduct_cat&post=669"},{"taxonomy":"product_tag","embeddable":true,"href":"https:\/\/power-fishing.shop\/index.php?rest_route=%2Fwp%2Fv2%2Fproduct_tag&post=669"}],"curies":[{"name":"wp","href":"https:\/\/api.w.org\/{rel}","templated":true}]}}