{"id":513171,"date":"2026-04-26T11:49:38","date_gmt":"2026-04-26T09:49:38","guid":{"rendered":"https:\/\/power-fishing.shop\/?post_type=product&#038;p=513171"},"modified":"2026-04-26T11:49:39","modified_gmt":"2026-04-26T09:49:39","slug":"51er-hoover","status":"publish","type":"product","link":"https:\/\/power-fishing.shop\/?product=51er-hoover","title":{"rendered":"51\u00b4er Hoover"},"content":{"rendered":"<p>Die passenden Hookbaits zum 51\u00b4er.<\/p>\n<p>Attrakiver, fester, h\u00f6here Lockwirkung.<\/p>\n<p>&#8211; Leichter, somit kann man am Haken einen nahezu schwerelosen Boilie anbieten, der sich viel nat\u00fcrlicher bewegt und dem Karpfen beim Einsaugen quasi ins Maul schie\u00dft.<\/p>\n<p>&#8211; H\u00e4rter\/z\u00e4her als der normale Boilie, (24 Stunden und mehr kein Problem) &#8211; au\u00dfer ihr habt extrem viel Wei\u00dffische\/Krebse<\/p>\n<p>&#8211; 5% extra Betain<\/p>\n<p>H\u00e4lt problemlos auf einem Baitscrew.<\/p>\n<p>&nbsp;<\/p>\n","protected":false},"excerpt":{"rendered":"<p>Die passenden Hookbaits zum 51\u00b4er. Attrakiver, fester, h\u00f6here Lockwirkung. &#8211; Leichter, somit kann man am Haken einen nahezu schwerelosen Boilie anbieten, der sich viel nat\u00fcrlicher bewegt und dem Karpfen beim Einsaugen quasi ins Maul schie\u00dft. &#8211; H\u00e4rter\/z\u00e4her als der normale Boilie, (24 Stunden und mehr kein Problem) &#8211; au\u00dfer ihr habt extrem viel Wei\u00dffische\/Krebse &#8211; [&hellip;]<\/p>\n","protected":false},"featured_media":513172,"comment_status":"open","ping_status":"closed","template":"","meta":[],"product_brand":[],"product_cat":[32,416],"product_tag":[84,116,340,474,495],"class_list":{"0":"post-513171","1":"product","2":"type-product","3":"status-publish","4":"has-post-thumbnail","6":"product_cat-boilies-hookbaits","7":"product_cat-fishn-feed","8":"product_tag-hakenkoeder","9":"product_tag-hoover","10":"product_tag-wafter","11":"product_tag-51er","12":"product_tag-hookbait-51","14":"first","15":"instock","16":"taxable","17":"shipping-taxable","18":"purchasable","19":"product-type-simple"},"_links":{"self":[{"href":"https:\/\/power-fishing.shop\/index.php?rest_route=\/wp\/v2\/product\/513171","targetHints":{"allow":["GET"]}}],"collection":[{"href":"https:\/\/power-fishing.shop\/index.php?rest_route=\/wp\/v2\/product"}],"about":[{"href":"https:\/\/power-fishing.shop\/index.php?rest_route=\/wp\/v2\/types\/product"}],"replies":[{"embeddable":true,"href":"https:\/\/power-fishing.shop\/index.php?rest_route=%2Fwp%2Fv2%2Fcomments&post=513171"}],"version-history":[{"count":1,"href":"https:\/\/power-fishing.shop\/index.php?rest_route=\/wp\/v2\/product\/513171\/revisions"}],"predecessor-version":[{"id":513173,"href":"https:\/\/power-fishing.shop\/index.php?rest_route=\/wp\/v2\/product\/513171\/revisions\/513173"}],"wp:featuredmedia":[{"embeddable":true,"href":"https:\/\/power-fishing.shop\/index.php?rest_route=\/wp\/v2\/media\/513172"}],"wp:attachment":[{"href":"https:\/\/power-fishing.shop\/index.php?rest_route=%2Fwp%2Fv2%2Fmedia&parent=513171"}],"wp:term":[{"taxonomy":"product_brand","embeddable":true,"href":"https:\/\/power-fishing.shop\/index.php?rest_route=%2Fwp%2Fv2%2Fproduct_brand&post=513171"},{"taxonomy":"product_cat","embeddable":true,"href":"https:\/\/power-fishing.shop\/index.php?rest_route=%2Fwp%2Fv2%2Fproduct_cat&post=513171"},{"taxonomy":"product_tag","embeddable":true,"href":"https:\/\/power-fishing.shop\/index.php?rest_route=%2Fwp%2Fv2%2Fproduct_tag&post=513171"}],"curies":[{"name":"wp","href":"https:\/\/api.w.org\/{rel}","templated":true}]}}