{"id":513166,"date":"2026-04-26T11:56:13","date_gmt":"2026-04-26T09:56:13","guid":{"rendered":"https:\/\/power-fishing.shop\/?post_type=product&#038;p=513166"},"modified":"2026-04-26T11:56:14","modified_gmt":"2026-04-26T09:56:14","slug":"insect-pro-baitteig","status":"publish","type":"product","link":"https:\/\/power-fishing.shop\/?product=insect-pro-baitteig","title":{"rendered":"Insect Pro Baitteig"},"content":{"rendered":"<p data-start=\"191\" data-end=\"437\">Unser neuer Baitteig ist die perfekte L\u00f6sung f\u00fcr alle, die am Wasser gezielt maximale Attraktivit\u00e4t erzeugen wollen. Entwickelt f\u00fcr h\u00f6chste Lockwirkung, kombiniert dieser Teig hochwertige Inhaltsstoffe zu einer absolut unwiderstehlichen Mischung.<\/p>\n<p data-start=\"439\" data-end=\"850\">Der hohe Anteil an Insektenbestandteilen, kombiniert mit erstklassigem Fischmehl, l\u00f6slichem Fischprotein und intensivem <strong data-start=\"559\" data-end=\"600\"><span class=\"hover:entity-accent entity-underline inline cursor-pointer align-baseline\"><span class=\"whitespace-normal\">Belachan<\/span><\/span><\/strong>, sorgt f\u00fcr ein extrem starkes, nat\u00fcrliches N\u00e4hrstoffsignal im Wasser. Gerade Belachan bringt durch seine fermentierten Eigenschaften eine zus\u00e4tzliche, aggressive Duftspur, die Karpfen auch unter schwierigen Bedingungen zuverl\u00e4ssig an den Spot zieht.<\/p>\n<p data-start=\"852\" data-end=\"1039\">Erg\u00e4nzt durch feine Mini-Pellets entsteht eine strukturierte, leicht l\u00f6sliche Masse, die sich kontrolliert abbaut und kontinuierlich Lockstoffe freisetzt \u2013 genau dort, wo du sie brauchst.<\/p>\n<p data-start=\"1041\" data-end=\"1271\">Ideal geeignet zum gezielten <strong data-start=\"1070\" data-end=\"1101\">Anf\u00fcttern\u00a0<\/strong> oder zum <strong data-start=\"1111\" data-end=\"1149\">Ummanteln von Blei und Hakenk\u00f6dern &#8211; beim pr\u00e4zisen Ablegen mit dem Boot oder Futterboot<\/strong>, um punktuell einen extremen Futterreiz zu setzen.<\/p>\n<p data-start=\"1273\" data-end=\"1390\">&#x26a0;&#xfe0f; <strong data-start=\"1276\" data-end=\"1288\">Hinweis:<\/strong> Aufgrund seiner weichen, l\u00f6slichen Konsistenz ist dieser Baitteig <strong data-start=\"1355\" data-end=\"1389\">nicht f\u00fcr weite W\u00fcrfe geeignet<\/strong>. Hierf\u00fcr gibts unsere Baitpasten.<\/p>\n<p data-start=\"1392\" data-end=\"1427\"><strong data-start=\"1392\" data-end=\"1427\">Deine Vorteile auf einen Blick:<\/strong><\/p>\n<ul data-start=\"1428\" data-end=\"1739\">\n<li data-section-id=\"wx3t5o\" data-start=\"1428\" data-end=\"1468\">Hoher Anteil an Insekten &amp; Fischmehl<\/li>\n<li data-section-id=\"1vp6g1n\" data-start=\"1469\" data-end=\"1520\">L\u00f6sliches Fischprotein f\u00fcr schnelle Lockwirkung<\/li>\n<li data-section-id=\"1fi5wyz\" data-start=\"1521\" data-end=\"1576\">Mit Belachan f\u00fcr extra intensive Duft- und Lockspur<\/li>\n<li data-section-id=\"t7u2z0\" data-start=\"1577\" data-end=\"1635\">Eingearbeitete Mini-Pellets f\u00fcr zus\u00e4tzliche Reizpunkte<\/li>\n<li data-section-id=\"1dgfw8y\" data-start=\"1636\" data-end=\"1684\">Perfekt zum Ummanteln von Blei &amp; Hakenk\u00f6dern<\/li>\n<li data-section-id=\"1df5yrc\" data-start=\"1685\" data-end=\"1739\">Ideal f\u00fcr punktgenaues Fischen mit Boot\/Futterboot<\/li>\n<\/ul>\n<p data-start=\"1741\" data-end=\"1894\"><strong data-start=\"1741\" data-end=\"1751\">Fazit:<\/strong><br data-start=\"1751\" data-end=\"1754\" \/>Wenn du am Spot maximale Aufmerksamkeit erzeugen willst und auf schnelle Reaktionen setzt, ist dieser Baitteig dein kompromissloser Vorteil.<\/p>\n","protected":false},"excerpt":{"rendered":"<p>Unser neuer Baitteig ist die perfekte L\u00f6sung f\u00fcr alle, die am Wasser gezielt maximale Attraktivit\u00e4t erzeugen wollen. Entwickelt f\u00fcr h\u00f6chste Lockwirkung, kombiniert dieser Teig hochwertige Inhaltsstoffe zu einer absolut unwiderstehlichen Mischung. Der hohe Anteil an Insektenbestandteilen, kombiniert mit erstklassigem Fischmehl, l\u00f6slichem Fischprotein und intensivem Belachan, sorgt f\u00fcr ein extrem starkes, nat\u00fcrliches N\u00e4hrstoffsignal im Wasser. Gerade [&hellip;]<\/p>\n","protected":false},"featured_media":513167,"comment_status":"open","ping_status":"closed","template":"","meta":[],"product_brand":[],"product_cat":[341,342,343,344,416,157,299],"product_tag":[327,500,501,471,496,497,498,499],"class_list":{"0":"post-513166","1":"product","2":"type-product","3":"status-publish","4":"has-post-thumbnail","6":"product_cat-krebs-muschel","7":"product_cat-phase-iv","8":"product_cat-red-hot-secret","9":"product_cat-bloodliver-2-0","10":"product_cat-fishn-feed","11":"product_cat-wallerkoeder","12":"product_cat-baitpasten-boilieteige","13":"product_tag-belachan","14":"product_tag-anfuettern","15":"product_tag-paste","16":"product_tag-fischprotein","17":"product_tag-teig","18":"product_tag-baitteig","19":"product_tag-futterteig","20":"product_tag-insketen","22":"first","23":"instock","24":"taxable","25":"shipping-taxable","26":"purchasable","27":"product-type-simple"},"_links":{"self":[{"href":"https:\/\/power-fishing.shop\/index.php?rest_route=\/wp\/v2\/product\/513166","targetHints":{"allow":["GET"]}}],"collection":[{"href":"https:\/\/power-fishing.shop\/index.php?rest_route=\/wp\/v2\/product"}],"about":[{"href":"https:\/\/power-fishing.shop\/index.php?rest_route=\/wp\/v2\/types\/product"}],"replies":[{"embeddable":true,"href":"https:\/\/power-fishing.shop\/index.php?rest_route=%2Fwp%2Fv2%2Fcomments&post=513166"}],"version-history":[{"count":2,"href":"https:\/\/power-fishing.shop\/index.php?rest_route=\/wp\/v2\/product\/513166\/revisions"}],"predecessor-version":[{"id":513174,"href":"https:\/\/power-fishing.shop\/index.php?rest_route=\/wp\/v2\/product\/513166\/revisions\/513174"}],"wp:featuredmedia":[{"embeddable":true,"href":"https:\/\/power-fishing.shop\/index.php?rest_route=\/wp\/v2\/media\/513167"}],"wp:attachment":[{"href":"https:\/\/power-fishing.shop\/index.php?rest_route=%2Fwp%2Fv2%2Fmedia&parent=513166"}],"wp:term":[{"taxonomy":"product_brand","embeddable":true,"href":"https:\/\/power-fishing.shop\/index.php?rest_route=%2Fwp%2Fv2%2Fproduct_brand&post=513166"},{"taxonomy":"product_cat","embeddable":true,"href":"https:\/\/power-fishing.shop\/index.php?rest_route=%2Fwp%2Fv2%2Fproduct_cat&post=513166"},{"taxonomy":"product_tag","embeddable":true,"href":"https:\/\/power-fishing.shop\/index.php?rest_route=%2Fwp%2Fv2%2Fproduct_tag&post=513166"}],"curies":[{"name":"wp","href":"https:\/\/api.w.org\/{rel}","templated":true}]}}