{"id":513054,"date":"2025-08-15T09:30:18","date_gmt":"2025-08-15T07:30:18","guid":{"rendered":"https:\/\/power-fishing.shop\/?post_type=product&#038;p=513054"},"modified":"2025-08-15T09:38:43","modified_gmt":"2025-08-15T07:38:43","slug":"sweet-insect-methodfeeder-groundbait-1-kg","status":"publish","type":"product","link":"https:\/\/power-fishing.shop\/?product=sweet-insect-methodfeeder-groundbait-1-kg","title":{"rendered":"&#8222;sweet Insect&#8220;  Methodfeeder Groundbait 1 kg"},"content":{"rendered":"<p data-start=\"84\" data-end=\"523\">\u201eSweet Insekt\u201c ist unser hochwertiges Feederfutter f\u00fcr alle Angler, die eine au\u00dfergew\u00f6hnliche Kombination aus S\u00fc\u00dfe und nat\u00fcrlichem Protein suchen. Die Mischung vereint zahlreiche verschiedene Insektenarten mit feinem Hanfmehl, aromatischem Bisu\u00efd und einer angenehm s\u00fc\u00df-cremigen Note. Das Besondere: Der unverwechselbare \u201eTouch\u201c geschroteter Insekten sorgt f\u00fcr eine nat\u00fcrliche, intensive Lockwirkung, der kaum ein Fisch widerstehen kann.<\/p>\n<p data-start=\"525\" data-end=\"878\">Die Rezeptur wurde speziell f\u00fcr das Method Feeder Angeln entwickelt, l\u00e4sst sich aber auch in anderen Futtermethoden optimal einsetzen. Durch die ausgewogene Struktur verteilt sich das Futter schnell am Gew\u00e4ssergrund und bildet eine attraktive Lockwolke, die Karpfen, Brassen und andere Friedfische gezielt an den Futterplatz f\u00fchrt und lange dort h\u00e4lt.<\/p>\n<p data-start=\"880\" data-end=\"895\"><strong data-start=\"880\" data-end=\"893\">Vorteile:<\/strong><\/p>\n<ul data-start=\"896\" data-end=\"1275\">\n<li data-start=\"896\" data-end=\"978\">\n<p data-start=\"898\" data-end=\"978\">Enth\u00e4lt eine <strong>Vielzahl an Insekten<\/strong> f\u00fcr <strong>nat\u00fcrliche Proteine<\/strong> und intensives Aroma<\/p>\n<\/li>\n<li data-start=\"979\" data-end=\"1052\">\n<p data-start=\"981\" data-end=\"1052\">Angereichert mit <strong>Hanfmehl<\/strong> und <strong>Bisu\u00efd<\/strong> f\u00fcr verbesserte N\u00e4hrstoffbalance<\/p>\n<\/li>\n<li data-start=\"1053\" data-end=\"1130\">\n<p data-start=\"1055\" data-end=\"1130\"><strong>S\u00fc\u00df-cremiger<\/strong> Grundcharakter mit dem besonderen Kick geschroteter Insekten<\/p>\n<\/li>\n<li data-start=\"1131\" data-end=\"1204\">\n<p data-start=\"1133\" data-end=\"1204\">Optimale <strong>Bindung<\/strong> und <strong>Aufl\u00f6segeschwindigkeit<\/strong> f\u00fcr Method Feeder Technik<\/p>\n<\/li>\n<li data-start=\"1205\" data-end=\"1275\">\n<p data-start=\"1207\" data-end=\"1275\">Geeignet f\u00fcr <strong>Karpfen<\/strong>, <strong>Brassen<\/strong>, <strong>Schleien<\/strong> und andere <strong>Friedfischarten<\/strong><\/p>\n<\/li>\n<\/ul>\n<p data-start=\"1277\" data-end=\"1411\" data-is-last-node=\"\" data-is-only-node=\"\">\u201eSweet Insekt\u201c \u2013 die perfekte Kombination aus s\u00fc\u00dfer Verf\u00fchrung und nat\u00fcrlicher Proteinpower f\u00fcr mehr Bisse und bessere Fangergebnisse.<\/p>\n<p>Verpackt im 1 kg Standbodenbeutel aus Kraftpapier mit praktischem Druckverschluss ZIP<\/p>\n","protected":false},"excerpt":{"rendered":"<p>\u201eSweet Insekt\u201c ist unser hochwertiges Feederfutter f\u00fcr alle Angler, die eine au\u00dfergew\u00f6hnliche Kombination aus S\u00fc\u00dfe und nat\u00fcrlichem Protein suchen. Die Mischung vereint zahlreiche verschiedene Insektenarten mit feinem Hanfmehl, aromatischem Bisu\u00efd und einer angenehm s\u00fc\u00df-cremigen Note. Das Besondere: Der unverwechselbare \u201eTouch\u201c geschroteter Insekten sorgt f\u00fcr eine nat\u00fcrliche, intensive Lockwirkung, der kaum ein Fisch widerstehen kann. Die [&hellip;]<\/p>\n","protected":false},"featured_media":513056,"comment_status":"open","ping_status":"closed","template":"","meta":[],"product_brand":[],"product_cat":[30,390],"product_tag":[415,483,85,393,397,409,411,412,413],"class_list":{"0":"post-513054","1":"product","2":"type-product","3":"status-publish","4":"has-post-thumbnail","6":"product_cat-groundbait-stickmix","7":"product_cat-method-groundbaits","8":"product_tag-fischig","9":"product_tag-sweet-insekt","10":"product_tag-groundbait","11":"product_tag-feeder","12":"product_tag-method-feeder","13":"product_tag-hanf","14":"product_tag-lockfutter","15":"product_tag-insekten","16":"product_tag-pellets-grunfutter","18":"first","19":"instock","20":"taxable","21":"shipping-taxable","22":"purchasable","23":"product-type-simple"},"_links":{"self":[{"href":"https:\/\/power-fishing.shop\/index.php?rest_route=\/wp\/v2\/product\/513054","targetHints":{"allow":["GET"]}}],"collection":[{"href":"https:\/\/power-fishing.shop\/index.php?rest_route=\/wp\/v2\/product"}],"about":[{"href":"https:\/\/power-fishing.shop\/index.php?rest_route=\/wp\/v2\/types\/product"}],"replies":[{"embeddable":true,"href":"https:\/\/power-fishing.shop\/index.php?rest_route=%2Fwp%2Fv2%2Fcomments&post=513054"}],"version-history":[{"count":3,"href":"https:\/\/power-fishing.shop\/index.php?rest_route=\/wp\/v2\/product\/513054\/revisions"}],"predecessor-version":[{"id":513058,"href":"https:\/\/power-fishing.shop\/index.php?rest_route=\/wp\/v2\/product\/513054\/revisions\/513058"}],"wp:featuredmedia":[{"embeddable":true,"href":"https:\/\/power-fishing.shop\/index.php?rest_route=\/wp\/v2\/media\/513056"}],"wp:attachment":[{"href":"https:\/\/power-fishing.shop\/index.php?rest_route=%2Fwp%2Fv2%2Fmedia&parent=513054"}],"wp:term":[{"taxonomy":"product_brand","embeddable":true,"href":"https:\/\/power-fishing.shop\/index.php?rest_route=%2Fwp%2Fv2%2Fproduct_brand&post=513054"},{"taxonomy":"product_cat","embeddable":true,"href":"https:\/\/power-fishing.shop\/index.php?rest_route=%2Fwp%2Fv2%2Fproduct_cat&post=513054"},{"taxonomy":"product_tag","embeddable":true,"href":"https:\/\/power-fishing.shop\/index.php?rest_route=%2Fwp%2Fv2%2Fproduct_tag&post=513054"}],"curies":[{"name":"wp","href":"https:\/\/api.w.org\/{rel}","templated":true}]}}