{"id":513038,"date":"2025-08-06T12:07:27","date_gmt":"2025-08-06T10:07:27","guid":{"rendered":"https:\/\/power-fishing.shop\/?post_type=product&#038;p=513038"},"modified":"2025-08-07T11:33:17","modified_gmt":"2025-08-07T09:33:17","slug":"8-mm-feederpopups-butter","status":"publish","type":"product","link":"https:\/\/power-fishing.shop\/?product=8-mm-feederpopups-butter","title":{"rendered":"8 mm Feederpopups Butter"},"content":{"rendered":"<p>Unsere <strong>Feeder-Boilies Pop-Ups<\/strong> sind die ideale Wahl f\u00fcr Angler, die nach einer vielseitigen und individuell anpassbaren L\u00f6sung suchen. Diese Pop-Ups zeichnen sich durch ihre <strong>UV-aktiven Farben<\/strong> aus, die f\u00fcr maximale Sichtbarkeit im Wasser sorgen und so auch scheue Fische anlocken. Dank ihrer <strong>cremigen Butter-Basis<\/strong> k\u00f6nnen sie mit unseren speziell entwickelten Feeder-Boostern in der gew\u00fcnschten Geschmacksrichtung veredelt werden \u2013 f\u00fcr das perfekte Aroma in jeder Angelsituation.<\/p>\n<p><strong>Produkteigenschaften:<\/strong><\/p>\n<ul>\n<li>Auftriebstarke Pop-Ups f\u00fcr optimale Pr\u00e4sentation \u00fcber dem Grund<\/li>\n<li>UV-aktive Farben f\u00fcr erh\u00f6hte Sichtbarkeit und Anziehungskraft<\/li>\n<li>Dank der leichten Butternote ideal zum alleine Fischen und individuell veredelbar mit unseren Boostern<\/li>\n<li>Perfekt geeignet f\u00fcr verschiedene Gew\u00e4sser und Fischarten<\/li>\n<\/ul>\n<p>Verleihen Sie Ihrer Angelei eine pers\u00f6nliche Note und heben Sie Ihre Fangchancen auf ein neues Niveau mit diesen innovativen, flexibel einsetzbaren Feeder-Boilies Pop-Ups!<\/p>\n<p>&nbsp;<\/p>\n<p>Inhalt: 30 gr<\/p>\n<p>Gr\u00f6\u00dfe: 8 mm<br \/>\nFarbe: washedout Gelb\/Pink<br \/>\nGeschmack: cremige Butter<\/p>\n","protected":false},"excerpt":{"rendered":"<p>Unsere Feeder-Boilies Pop-Ups sind die ideale Wahl f\u00fcr Angler, die nach einer vielseitigen und individuell anpassbaren L\u00f6sung suchen. Diese Pop-Ups zeichnen sich durch ihre UV-aktiven Farben aus, die f\u00fcr maximale Sichtbarkeit im Wasser sorgen und so auch scheue Fische anlocken. Dank ihrer cremigen Butter-Basis k\u00f6nnen sie mit unseren speziell entwickelten Feeder-Boostern in der gew\u00fcnschten Geschmacksrichtung [&hellip;]<\/p>\n","protected":false},"featured_media":513040,"comment_status":"open","ping_status":"closed","template":"","meta":[],"product_brand":[],"product_cat":[391],"product_tag":[425,426,459,460,461,462,33,463,94,393,397],"class_list":{"0":"post-513038","1":"product","2":"type-product","3":"status-publish","4":"has-post-thumbnail","6":"product_cat-feeder-boilies","7":"product_tag-feeder-boilies","8":"product_tag-feederpopus","9":"product_tag-feederpopup","10":"product_tag-mikro-popup","11":"product_tag-micro-popup","12":"product_tag-mikro","13":"product_tag-boilies","14":"product_tag-micro","15":"product_tag-popups","16":"product_tag-feeder","17":"product_tag-method-feeder","19":"first","20":"instock","21":"taxable","22":"shipping-taxable","23":"purchasable","24":"product-type-simple"},"_links":{"self":[{"href":"https:\/\/power-fishing.shop\/index.php?rest_route=\/wp\/v2\/product\/513038","targetHints":{"allow":["GET"]}}],"collection":[{"href":"https:\/\/power-fishing.shop\/index.php?rest_route=\/wp\/v2\/product"}],"about":[{"href":"https:\/\/power-fishing.shop\/index.php?rest_route=\/wp\/v2\/types\/product"}],"replies":[{"embeddable":true,"href":"https:\/\/power-fishing.shop\/index.php?rest_route=%2Fwp%2Fv2%2Fcomments&post=513038"}],"version-history":[{"count":2,"href":"https:\/\/power-fishing.shop\/index.php?rest_route=\/wp\/v2\/product\/513038\/revisions"}],"predecessor-version":[{"id":513041,"href":"https:\/\/power-fishing.shop\/index.php?rest_route=\/wp\/v2\/product\/513038\/revisions\/513041"}],"wp:featuredmedia":[{"embeddable":true,"href":"https:\/\/power-fishing.shop\/index.php?rest_route=\/wp\/v2\/media\/513040"}],"wp:attachment":[{"href":"https:\/\/power-fishing.shop\/index.php?rest_route=%2Fwp%2Fv2%2Fmedia&parent=513038"}],"wp:term":[{"taxonomy":"product_brand","embeddable":true,"href":"https:\/\/power-fishing.shop\/index.php?rest_route=%2Fwp%2Fv2%2Fproduct_brand&post=513038"},{"taxonomy":"product_cat","embeddable":true,"href":"https:\/\/power-fishing.shop\/index.php?rest_route=%2Fwp%2Fv2%2Fproduct_cat&post=513038"},{"taxonomy":"product_tag","embeddable":true,"href":"https:\/\/power-fishing.shop\/index.php?rest_route=%2Fwp%2Fv2%2Fproduct_tag&post=513038"}],"curies":[{"name":"wp","href":"https:\/\/api.w.org\/{rel}","templated":true}]}}