{"id":513022,"date":"2025-08-20T11:57:24","date_gmt":"2025-08-20T09:57:24","guid":{"rendered":"https:\/\/power-fishing.shop\/?post_type=product&#038;p=513022"},"modified":"2025-09-18T14:28:01","modified_gmt":"2025-09-18T12:28:01","slug":"fluo-popup-yellow-pineapple","status":"publish","type":"product","link":"https:\/\/power-fishing.shop\/?product=fluo-popup-yellow-pineapple","title":{"rendered":"Fluo Popup Yellow Pineapple"},"content":{"rendered":"<p data-start=\"60\" data-end=\"204\">Unsere <strong data-start=\"67\" data-end=\"96\">\u201eFluo Washed-Out\u201c Pop-Ups<\/strong> vereinen maximale Attraktivit\u00e4t mit durchdachter Funktionalit\u00e4t \u2013 perfekt f\u00fcr anspruchsvolle Karpfenangler!<\/p>\n<p data-start=\"206\" data-end=\"451\">Diese Pop-Ups bieten <strong data-start=\"227\" data-end=\"265\">extrem langen und starken Auftrieb<\/strong>, selbst bei kleineren Durchmessern. Ideal f\u00fcr Chod-Rigs, Spinner-Rigs oder Snowman-Pr\u00e4sentationen \u2013 sie bleiben tagelang \u00fcber Grund schwebend und verlieren dabei kaum an Auftriebskraft.<\/p>\n<p data-start=\"453\" data-end=\"697\">Die <strong data-start=\"457\" data-end=\"497\">UV-aktiven Farben im Washed-Out-Look<\/strong> sorgen f\u00fcr einen dezenten, aber hochsichtbaren Reiz \u2013 unter Wasser erzeugen sie eine auff\u00e4llige Leuchtkraft, ohne misstrauisch zu wirken. Perfekt f\u00fcr stark befischte Gew\u00e4sser oder vorsichtige Fische.<\/p>\n<p data-start=\"699\" data-end=\"752\">Verfeinert mit einem hochattraktiven Additiv-Mix aus:<\/p>\n<ul data-start=\"753\" data-end=\"1006\">\n<li data-start=\"753\" data-end=\"810\">\n<p data-start=\"755\" data-end=\"810\"><strong data-start=\"755\" data-end=\"765\">Betain<\/strong> \u2013 ein bew\u00e4hrter nat\u00fcrlicher Appetitanreger<\/p>\n<\/li>\n<li data-start=\"811\" data-end=\"905\">\n<p data-start=\"813\" data-end=\"905\"><strong data-start=\"813\" data-end=\"828\">Butters\u00e4ure<\/strong> \u2013 kr\u00e4ftiger, durchdringender Lockstoff, der auch auf gro\u00dfe Distanzen wirkt<\/p>\n<\/li>\n<li data-start=\"906\" data-end=\"1006\">\n<p data-start=\"908\" data-end=\"1006\"><strong data-start=\"908\" data-end=\"927\">Seetner-Extrakt<\/strong> \u2013 eine spezielle Zutat mit hoher Lockwirkung, insbesondere bei scheuen Fischen<\/p>\n<\/li>\n<\/ul>\n<p>Verpackung: Dose a 50 gr<\/p>\n<p>Gr\u00f6\u00dfe: gemischt, 14 mm Dumbell, 14 mm rund, 17 mm Dumbell<\/p>\n<p>Farbe: washedout Gelb<\/p>\n<p>Flavour: Banane<\/p>\n<p>&nbsp;<\/p>\n","protected":false},"excerpt":{"rendered":"<p>Unsere \u201eFluo Washed-Out\u201c Pop-Ups vereinen maximale Attraktivit\u00e4t mit durchdachter Funktionalit\u00e4t \u2013 perfekt f\u00fcr anspruchsvolle Karpfenangler! Diese Pop-Ups bieten extrem langen und starken Auftrieb, selbst bei kleineren Durchmessern. Ideal f\u00fcr Chod-Rigs, Spinner-Rigs oder Snowman-Pr\u00e4sentationen \u2013 sie bleiben tagelang \u00fcber Grund schwebend und verlieren dabei kaum an Auftriebskraft. Die UV-aktiven Farben im Washed-Out-Look sorgen f\u00fcr einen dezenten, [&hellip;]<\/p>\n","protected":false},"featured_media":513077,"comment_status":"open","ping_status":"closed","template":"","meta":[],"product_brand":[],"product_cat":[32],"product_tag":[],"class_list":{"0":"post-513022","1":"product","2":"type-product","3":"status-publish","4":"has-post-thumbnail","6":"product_cat-boilies-hookbaits","8":"first","9":"instock","10":"taxable","11":"shipping-taxable","12":"purchasable","13":"product-type-simple"},"_links":{"self":[{"href":"https:\/\/power-fishing.shop\/index.php?rest_route=\/wp\/v2\/product\/513022","targetHints":{"allow":["GET"]}}],"collection":[{"href":"https:\/\/power-fishing.shop\/index.php?rest_route=\/wp\/v2\/product"}],"about":[{"href":"https:\/\/power-fishing.shop\/index.php?rest_route=\/wp\/v2\/types\/product"}],"replies":[{"embeddable":true,"href":"https:\/\/power-fishing.shop\/index.php?rest_route=%2Fwp%2Fv2%2Fcomments&post=513022"}],"version-history":[{"count":5,"href":"https:\/\/power-fishing.shop\/index.php?rest_route=\/wp\/v2\/product\/513022\/revisions"}],"predecessor-version":[{"id":513082,"href":"https:\/\/power-fishing.shop\/index.php?rest_route=\/wp\/v2\/product\/513022\/revisions\/513082"}],"wp:featuredmedia":[{"embeddable":true,"href":"https:\/\/power-fishing.shop\/index.php?rest_route=\/wp\/v2\/media\/513077"}],"wp:attachment":[{"href":"https:\/\/power-fishing.shop\/index.php?rest_route=%2Fwp%2Fv2%2Fmedia&parent=513022"}],"wp:term":[{"taxonomy":"product_brand","embeddable":true,"href":"https:\/\/power-fishing.shop\/index.php?rest_route=%2Fwp%2Fv2%2Fproduct_brand&post=513022"},{"taxonomy":"product_cat","embeddable":true,"href":"https:\/\/power-fishing.shop\/index.php?rest_route=%2Fwp%2Fv2%2Fproduct_cat&post=513022"},{"taxonomy":"product_tag","embeddable":true,"href":"https:\/\/power-fishing.shop\/index.php?rest_route=%2Fwp%2Fv2%2Fproduct_tag&post=513022"}],"curies":[{"name":"wp","href":"https:\/\/api.w.org\/{rel}","templated":true}]}}