{"id":513009,"date":"2025-08-20T11:47:58","date_gmt":"2025-08-20T09:47:58","guid":{"rendered":"https:\/\/power-fishing.shop\/?post_type=product&#038;p=513009"},"modified":"2025-08-24T16:36:40","modified_gmt":"2025-08-24T14:36:40","slug":"hardn-glow-phase-iv","status":"publish","type":"product","link":"https:\/\/power-fishing.shop\/?product=hardn-glow-phase-iv","title":{"rendered":"hard\u00b4n glow phase IV"},"content":{"rendered":"<p>Unser neuer Hakenk\u00f6der, basierend auf dem extra harten hard\u00b4n hook und einem Topping von ca. 30% bestehend aus Fluopopupmix im leichten washedout Look.<\/p>\n<p>Der Hakenk\u00f6der hat einen leichten Auftrieb, so da\u00df er am D-Rig- oder mit flexiblem Haar leicht \u00fcber dem Boden schwebt. Gewicht und Auftrieb k\u00f6nnen jederzeit nach Wunsch mit einem Messer angepa\u00dft werden, in dem man einfach ein wenig der entsprechende Seit abschneidet.<\/p>\n<p>Verpackung: Dose a 80 gr<\/p>\n<p>Gr\u00f6\u00dfe: 17 und 21 mm<\/p>\n<p>Farbe des Toppings: washedout Pink<\/p>\n","protected":false},"excerpt":{"rendered":"<p>Unser neuer Hakenk\u00f6der, basierend auf dem extra harten hard\u00b4n hook und einem Topping von ca. 30% bestehend aus Fluopopupmix im leichten washedout Look. Der Hakenk\u00f6der hat einen leichten Auftrieb, so da\u00df er am D-Rig- oder mit flexiblem Haar leicht \u00fcber dem Boden schwebt. Gewicht und Auftrieb k\u00f6nnen jederzeit nach Wunsch mit einem Messer angepa\u00dft werden, [&hellip;]<\/p>\n","protected":false},"featured_media":513080,"comment_status":"open","ping_status":"closed","template":"","meta":[],"product_brand":[],"product_cat":[342,32],"product_tag":[378,482,84,93],"class_list":{"0":"post-513009","1":"product","2":"type-product","3":"status-publish","4":"has-post-thumbnail","6":"product_cat-phase-iv","7":"product_cat-boilies-hookbaits","8":"product_tag-hardnhook","9":"product_tag-hardn-hook","10":"product_tag-hakenkoeder","11":"product_tag-popup","12":"pa_groesse-17-mm","13":"pa_groesse-21-mm","15":"first","16":"instock","17":"taxable","18":"shipping-taxable","19":"purchasable","20":"product-type-variable"},"_links":{"self":[{"href":"https:\/\/power-fishing.shop\/index.php?rest_route=\/wp\/v2\/product\/513009","targetHints":{"allow":["GET"]}}],"collection":[{"href":"https:\/\/power-fishing.shop\/index.php?rest_route=\/wp\/v2\/product"}],"about":[{"href":"https:\/\/power-fishing.shop\/index.php?rest_route=\/wp\/v2\/types\/product"}],"replies":[{"embeddable":true,"href":"https:\/\/power-fishing.shop\/index.php?rest_route=%2Fwp%2Fv2%2Fcomments&post=513009"}],"version-history":[{"count":2,"href":"https:\/\/power-fishing.shop\/index.php?rest_route=\/wp\/v2\/product\/513009\/revisions"}],"predecessor-version":[{"id":513013,"href":"https:\/\/power-fishing.shop\/index.php?rest_route=\/wp\/v2\/product\/513009\/revisions\/513013"}],"wp:featuredmedia":[{"embeddable":true,"href":"https:\/\/power-fishing.shop\/index.php?rest_route=\/wp\/v2\/media\/513080"}],"wp:attachment":[{"href":"https:\/\/power-fishing.shop\/index.php?rest_route=%2Fwp%2Fv2%2Fmedia&parent=513009"}],"wp:term":[{"taxonomy":"product_brand","embeddable":true,"href":"https:\/\/power-fishing.shop\/index.php?rest_route=%2Fwp%2Fv2%2Fproduct_brand&post=513009"},{"taxonomy":"product_cat","embeddable":true,"href":"https:\/\/power-fishing.shop\/index.php?rest_route=%2Fwp%2Fv2%2Fproduct_cat&post=513009"},{"taxonomy":"product_tag","embeddable":true,"href":"https:\/\/power-fishing.shop\/index.php?rest_route=%2Fwp%2Fv2%2Fproduct_tag&post=513009"}],"curies":[{"name":"wp","href":"https:\/\/api.w.org\/{rel}","templated":true}]}}