{"id":512863,"date":"2025-03-13T14:07:17","date_gmt":"2025-03-13T13:07:17","guid":{"rendered":"https:\/\/power-fishing.shop\/?post_type=product&#038;p=512863"},"modified":"2025-04-02T13:35:20","modified_gmt":"2025-04-02T11:35:20","slug":"butter-glow-uv-50-ml","status":"publish","type":"product","link":"https:\/\/power-fishing.shop\/?product=butter-glow-uv-50-ml","title":{"rendered":"Butter Glow UV 50 ml"},"content":{"rendered":"<p><strong>UV Liquid \u2013 Langsam Sinkend<\/strong><\/p>\n<p>Unser <strong>UV Liquid<\/strong> ist die perfekte Erg\u00e4nzung f\u00fcr dein Angelsetup! Die langsam sinkende Formel sorgt daf\u00fcr, dass sich das Lockmittel ideal im Wasser verteilt und deine K\u00f6der noch attraktiver macht.<\/p>\n<p>&#x1f4a1; <strong>Besondere Eigenschaften:<\/strong><br \/>\n&#x2714; <strong>UV-aktiv<\/strong> \u2013 Erh\u00f6ht die Sichtbarkeit deines K\u00f6ders unter Wasser<br \/>\n&#x2714; <strong>Langsam sinkend<\/strong> \u2013 Optimale Verteilung f\u00fcr maximale Lockwirkung<br \/>\n&#x2714; <strong>Vielseitig einsetzbar<\/strong> \u2013 Perfekt zum Verfeinern von Futter und Hakenk\u00f6dern<br \/>\n&#x2714; <strong>Intensive Aromen<\/strong> \u2013 Verst\u00e4rkt die Attraktivit\u00e4t f\u00fcr Fische<br \/>\n&#x2714; <strong>Extrem sparsam<\/strong>\u2013 schon wenig Tropen reichen aus um einen minuntenlangen Effekt zu erzielen<\/p>\n<p>Egal ob f\u00fcr Boilies, Pellets oder Grundfutter \u2013 das <strong>UV Liquid<\/strong> sorgt f\u00fcr eine unwiderstehliche Lockwirkung und steigert deine Fangchancen!<\/p>\n<p>&nbsp;<\/p>\n<p><iframe title=\"UV-Liquid Booster &quot;Butter Glow&quot;   #boilies #experiment #carpfishing\" width=\"980\" height=\"551\" src=\"https:\/\/www.youtube.com\/embed\/VSxmpLK__o4?feature=oembed\" frameborder=\"0\" allow=\"accelerometer; autoplay; clipboard-write; encrypted-media; gyroscope; picture-in-picture; web-share\" referrerpolicy=\"strict-origin-when-cross-origin\" allowfullscreen><\/iframe><\/p>\n","protected":false},"excerpt":{"rendered":"<p>UV Liquid \u2013 Langsam Sinkend Unser UV Liquid ist die perfekte Erg\u00e4nzung f\u00fcr dein Angelsetup! Die langsam sinkende Formel sorgt daf\u00fcr, dass sich das Lockmittel ideal im Wasser verteilt und deine K\u00f6der noch attraktiver macht. &#x1f4a1; Besondere Eigenschaften: &#x2714; UV-aktiv \u2013 Erh\u00f6ht die Sichtbarkeit deines K\u00f6ders unter Wasser &#x2714; Langsam sinkend \u2013 Optimale Verteilung f\u00fcr [&hellip;]<\/p>\n","protected":false},"featured_media":512864,"comment_status":"open","ping_status":"closed","template":"","meta":[],"product_brand":[],"product_cat":[392],"product_tag":[],"class_list":{"0":"post-512863","1":"product","2":"type-product","3":"status-publish","4":"has-post-thumbnail","6":"product_cat-booster-und-sprays","8":"first","9":"instock","10":"taxable","11":"shipping-taxable","12":"purchasable","13":"product-type-simple"},"_links":{"self":[{"href":"https:\/\/power-fishing.shop\/index.php?rest_route=\/wp\/v2\/product\/512863","targetHints":{"allow":["GET"]}}],"collection":[{"href":"https:\/\/power-fishing.shop\/index.php?rest_route=\/wp\/v2\/product"}],"about":[{"href":"https:\/\/power-fishing.shop\/index.php?rest_route=\/wp\/v2\/types\/product"}],"replies":[{"embeddable":true,"href":"https:\/\/power-fishing.shop\/index.php?rest_route=%2Fwp%2Fv2%2Fcomments&post=512863"}],"version-history":[{"count":4,"href":"https:\/\/power-fishing.shop\/index.php?rest_route=\/wp\/v2\/product\/512863\/revisions"}],"predecessor-version":[{"id":512868,"href":"https:\/\/power-fishing.shop\/index.php?rest_route=\/wp\/v2\/product\/512863\/revisions\/512868"}],"wp:featuredmedia":[{"embeddable":true,"href":"https:\/\/power-fishing.shop\/index.php?rest_route=\/wp\/v2\/media\/512864"}],"wp:attachment":[{"href":"https:\/\/power-fishing.shop\/index.php?rest_route=%2Fwp%2Fv2%2Fmedia&parent=512863"}],"wp:term":[{"taxonomy":"product_brand","embeddable":true,"href":"https:\/\/power-fishing.shop\/index.php?rest_route=%2Fwp%2Fv2%2Fproduct_brand&post=512863"},{"taxonomy":"product_cat","embeddable":true,"href":"https:\/\/power-fishing.shop\/index.php?rest_route=%2Fwp%2Fv2%2Fproduct_cat&post=512863"},{"taxonomy":"product_tag","embeddable":true,"href":"https:\/\/power-fishing.shop\/index.php?rest_route=%2Fwp%2Fv2%2Fproduct_tag&post=512863"}],"curies":[{"name":"wp","href":"https:\/\/api.w.org\/{rel}","templated":true}]}}