{"id":512760,"date":"2024-11-12T12:10:11","date_gmt":"2024-11-12T11:10:11","guid":{"rendered":"https:\/\/power-fishing.shop\/?post_type=product&#038;p=512760"},"modified":"2024-11-12T14:37:11","modified_gmt":"2024-11-12T13:37:11","slug":"amino-pro-pellets-belachan-und-fischprotein-500-gr","status":"publish","type":"product","link":"https:\/\/power-fishing.shop\/?product=amino-pro-pellets-belachan-und-fischprotein-500-gr","title":{"rendered":"Amino PRO+ Pellets Belachan und Fischprotein 500 gr"},"content":{"rendered":"<p>Entdecken Sie unsere hochwertigen Method Feeder Amino PRO+ Pellets (Belachan und Fischprotein), das gezielt f\u00fcr maximale Anziehungskraft auf Friedfische entwickelt wurde! Diese Premium-Pellets sind angereichert mit Belachan (fermentierte Garnelenpaste) und reinem Fischprotein, die eine starke Aroma- und N\u00e4hrstoffquelle bieten. Diese Kombination sorgt daf\u00fcr, dass Fische unwiderstehlich angelockt werden und l\u00e4nger am Futterplatz bleiben.<\/p>\n<p>Unsere Amino PRO+ Pellets l\u00f6sen sich optimal im Wasser und entfalten dabei eine intensive Futterwolke, die die Fische schnell anzieht. Belachan und Fischprotein verleihen den Pellets eine nat\u00fcrliche Note und eine besonders starke Lockwirkung \u2013 ideal f\u00fcr kapitale Karpfen, Schleien und Brassen. Die Pellets sind f\u00fcr die Method Feeder Technik ausgelegt, eignen sich jedoch auch f\u00fcr andere Futterstrategien.<\/p>\n<p>Pur wenn es den extra Kick f\u00fcr euer Futter braucht. Auch perfekt geeignet um Euer Grundfutter oder eure Pellets damit anzureichnern und so noch attraktiver zu machen.<\/p>\n<p>Vorteile:<\/p>\n<p>\u2022 Hergestellt aus hochwertigen Amino Pellets<br \/>\n\u2022 Angereichert mit Belachan und Fischprotein f\u00fcr intensives Aroma und hohe Attraktivit\u00e4t<br \/>\n\u2022 Schnelles Aufl\u00f6sen und gleichm\u00e4\u00dfige N\u00e4hrstofffreigabe im Wasser<br \/>\n\u2022 Geeignet f\u00fcr Method Feeder Angeln und diverse Gew\u00e4ssertypen<br \/>\nMit unseren angereicherten Amino Pellets setzen Sie auf eine Erfolgsformel, die Ihre Fangchancen deutlich steigert. \u00dcberzeugen Sie sich selbst und erleben Sie die au\u00dfergew\u00f6hnliche Anziehungskraft dieses Method Feeder Futters!<\/p>\n<p>&nbsp;<\/p>\n<p>Gr\u00f6\u00dfe: 2\u00a0 mm<\/p>\n<p>Verpackt im umweltfreundlichen 0,5 kg Standbodenbeutel aus Kraftpapier mit praktischem Druckverschluss ZIP<\/p>\n","protected":false},"excerpt":{"rendered":"<p>Entdecken Sie unsere hochwertigen Method Feeder Amino PRO+ Pellets (Belachan und Fischprotein), das gezielt f\u00fcr maximale Anziehungskraft auf Friedfische entwickelt wurde! Diese Premium-Pellets sind angereichert mit Belachan (fermentierte Garnelenpaste) und reinem Fischprotein, die eine starke Aroma- und N\u00e4hrstoffquelle bieten. Diese Kombination sorgt daf\u00fcr, dass Fische unwiderstehlich angelockt werden und l\u00e4nger am Futterplatz bleiben. Unsere Amino [&hellip;]<\/p>\n","protected":false},"featured_media":512793,"comment_status":"open","ping_status":"closed","template":"","meta":[],"product_brand":[],"product_cat":[30,424],"product_tag":[414,415,85,327,393,397,427,409,428,410,411,412,413],"class_list":{"0":"post-512760","1":"product","2":"type-product","3":"status-publish","4":"has-post-thumbnail","6":"product_cat-groundbait-stickmix","7":"product_cat-feeder-pellets","8":"product_tag-devil","9":"product_tag-fischig","10":"product_tag-groundbait","11":"product_tag-belachan","12":"product_tag-feeder","13":"product_tag-method-feeder","14":"product_tag-protein","15":"product_tag-hanf","16":"product_tag-fischprtein","17":"product_tag-grundfutter","18":"product_tag-lockfutter","19":"product_tag-insekten","20":"product_tag-pellets-grunfutter","21":"pa_groesse-2-mm","22":"pa_groesse-3-mm","24":"first","25":"instock","26":"taxable","27":"shipping-taxable","28":"purchasable","29":"product-type-simple"},"_links":{"self":[{"href":"https:\/\/power-fishing.shop\/index.php?rest_route=\/wp\/v2\/product\/512760","targetHints":{"allow":["GET"]}}],"collection":[{"href":"https:\/\/power-fishing.shop\/index.php?rest_route=\/wp\/v2\/product"}],"about":[{"href":"https:\/\/power-fishing.shop\/index.php?rest_route=\/wp\/v2\/types\/product"}],"replies":[{"embeddable":true,"href":"https:\/\/power-fishing.shop\/index.php?rest_route=%2Fwp%2Fv2%2Fcomments&post=512760"}],"version-history":[{"count":5,"href":"https:\/\/power-fishing.shop\/index.php?rest_route=\/wp\/v2\/product\/512760\/revisions"}],"predecessor-version":[{"id":512792,"href":"https:\/\/power-fishing.shop\/index.php?rest_route=\/wp\/v2\/product\/512760\/revisions\/512792"}],"wp:featuredmedia":[{"embeddable":true,"href":"https:\/\/power-fishing.shop\/index.php?rest_route=\/wp\/v2\/media\/512793"}],"wp:attachment":[{"href":"https:\/\/power-fishing.shop\/index.php?rest_route=%2Fwp%2Fv2%2Fmedia&parent=512760"}],"wp:term":[{"taxonomy":"product_brand","embeddable":true,"href":"https:\/\/power-fishing.shop\/index.php?rest_route=%2Fwp%2Fv2%2Fproduct_brand&post=512760"},{"taxonomy":"product_cat","embeddable":true,"href":"https:\/\/power-fishing.shop\/index.php?rest_route=%2Fwp%2Fv2%2Fproduct_cat&post=512760"},{"taxonomy":"product_tag","embeddable":true,"href":"https:\/\/power-fishing.shop\/index.php?rest_route=%2Fwp%2Fv2%2Fproduct_tag&post=512760"}],"curies":[{"name":"wp","href":"https:\/\/api.w.org\/{rel}","templated":true}]}}