{"id":512704,"date":"2024-09-29T18:02:32","date_gmt":"2024-09-29T16:02:32","guid":{"rendered":"https:\/\/power-fishing.shop\/?post_type=product&#038;p=512704"},"modified":"2024-12-14T21:15:32","modified_gmt":"2024-12-14T20:15:32","slug":"mikado-haken-sensual-x-tra-strong-carp-nr-12-db","status":"publish","type":"product","link":"https:\/\/power-fishing.shop\/?product=mikado-haken-sensual-x-tra-strong-carp-nr-12-db","title":{"rendered":"Mikado Haken Sensual X-Tra Strong Carp Nr. 12 Db."},"content":{"rendered":"<p>Extrem leistungsstarker, geschmiedeter Haken, ausgelegt f\u00fcr das Angeln mit kleinen Haken auf die gr\u00f6\u00dften Karpfen. Spezielle Form, besonders zum Angeln mit Partikelk\u00f6dern geeignet. Kleiner Widerhaken f\u00fcr weniger Fehlbisse und schonendes \u201eAbhaken\u201d des Fisches. Oberfl\u00e4chenbeschichtung in matt-schwarz, zur Vermeidung von Lichtreflexen.<\/p>\n<p>Gr\u00f6\u00dfe:12<\/p>\n<p>Inhalt: 10<\/p>\n","protected":false},"excerpt":{"rendered":"<p>Extrem leistungsstarker, geschmiedeter Haken, ausgelegt f\u00fcr das Angeln mit kleinen Haken auf die gr\u00f6\u00dften Karpfen. Spezielle Form, besonders zum Angeln mit Partikelk\u00f6dern geeignet. Kleiner Widerhaken f\u00fcr weniger Fehlbisse und schonendes \u201eAbhaken\u201d des Fisches. Oberfl\u00e4chenbeschichtung in matt-schwarz, zur Vermeidung von Lichtreflexen. Gr\u00f6\u00dfe:12 Inhalt: 10<\/p>\n","protected":false},"featured_media":512708,"comment_status":"open","ping_status":"closed","template":"","meta":[],"product_brand":[],"product_cat":[389],"product_tag":[170,172,403,406],"class_list":{"0":"post-512704","1":"product","2":"type-product","3":"status-publish","4":"has-post-thumbnail","6":"product_cat-haken-und-rigs","7":"product_tag-haken","8":"product_tag-mikado","9":"product_tag-feederhaken","10":"product_tag-x-tra-strong-carp","12":"first","13":"instock","14":"taxable","15":"shipping-taxable","16":"purchasable","17":"product-type-simple"},"_links":{"self":[{"href":"https:\/\/power-fishing.shop\/index.php?rest_route=\/wp\/v2\/product\/512704","targetHints":{"allow":["GET"]}}],"collection":[{"href":"https:\/\/power-fishing.shop\/index.php?rest_route=\/wp\/v2\/product"}],"about":[{"href":"https:\/\/power-fishing.shop\/index.php?rest_route=\/wp\/v2\/types\/product"}],"replies":[{"embeddable":true,"href":"https:\/\/power-fishing.shop\/index.php?rest_route=%2Fwp%2Fv2%2Fcomments&post=512704"}],"version-history":[{"count":2,"href":"https:\/\/power-fishing.shop\/index.php?rest_route=\/wp\/v2\/product\/512704\/revisions"}],"predecessor-version":[{"id":512706,"href":"https:\/\/power-fishing.shop\/index.php?rest_route=\/wp\/v2\/product\/512704\/revisions\/512706"}],"wp:featuredmedia":[{"embeddable":true,"href":"https:\/\/power-fishing.shop\/index.php?rest_route=\/wp\/v2\/media\/512708"}],"wp:attachment":[{"href":"https:\/\/power-fishing.shop\/index.php?rest_route=%2Fwp%2Fv2%2Fmedia&parent=512704"}],"wp:term":[{"taxonomy":"product_brand","embeddable":true,"href":"https:\/\/power-fishing.shop\/index.php?rest_route=%2Fwp%2Fv2%2Fproduct_brand&post=512704"},{"taxonomy":"product_cat","embeddable":true,"href":"https:\/\/power-fishing.shop\/index.php?rest_route=%2Fwp%2Fv2%2Fproduct_cat&post=512704"},{"taxonomy":"product_tag","embeddable":true,"href":"https:\/\/power-fishing.shop\/index.php?rest_route=%2Fwp%2Fv2%2Fproduct_tag&post=512704"}],"curies":[{"name":"wp","href":"https:\/\/api.w.org\/{rel}","templated":true}]}}