{"id":512702,"date":"2024-09-29T18:02:07","date_gmt":"2024-09-29T16:02:07","guid":{"rendered":"https:\/\/power-fishing.shop\/?post_type=product&#038;p=512702"},"modified":"2024-12-14T21:16:10","modified_gmt":"2024-12-14T20:16:10","slug":"mikado-haken-sensual-feeder-9111t-nr-10-bn","status":"publish","type":"product","link":"https:\/\/power-fishing.shop\/?product=mikado-haken-sensual-feeder-9111t-nr-10-bn","title":{"rendered":"Mikado HAKEN &#8211; SENSUAL &#8211; FEEDER 9111T NR. 10 BN"},"content":{"rendered":"<p>Einer der popul\u00e4rsten Haken zum Friedfischangeln mit der Feederrute. Weiter Hakenschenkel, angeschr\u00e4nktes \u00d6hr, stark und scharf.<\/p>\n<p>Gr\u00f6\u00dfe:10<\/p>\n<p>Inhalt: 10<\/p>\n","protected":false},"excerpt":{"rendered":"<p>Einer der popul\u00e4rsten Haken zum Friedfischangeln mit der Feederrute. Weiter Hakenschenkel, angeschr\u00e4nktes \u00d6hr, stark und scharf. Gr\u00f6\u00dfe:10 Inhalt: 10<\/p>\n","protected":false},"featured_media":512700,"comment_status":"open","ping_status":"closed","template":"","meta":[],"product_brand":[],"product_cat":[389],"product_tag":[403,404,405,170,172],"class_list":{"0":"post-512702","1":"product","2":"type-product","3":"status-publish","4":"has-post-thumbnail","6":"product_cat-haken-und-rigs","7":"product_tag-feederhaken","8":"product_tag-feeder-9111t","9":"product_tag-9111t","10":"product_tag-haken","11":"product_tag-mikado","13":"first","14":"instock","15":"taxable","16":"shipping-taxable","17":"purchasable","18":"product-type-simple"},"_links":{"self":[{"href":"https:\/\/power-fishing.shop\/index.php?rest_route=\/wp\/v2\/product\/512702","targetHints":{"allow":["GET"]}}],"collection":[{"href":"https:\/\/power-fishing.shop\/index.php?rest_route=\/wp\/v2\/product"}],"about":[{"href":"https:\/\/power-fishing.shop\/index.php?rest_route=\/wp\/v2\/types\/product"}],"replies":[{"embeddable":true,"href":"https:\/\/power-fishing.shop\/index.php?rest_route=%2Fwp%2Fv2%2Fcomments&post=512702"}],"version-history":[{"count":2,"href":"https:\/\/power-fishing.shop\/index.php?rest_route=\/wp\/v2\/product\/512702\/revisions"}],"predecessor-version":[{"id":512707,"href":"https:\/\/power-fishing.shop\/index.php?rest_route=\/wp\/v2\/product\/512702\/revisions\/512707"}],"wp:featuredmedia":[{"embeddable":true,"href":"https:\/\/power-fishing.shop\/index.php?rest_route=\/wp\/v2\/media\/512700"}],"wp:attachment":[{"href":"https:\/\/power-fishing.shop\/index.php?rest_route=%2Fwp%2Fv2%2Fmedia&parent=512702"}],"wp:term":[{"taxonomy":"product_brand","embeddable":true,"href":"https:\/\/power-fishing.shop\/index.php?rest_route=%2Fwp%2Fv2%2Fproduct_brand&post=512702"},{"taxonomy":"product_cat","embeddable":true,"href":"https:\/\/power-fishing.shop\/index.php?rest_route=%2Fwp%2Fv2%2Fproduct_cat&post=512702"},{"taxonomy":"product_tag","embeddable":true,"href":"https:\/\/power-fishing.shop\/index.php?rest_route=%2Fwp%2Fv2%2Fproduct_tag&post=512702"}],"curies":[{"name":"wp","href":"https:\/\/api.w.org\/{rel}","templated":true}]}}