{"id":512675,"date":"2024-09-29T17:19:01","date_gmt":"2024-09-29T15:19:01","guid":{"rendered":"https:\/\/power-fishing.shop\/?post_type=product&#038;p=512675"},"modified":"2026-04-01T23:45:42","modified_gmt":"2026-04-01T21:45:42","slug":"feeder-method-feeder-shot-q-m-f-system-l-20g","status":"publish","type":"product","link":"https:\/\/power-fishing.shop\/?product=feeder-method-feeder-shot-q-m-f-system-l-20g","title":{"rendered":"FEEDER &#8211; METHOD FEEDER SHOT Q.M.F. SYSTEM L &#8211; 20g"},"content":{"rendered":"<p>Der Shot Method Feeder ist eine revolution\u00e4re Konstruktion unter den Feederk\u00f6rben. Die Form seiens vorderen Geweichts macht ihn im Flug wirklich stabil und erm\u00f6glicht es, extreme Entferungen zu erreichen. ausgestattet mit einem QMF-Schnellwechselsystem.<\/p>\n<p>Inhalt: 2 St\u00fcck<\/p>\n<p>Gewicht 20 gr<\/p>\n<p>*Lead free<\/p>\n","protected":false},"excerpt":{"rendered":"<p>Der Shot Method Feeder ist eine revolution\u00e4re Konstruktion unter den Feederk\u00f6rben. Die Form seiens vorderen Geweichts macht ihn im Flug wirklich stabil und erm\u00f6glicht es, extreme Entferungen zu erreichen. ausgestattet mit einem QMF-Schnellwechselsystem. Inhalt: 2 St\u00fcck Gewicht 20 gr *Lead free<\/p>\n","protected":false},"featured_media":512676,"comment_status":"open","ping_status":"closed","template":"","meta":[],"product_brand":[],"product_cat":[388],"product_tag":[172,393,394,396,397],"class_list":{"0":"post-512675","1":"product","2":"type-product","3":"status-publish","4":"has-post-thumbnail","6":"product_cat-method-feederkoerbe","7":"product_tag-mikado","8":"product_tag-feeder","9":"product_tag-futterkorb","10":"product_tag-method","11":"product_tag-method-feeder","13":"first","14":"instock","15":"taxable","16":"shipping-taxable","17":"purchasable","18":"product-type-simple"},"_links":{"self":[{"href":"https:\/\/power-fishing.shop\/index.php?rest_route=\/wp\/v2\/product\/512675","targetHints":{"allow":["GET"]}}],"collection":[{"href":"https:\/\/power-fishing.shop\/index.php?rest_route=\/wp\/v2\/product"}],"about":[{"href":"https:\/\/power-fishing.shop\/index.php?rest_route=\/wp\/v2\/types\/product"}],"replies":[{"embeddable":true,"href":"https:\/\/power-fishing.shop\/index.php?rest_route=%2Fwp%2Fv2%2Fcomments&post=512675"}],"version-history":[{"count":1,"href":"https:\/\/power-fishing.shop\/index.php?rest_route=\/wp\/v2\/product\/512675\/revisions"}],"predecessor-version":[{"id":512678,"href":"https:\/\/power-fishing.shop\/index.php?rest_route=\/wp\/v2\/product\/512675\/revisions\/512678"}],"wp:featuredmedia":[{"embeddable":true,"href":"https:\/\/power-fishing.shop\/index.php?rest_route=\/wp\/v2\/media\/512676"}],"wp:attachment":[{"href":"https:\/\/power-fishing.shop\/index.php?rest_route=%2Fwp%2Fv2%2Fmedia&parent=512675"}],"wp:term":[{"taxonomy":"product_brand","embeddable":true,"href":"https:\/\/power-fishing.shop\/index.php?rest_route=%2Fwp%2Fv2%2Fproduct_brand&post=512675"},{"taxonomy":"product_cat","embeddable":true,"href":"https:\/\/power-fishing.shop\/index.php?rest_route=%2Fwp%2Fv2%2Fproduct_cat&post=512675"},{"taxonomy":"product_tag","embeddable":true,"href":"https:\/\/power-fishing.shop\/index.php?rest_route=%2Fwp%2Fv2%2Fproduct_tag&post=512675"}],"curies":[{"name":"wp","href":"https:\/\/api.w.org\/{rel}","templated":true}]}}