{"id":512670,"date":"2024-09-29T17:08:44","date_gmt":"2024-09-29T15:08:44","guid":{"rendered":"https:\/\/power-fishing.shop\/?post_type=product&#038;p=512670"},"modified":"2025-12-10T20:05:29","modified_gmt":"2025-12-10T19:05:29","slug":"feeder-form-method-feeder-groesse-l-gruen","status":"publish","type":"product","link":"https:\/\/power-fishing.shop\/?product=feeder-form-method-feeder-groesse-l-gruen","title":{"rendered":"FEEDER FORM &#8211; METHOD FEEDER &#8211; Gr\u00f6\u00dfe L &#8211; GR\u00dcN"},"content":{"rendered":"<p>Methode Feeder F\u00fcllform. Legen Sie den K\u00f6der mit einem Haken in die Mitte, bedecken Sie ihn mit Futter oder Pellets und dr\u00fccken Sie den Futterkorb hinein. Der K\u00f6der haftet perfekt am Futterkorb.<\/p>\n<p>Passend f\u00fcr alle Mikado Feederk\u00f6rbe in der Gr\u00f6\u00dfe L.<\/p>\n","protected":false},"excerpt":{"rendered":"<p>Methode Feeder F\u00fcllform. Legen Sie den K\u00f6der mit einem Haken in die Mitte, bedecken Sie ihn mit Futter oder Pellets und dr\u00fccken Sie den Futterkorb hinein. Der K\u00f6der haftet perfekt am Futterkorb. Passend f\u00fcr alle Mikado Feederk\u00f6rbe in der Gr\u00f6\u00dfe L.<\/p>\n","protected":false},"featured_media":512671,"comment_status":"open","ping_status":"closed","template":"","meta":[],"product_brand":[],"product_cat":[388],"product_tag":[397,398,399,394,396],"class_list":{"0":"post-512670","1":"product","2":"type-product","3":"status-publish","4":"has-post-thumbnail","6":"product_cat-method-feederkoerbe","7":"product_tag-method-feeder","8":"product_tag-mould","9":"product_tag-feeder-form","10":"product_tag-futterkorb","11":"product_tag-method","13":"first","14":"instock","15":"taxable","16":"shipping-taxable","17":"purchasable","18":"product-type-simple"},"_links":{"self":[{"href":"https:\/\/power-fishing.shop\/index.php?rest_route=\/wp\/v2\/product\/512670","targetHints":{"allow":["GET"]}}],"collection":[{"href":"https:\/\/power-fishing.shop\/index.php?rest_route=\/wp\/v2\/product"}],"about":[{"href":"https:\/\/power-fishing.shop\/index.php?rest_route=\/wp\/v2\/types\/product"}],"replies":[{"embeddable":true,"href":"https:\/\/power-fishing.shop\/index.php?rest_route=%2Fwp%2Fv2%2Fcomments&post=512670"}],"version-history":[{"count":2,"href":"https:\/\/power-fishing.shop\/index.php?rest_route=\/wp\/v2\/product\/512670\/revisions"}],"predecessor-version":[{"id":512840,"href":"https:\/\/power-fishing.shop\/index.php?rest_route=\/wp\/v2\/product\/512670\/revisions\/512840"}],"wp:featuredmedia":[{"embeddable":true,"href":"https:\/\/power-fishing.shop\/index.php?rest_route=\/wp\/v2\/media\/512671"}],"wp:attachment":[{"href":"https:\/\/power-fishing.shop\/index.php?rest_route=%2Fwp%2Fv2%2Fmedia&parent=512670"}],"wp:term":[{"taxonomy":"product_brand","embeddable":true,"href":"https:\/\/power-fishing.shop\/index.php?rest_route=%2Fwp%2Fv2%2Fproduct_brand&post=512670"},{"taxonomy":"product_cat","embeddable":true,"href":"https:\/\/power-fishing.shop\/index.php?rest_route=%2Fwp%2Fv2%2Fproduct_cat&post=512670"},{"taxonomy":"product_tag","embeddable":true,"href":"https:\/\/power-fishing.shop\/index.php?rest_route=%2Fwp%2Fv2%2Fproduct_tag&post=512670"}],"curies":[{"name":"wp","href":"https:\/\/api.w.org\/{rel}","templated":true}]}}