{"id":512657,"date":"2024-09-29T16:20:18","date_gmt":"2024-09-29T14:20:18","guid":{"rendered":"https:\/\/power-fishing.shop\/?post_type=product&#038;p=512657"},"modified":"2026-01-06T19:44:54","modified_gmt":"2026-01-06T18:44:54","slug":"eimer-mit-deckel-10-l-passend-fuer-spombstations","status":"publish","type":"product","link":"https:\/\/power-fishing.shop\/?product=eimer-mit-deckel-10-l-passend-fuer-spombstations","title":{"rendered":"Eimer mit Deckel 10 l (passend f\u00fcr Spombstations)"},"content":{"rendered":"<p>Universeller Eimer f\u00fcr K\u00f6der und Futter. Aus sehr robustem Kunststoff. Mit einem Deckel und Metallgriff ausgestattet. Dank der rechteckingen Form ist er einfacher im Kofferraum zu platzieren.<\/p>\n","protected":false},"excerpt":{"rendered":"<p>Universeller Eimer f\u00fcr K\u00f6der und Futter. Aus sehr robustem Kunststoff. Mit einem Deckel und Metallgriff ausgestattet. Dank der rechteckingen Form ist er einfacher im Kofferraum zu platzieren.<\/p>\n","protected":false},"featured_media":512658,"comment_status":"open","ping_status":"closed","template":"","meta":[],"product_brand":[],"product_cat":[314],"product_tag":[315,318],"class_list":{"0":"post-512657","1":"product","2":"type-product","3":"status-publish","4":"has-post-thumbnail","6":"product_cat-eimer-behaelter","7":"product_tag-eimer","8":"product_tag-angeleimer","10":"first","11":"instock","12":"taxable","13":"shipping-taxable","14":"purchasable","15":"product-type-simple"},"_links":{"self":[{"href":"https:\/\/power-fishing.shop\/index.php?rest_route=\/wp\/v2\/product\/512657","targetHints":{"allow":["GET"]}}],"collection":[{"href":"https:\/\/power-fishing.shop\/index.php?rest_route=\/wp\/v2\/product"}],"about":[{"href":"https:\/\/power-fishing.shop\/index.php?rest_route=\/wp\/v2\/types\/product"}],"replies":[{"embeddable":true,"href":"https:\/\/power-fishing.shop\/index.php?rest_route=%2Fwp%2Fv2%2Fcomments&post=512657"}],"version-history":[{"count":1,"href":"https:\/\/power-fishing.shop\/index.php?rest_route=\/wp\/v2\/product\/512657\/revisions"}],"predecessor-version":[{"id":512659,"href":"https:\/\/power-fishing.shop\/index.php?rest_route=\/wp\/v2\/product\/512657\/revisions\/512659"}],"wp:featuredmedia":[{"embeddable":true,"href":"https:\/\/power-fishing.shop\/index.php?rest_route=\/wp\/v2\/media\/512658"}],"wp:attachment":[{"href":"https:\/\/power-fishing.shop\/index.php?rest_route=%2Fwp%2Fv2%2Fmedia&parent=512657"}],"wp:term":[{"taxonomy":"product_brand","embeddable":true,"href":"https:\/\/power-fishing.shop\/index.php?rest_route=%2Fwp%2Fv2%2Fproduct_brand&post=512657"},{"taxonomy":"product_cat","embeddable":true,"href":"https:\/\/power-fishing.shop\/index.php?rest_route=%2Fwp%2Fv2%2Fproduct_cat&post=512657"},{"taxonomy":"product_tag","embeddable":true,"href":"https:\/\/power-fishing.shop\/index.php?rest_route=%2Fwp%2Fv2%2Fproduct_tag&post=512657"}],"curies":[{"name":"wp","href":"https:\/\/api.w.org\/{rel}","templated":true}]}}