{"id":512627,"date":"2024-08-14T19:45:34","date_gmt":"2024-08-14T17:45:34","guid":{"rendered":"https:\/\/power-fishing.shop\/?post_type=product&#038;p=512627"},"modified":"2025-06-11T19:24:02","modified_gmt":"2025-06-11T17:24:02","slug":"safety-bolt-rig-80-cm-leadcore-45-lb","status":"publish","type":"product","link":"https:\/\/power-fishing.shop\/?product=safety-bolt-rig-80-cm-leadcore-45-lb","title":{"rendered":"Safety Bolt Rig 80 cm Leadcore 45 lb"},"content":{"rendered":"<p>Fertiges\u00a0 Safety Bolt Rig mit 80 cm langem, fertig gesplei\u00dftem Leadcore mit 45 lb Tragkraft.<\/p>\n<p>L\u00e4nge: 80 cm<\/p>\n<p>Inhalt: 2 St\u00fcck<\/p>\n","protected":false},"excerpt":{"rendered":"<p>Fertiges\u00a0 Safety Bolt Rig mit 80 cm langem, fertig gesplei\u00dftem Leadcore mit 45 lb Tragkraft. L\u00e4nge: 80 cm Inhalt: 2 St\u00fcck<\/p>\n","protected":false},"featured_media":512628,"comment_status":"open","ping_status":"closed","template":"","meta":[],"product_brand":[],"product_cat":[169,193],"product_tag":[384,385,386,349],"class_list":{"0":"post-512627","1":"product","2":"type-product","3":"status-publish","4":"has-post-thumbnail","6":"product_cat-tackle-und-zubehoer","7":"product_cat-schnuere-vorfaecher-leader","8":"product_tag-bolt","9":"product_tag-safety","10":"product_tag-safetybolt","11":"product_tag-leadcore","13":"first","14":"instock","15":"taxable","16":"shipping-taxable","17":"purchasable","18":"product-type-simple"},"_links":{"self":[{"href":"https:\/\/power-fishing.shop\/index.php?rest_route=\/wp\/v2\/product\/512627","targetHints":{"allow":["GET"]}}],"collection":[{"href":"https:\/\/power-fishing.shop\/index.php?rest_route=\/wp\/v2\/product"}],"about":[{"href":"https:\/\/power-fishing.shop\/index.php?rest_route=\/wp\/v2\/types\/product"}],"replies":[{"embeddable":true,"href":"https:\/\/power-fishing.shop\/index.php?rest_route=%2Fwp%2Fv2%2Fcomments&post=512627"}],"version-history":[{"count":1,"href":"https:\/\/power-fishing.shop\/index.php?rest_route=\/wp\/v2\/product\/512627\/revisions"}],"predecessor-version":[{"id":512629,"href":"https:\/\/power-fishing.shop\/index.php?rest_route=\/wp\/v2\/product\/512627\/revisions\/512629"}],"wp:featuredmedia":[{"embeddable":true,"href":"https:\/\/power-fishing.shop\/index.php?rest_route=\/wp\/v2\/media\/512628"}],"wp:attachment":[{"href":"https:\/\/power-fishing.shop\/index.php?rest_route=%2Fwp%2Fv2%2Fmedia&parent=512627"}],"wp:term":[{"taxonomy":"product_brand","embeddable":true,"href":"https:\/\/power-fishing.shop\/index.php?rest_route=%2Fwp%2Fv2%2Fproduct_brand&post=512627"},{"taxonomy":"product_cat","embeddable":true,"href":"https:\/\/power-fishing.shop\/index.php?rest_route=%2Fwp%2Fv2%2Fproduct_cat&post=512627"},{"taxonomy":"product_tag","embeddable":true,"href":"https:\/\/power-fishing.shop\/index.php?rest_route=%2Fwp%2Fv2%2Fproduct_tag&post=512627"}],"curies":[{"name":"wp","href":"https:\/\/api.w.org\/{rel}","templated":true}]}}