{"id":512531,"date":"2024-05-03T12:07:57","date_gmt":"2024-05-03T10:07:57","guid":{"rendered":"https:\/\/power-fishing.shop\/?post_type=product&#038;p=512531"},"modified":"2024-12-14T20:39:11","modified_gmt":"2024-12-14T19:39:11","slug":"koedernadel-fuer-boilies-hq","status":"publish","type":"product","link":"https:\/\/power-fishing.shop\/?product=koedernadel-fuer-boilies-hq","title":{"rendered":"K\u00f6dernadel- f\u00fcr Boilies HQ"},"content":{"rendered":"<p>HQ-Nadeln sind von wirklich hoher Qualit\u00e4t. Unglaublich pr\u00e4zise gefertigte Werkzeuge aus den besten Materialien und mit einem originalen Mikado-Griff ausgestattet.<\/p>\n","protected":false},"excerpt":{"rendered":"<p>HQ-Nadeln sind von wirklich hoher Qualit\u00e4t. Unglaublich pr\u00e4zise gefertigte Werkzeuge aus den besten Materialien und mit einem originalen Mikado-Griff ausgestattet.<\/p>\n","protected":false},"featured_media":512532,"comment_status":"open","ping_status":"closed","template":"","meta":[],"product_brand":[],"product_cat":[194],"product_tag":[],"class_list":{"0":"post-512531","1":"product","2":"type-product","3":"status-publish","4":"has-post-thumbnail","6":"product_cat-zubehoer","8":"first","9":"instock","10":"taxable","11":"shipping-taxable","12":"purchasable","13":"product-type-simple"},"_links":{"self":[{"href":"https:\/\/power-fishing.shop\/index.php?rest_route=\/wp\/v2\/product\/512531","targetHints":{"allow":["GET"]}}],"collection":[{"href":"https:\/\/power-fishing.shop\/index.php?rest_route=\/wp\/v2\/product"}],"about":[{"href":"https:\/\/power-fishing.shop\/index.php?rest_route=\/wp\/v2\/types\/product"}],"replies":[{"embeddable":true,"href":"https:\/\/power-fishing.shop\/index.php?rest_route=%2Fwp%2Fv2%2Fcomments&post=512531"}],"version-history":[{"count":1,"href":"https:\/\/power-fishing.shop\/index.php?rest_route=\/wp\/v2\/product\/512531\/revisions"}],"predecessor-version":[{"id":512533,"href":"https:\/\/power-fishing.shop\/index.php?rest_route=\/wp\/v2\/product\/512531\/revisions\/512533"}],"wp:featuredmedia":[{"embeddable":true,"href":"https:\/\/power-fishing.shop\/index.php?rest_route=\/wp\/v2\/media\/512532"}],"wp:attachment":[{"href":"https:\/\/power-fishing.shop\/index.php?rest_route=%2Fwp%2Fv2%2Fmedia&parent=512531"}],"wp:term":[{"taxonomy":"product_brand","embeddable":true,"href":"https:\/\/power-fishing.shop\/index.php?rest_route=%2Fwp%2Fv2%2Fproduct_brand&post=512531"},{"taxonomy":"product_cat","embeddable":true,"href":"https:\/\/power-fishing.shop\/index.php?rest_route=%2Fwp%2Fv2%2Fproduct_cat&post=512531"},{"taxonomy":"product_tag","embeddable":true,"href":"https:\/\/power-fishing.shop\/index.php?rest_route=%2Fwp%2Fv2%2Fproduct_tag&post=512531"}],"curies":[{"name":"wp","href":"https:\/\/api.w.org\/{rel}","templated":true}]}}