{"id":512523,"date":"2024-05-03T11:51:58","date_gmt":"2024-05-03T09:51:58","guid":{"rendered":"https:\/\/power-fishing.shop\/?post_type=product&#038;p=512523"},"modified":"2025-09-16T18:38:57","modified_gmt":"2025-09-16T16:38:57","slug":"futterschaufel-gross","status":"publish","type":"product","link":"https:\/\/power-fishing.shop\/?product=futterschaufel-gross","title":{"rendered":"Futterschaufel gro\u00df"},"content":{"rendered":"<p>Gr\u00f6\u00dfe: 21 x 10 cm<\/p>\n","protected":false},"excerpt":{"rendered":"<p>Gr\u00f6\u00dfe: 21 x 10 cm<\/p>\n","protected":false},"featured_media":512524,"comment_status":"open","ping_status":"closed","template":"","meta":[],"product_brand":[],"product_cat":[194],"product_tag":[358,361,190],"class_list":{"0":"post-512523","1":"product","2":"type-product","3":"status-publish","4":"has-post-thumbnail","6":"product_cat-zubehoer","7":"product_tag-futterschaufel","8":"product_tag-groundbaiter","9":"product_tag-schaufel","11":"first","12":"instock","13":"taxable","14":"shipping-taxable","15":"purchasable","16":"product-type-simple"},"_links":{"self":[{"href":"https:\/\/power-fishing.shop\/index.php?rest_route=\/wp\/v2\/product\/512523","targetHints":{"allow":["GET"]}}],"collection":[{"href":"https:\/\/power-fishing.shop\/index.php?rest_route=\/wp\/v2\/product"}],"about":[{"href":"https:\/\/power-fishing.shop\/index.php?rest_route=\/wp\/v2\/types\/product"}],"replies":[{"embeddable":true,"href":"https:\/\/power-fishing.shop\/index.php?rest_route=%2Fwp%2Fv2%2Fcomments&post=512523"}],"version-history":[{"count":2,"href":"https:\/\/power-fishing.shop\/index.php?rest_route=\/wp\/v2\/product\/512523\/revisions"}],"predecessor-version":[{"id":512526,"href":"https:\/\/power-fishing.shop\/index.php?rest_route=\/wp\/v2\/product\/512523\/revisions\/512526"}],"wp:featuredmedia":[{"embeddable":true,"href":"https:\/\/power-fishing.shop\/index.php?rest_route=\/wp\/v2\/media\/512524"}],"wp:attachment":[{"href":"https:\/\/power-fishing.shop\/index.php?rest_route=%2Fwp%2Fv2%2Fmedia&parent=512523"}],"wp:term":[{"taxonomy":"product_brand","embeddable":true,"href":"https:\/\/power-fishing.shop\/index.php?rest_route=%2Fwp%2Fv2%2Fproduct_brand&post=512523"},{"taxonomy":"product_cat","embeddable":true,"href":"https:\/\/power-fishing.shop\/index.php?rest_route=%2Fwp%2Fv2%2Fproduct_cat&post=512523"},{"taxonomy":"product_tag","embeddable":true,"href":"https:\/\/power-fishing.shop\/index.php?rest_route=%2Fwp%2Fv2%2Fproduct_tag&post=512523"}],"curies":[{"name":"wp","href":"https:\/\/api.w.org\/{rel}","templated":true}]}}