{"id":512517,"date":"2024-05-03T11:46:56","date_gmt":"2024-05-03T09:46:56","guid":{"rendered":"https:\/\/power-fishing.shop\/?post_type=product&#038;p=512517"},"modified":"2024-12-14T21:24:13","modified_gmt":"2024-12-14T20:24:13","slug":"schaufelgriff-40-cm","status":"publish","type":"product","link":"https:\/\/power-fishing.shop\/?product=schaufelgriff-40-cm","title":{"rendered":"Schaufelgriff 40 cm"},"content":{"rendered":"<p>Passender Griff f\u00fcr die kleine und gro\u00dfe Futterschaufel.<\/p>\n<p>&nbsp;<\/p>\n<p>L\u00e4nge: 40 cm<\/p>\n","protected":false},"excerpt":{"rendered":"<p>Passender Griff f\u00fcr die kleine und gro\u00dfe Futterschaufel. &nbsp; L\u00e4nge: 40 cm<\/p>\n","protected":false},"featured_media":512518,"comment_status":"open","ping_status":"closed","template":"","meta":[],"product_brand":[],"product_cat":[194],"product_tag":[358,359,360,356,357],"class_list":{"0":"post-512517","1":"product","2":"type-product","3":"status-publish","4":"has-post-thumbnail","6":"product_cat-zubehoer","7":"product_tag-futterschaufel","8":"product_tag-stil","9":"product_tag-stange","10":"product_tag-griff","11":"product_tag-verlaengerung","13":"first","14":"instock","15":"taxable","16":"shipping-taxable","17":"purchasable","18":"product-type-simple"},"_links":{"self":[{"href":"https:\/\/power-fishing.shop\/index.php?rest_route=\/wp\/v2\/product\/512517","targetHints":{"allow":["GET"]}}],"collection":[{"href":"https:\/\/power-fishing.shop\/index.php?rest_route=\/wp\/v2\/product"}],"about":[{"href":"https:\/\/power-fishing.shop\/index.php?rest_route=\/wp\/v2\/types\/product"}],"replies":[{"embeddable":true,"href":"https:\/\/power-fishing.shop\/index.php?rest_route=%2Fwp%2Fv2%2Fcomments&post=512517"}],"version-history":[{"count":1,"href":"https:\/\/power-fishing.shop\/index.php?rest_route=\/wp\/v2\/product\/512517\/revisions"}],"predecessor-version":[{"id":512519,"href":"https:\/\/power-fishing.shop\/index.php?rest_route=\/wp\/v2\/product\/512517\/revisions\/512519"}],"wp:featuredmedia":[{"embeddable":true,"href":"https:\/\/power-fishing.shop\/index.php?rest_route=\/wp\/v2\/media\/512518"}],"wp:attachment":[{"href":"https:\/\/power-fishing.shop\/index.php?rest_route=%2Fwp%2Fv2%2Fmedia&parent=512517"}],"wp:term":[{"taxonomy":"product_brand","embeddable":true,"href":"https:\/\/power-fishing.shop\/index.php?rest_route=%2Fwp%2Fv2%2Fproduct_brand&post=512517"},{"taxonomy":"product_cat","embeddable":true,"href":"https:\/\/power-fishing.shop\/index.php?rest_route=%2Fwp%2Fv2%2Fproduct_cat&post=512517"},{"taxonomy":"product_tag","embeddable":true,"href":"https:\/\/power-fishing.shop\/index.php?rest_route=%2Fwp%2Fv2%2Fproduct_tag&post=512517"}],"curies":[{"name":"wp","href":"https:\/\/api.w.org\/{rel}","templated":true}]}}