{"id":512505,"date":"2024-05-03T11:08:32","date_gmt":"2024-05-03T09:08:32","guid":{"rendered":"https:\/\/power-fishing.shop\/?post_type=product&#038;p=512505"},"modified":"2024-12-14T21:08:17","modified_gmt":"2024-12-14T20:08:17","slug":"schere-fuer-geflochtene-vorfaecher-und-schnuere","status":"publish","type":"product","link":"https:\/\/power-fishing.shop\/?product=schere-fuer-geflochtene-vorfaecher-und-schnuere","title":{"rendered":"Schere f\u00fcr geflochtene Vorf\u00e4cher und Schn\u00fcre"},"content":{"rendered":"<p>Wahnsinnig scharfe und kompakte Schere zum Schneiden von Angelschn\u00fcren und Geflechten. Klingen kommen mit weichen, geflochtenen Schn\u00fcren problemlos zurecht &#8211; das macht sie f\u00fcr die Herstellung von Karpfen und Spinnruten unersetzlich.<\/p>\n","protected":false},"excerpt":{"rendered":"<p>Wahnsinnig scharfe und kompakte Schere zum Schneiden von Angelschn\u00fcren und Geflechten. Klingen kommen mit weichen, geflochtenen Schn\u00fcren problemlos zurecht &#8211; das macht sie f\u00fcr die Herstellung von Karpfen und Spinnruten unersetzlich.<\/p>\n","protected":false},"featured_media":512506,"comment_status":"open","ping_status":"closed","template":"","meta":[],"product_brand":[],"product_cat":[194],"product_tag":[196,350,351,352,187],"class_list":{"0":"post-512505","1":"product","2":"type-product","3":"status-publish","4":"has-post-thumbnail","6":"product_cat-zubehoer","7":"product_tag-vorfach","8":"product_tag-vorfaecher","9":"product_tag-geflochtene-schnur","10":"product_tag-vorfachschere","11":"product_tag-schere","13":"first","14":"instock","15":"taxable","16":"shipping-taxable","17":"purchasable","18":"product-type-simple"},"_links":{"self":[{"href":"https:\/\/power-fishing.shop\/index.php?rest_route=\/wp\/v2\/product\/512505","targetHints":{"allow":["GET"]}}],"collection":[{"href":"https:\/\/power-fishing.shop\/index.php?rest_route=\/wp\/v2\/product"}],"about":[{"href":"https:\/\/power-fishing.shop\/index.php?rest_route=\/wp\/v2\/types\/product"}],"replies":[{"embeddable":true,"href":"https:\/\/power-fishing.shop\/index.php?rest_route=%2Fwp%2Fv2%2Fcomments&post=512505"}],"version-history":[{"count":1,"href":"https:\/\/power-fishing.shop\/index.php?rest_route=\/wp\/v2\/product\/512505\/revisions"}],"predecessor-version":[{"id":512507,"href":"https:\/\/power-fishing.shop\/index.php?rest_route=\/wp\/v2\/product\/512505\/revisions\/512507"}],"wp:featuredmedia":[{"embeddable":true,"href":"https:\/\/power-fishing.shop\/index.php?rest_route=\/wp\/v2\/media\/512506"}],"wp:attachment":[{"href":"https:\/\/power-fishing.shop\/index.php?rest_route=%2Fwp%2Fv2%2Fmedia&parent=512505"}],"wp:term":[{"taxonomy":"product_brand","embeddable":true,"href":"https:\/\/power-fishing.shop\/index.php?rest_route=%2Fwp%2Fv2%2Fproduct_brand&post=512505"},{"taxonomy":"product_cat","embeddable":true,"href":"https:\/\/power-fishing.shop\/index.php?rest_route=%2Fwp%2Fv2%2Fproduct_cat&post=512505"},{"taxonomy":"product_tag","embeddable":true,"href":"https:\/\/power-fishing.shop\/index.php?rest_route=%2Fwp%2Fv2%2Fproduct_tag&post=512505"}],"curies":[{"name":"wp","href":"https:\/\/api.w.org\/{rel}","templated":true}]}}