{"id":512502,"date":"2024-05-03T10:57:48","date_gmt":"2024-05-03T08:57:48","guid":{"rendered":"https:\/\/power-fishing.shop\/?post_type=product&#038;p=512502"},"modified":"2024-12-14T21:02:12","modified_gmt":"2024-12-14T20:02:12","slug":"helicopter-rig-80-cm-2-st","status":"publish","type":"product","link":"https:\/\/power-fishing.shop\/?product=helicopter-rig-80-cm-2-st","title":{"rendered":"Helicopter Rig 80 cm 2 St."},"content":{"rendered":"<p>Fertiges\u00a0 Helicopter Rig mit 80 cm langem, fertig gesplei\u00dftem Leadcore mit 45 lb Tragkraft.<\/p>\n<p>L\u00e4nge: 80 cm<\/p>\n<p>Inhalt: 2 St\u00fcck<\/p>\n","protected":false},"excerpt":{"rendered":"<p>Fertiges\u00a0 Helicopter Rig mit 80 cm langem, fertig gesplei\u00dftem Leadcore mit 45 lb Tragkraft. L\u00e4nge: 80 cm Inhalt: 2 St\u00fcck<\/p>\n","protected":false},"featured_media":512503,"comment_status":"open","ping_status":"closed","template":"","meta":[],"product_brand":[],"product_cat":[193],"product_tag":[347,348,349,322,346],"class_list":{"0":"post-512502","1":"product","2":"type-product","3":"status-publish","4":"has-post-thumbnail","6":"product_cat-schnuere-vorfaecher-leader","7":"product_tag-helicopter","8":"product_tag-helicopterrig","9":"product_tag-leadcore","10":"product_tag-rig","11":"product_tag-heli","13":"first","14":"instock","15":"taxable","16":"shipping-taxable","17":"purchasable","18":"product-type-simple"},"_links":{"self":[{"href":"https:\/\/power-fishing.shop\/index.php?rest_route=\/wp\/v2\/product\/512502","targetHints":{"allow":["GET"]}}],"collection":[{"href":"https:\/\/power-fishing.shop\/index.php?rest_route=\/wp\/v2\/product"}],"about":[{"href":"https:\/\/power-fishing.shop\/index.php?rest_route=\/wp\/v2\/types\/product"}],"replies":[{"embeddable":true,"href":"https:\/\/power-fishing.shop\/index.php?rest_route=%2Fwp%2Fv2%2Fcomments&post=512502"}],"version-history":[{"count":1,"href":"https:\/\/power-fishing.shop\/index.php?rest_route=\/wp\/v2\/product\/512502\/revisions"}],"predecessor-version":[{"id":512504,"href":"https:\/\/power-fishing.shop\/index.php?rest_route=\/wp\/v2\/product\/512502\/revisions\/512504"}],"wp:featuredmedia":[{"embeddable":true,"href":"https:\/\/power-fishing.shop\/index.php?rest_route=\/wp\/v2\/media\/512503"}],"wp:attachment":[{"href":"https:\/\/power-fishing.shop\/index.php?rest_route=%2Fwp%2Fv2%2Fmedia&parent=512502"}],"wp:term":[{"taxonomy":"product_brand","embeddable":true,"href":"https:\/\/power-fishing.shop\/index.php?rest_route=%2Fwp%2Fv2%2Fproduct_brand&post=512502"},{"taxonomy":"product_cat","embeddable":true,"href":"https:\/\/power-fishing.shop\/index.php?rest_route=%2Fwp%2Fv2%2Fproduct_cat&post=512502"},{"taxonomy":"product_tag","embeddable":true,"href":"https:\/\/power-fishing.shop\/index.php?rest_route=%2Fwp%2Fv2%2Fproduct_tag&post=512502"}],"curies":[{"name":"wp","href":"https:\/\/api.w.org\/{rel}","templated":true}]}}