{"id":512461,"date":"2024-03-27T13:04:21","date_gmt":"2024-03-27T12:04:21","guid":{"rendered":"https:\/\/power-fishing.shop\/?post_type=product&#038;p=512461"},"modified":"2024-05-30T14:18:49","modified_gmt":"2024-05-30T12:18:49","slug":"bloodliver-2-0-active-hoover-enzym-p","status":"publish","type":"product","link":"https:\/\/power-fishing.shop\/?product=bloodliver-2-0-active-hoover-enzym-p","title":{"rendered":"Blood&#038;Liver 2.0 active Hoover enzym-P"},"content":{"rendered":"<p>Mit der \u00dcberarbeitung des Blood&amp;Liver 2.0 wurden auch die Hakenk\u00f6der weiter entwickelt. Seit nun mehr 2 Jahren zeigen die fermentierten Hakenk\u00f6der was die k\u00f6nnen und es wurde Zeit, diese Art der &#8222;Veredelung&#8220; auch auf andere Ranges zu \u00fcbertragen.<\/p>\n<p>Der neue active Hoover enzym-P ist nach mehreren Arbeitsschritten und fast 4 Wochen Zeit dann endlich bereit zum Verpacken. Bis dahin durchlief er mehrere Stufen der Verarbeitung, in denen er Schritt f\u00fcr Schritt und Schicht f\u00fcr Schicht fermentiert wurde und immer genug Zeit zum Reifen hatte.<\/p>\n<p>Gr\u00f6\u00dfe:\u00a0 21 mm Kern<\/p>\n<p>Inhalt: 100 gr.<\/p>\n","protected":false},"excerpt":{"rendered":"<p>Mit der \u00dcberarbeitung des Blood&amp;Liver 2.0 wurden auch die Hakenk\u00f6der weiter entwickelt. Seit nun mehr 2 Jahren zeigen die fermentierten Hakenk\u00f6der was die k\u00f6nnen und es wurde Zeit, diese Art der &#8222;Veredelung&#8220; auch auf andere Ranges zu \u00fcbertragen. Der neue active Hoover enzym-P ist nach mehreren Arbeitsschritten und fast 4 Wochen Zeit dann endlich bereit [&hellip;]<\/p>\n","protected":false},"featured_media":512485,"comment_status":"open","ping_status":"closed","template":"","meta":[],"product_brand":[],"product_cat":[344,32],"product_tag":[48,49,77,84,116,140,340,345],"class_list":{"0":"post-512461","1":"product","2":"type-product","3":"status-publish","4":"has-post-thumbnail","6":"product_cat-bloodliver-2-0","7":"product_cat-boilies-hookbaits","8":"product_tag-bloodliver","9":"product_tag-active","10":"product_tag-liver","11":"product_tag-hakenkoeder","12":"product_tag-hoover","13":"product_tag-blood","14":"product_tag-wafter","15":"product_tag-enzymp","17":"first","18":"instock","19":"taxable","20":"shipping-taxable","21":"purchasable","22":"product-type-simple"},"_links":{"self":[{"href":"https:\/\/power-fishing.shop\/index.php?rest_route=\/wp\/v2\/product\/512461","targetHints":{"allow":["GET"]}}],"collection":[{"href":"https:\/\/power-fishing.shop\/index.php?rest_route=\/wp\/v2\/product"}],"about":[{"href":"https:\/\/power-fishing.shop\/index.php?rest_route=\/wp\/v2\/types\/product"}],"replies":[{"embeddable":true,"href":"https:\/\/power-fishing.shop\/index.php?rest_route=%2Fwp%2Fv2%2Fcomments&post=512461"}],"version-history":[{"count":2,"href":"https:\/\/power-fishing.shop\/index.php?rest_route=\/wp\/v2\/product\/512461\/revisions"}],"predecessor-version":[{"id":512473,"href":"https:\/\/power-fishing.shop\/index.php?rest_route=\/wp\/v2\/product\/512461\/revisions\/512473"}],"wp:featuredmedia":[{"embeddable":true,"href":"https:\/\/power-fishing.shop\/index.php?rest_route=\/wp\/v2\/media\/512485"}],"wp:attachment":[{"href":"https:\/\/power-fishing.shop\/index.php?rest_route=%2Fwp%2Fv2%2Fmedia&parent=512461"}],"wp:term":[{"taxonomy":"product_brand","embeddable":true,"href":"https:\/\/power-fishing.shop\/index.php?rest_route=%2Fwp%2Fv2%2Fproduct_brand&post=512461"},{"taxonomy":"product_cat","embeddable":true,"href":"https:\/\/power-fishing.shop\/index.php?rest_route=%2Fwp%2Fv2%2Fproduct_cat&post=512461"},{"taxonomy":"product_tag","embeddable":true,"href":"https:\/\/power-fishing.shop\/index.php?rest_route=%2Fwp%2Fv2%2Fproduct_tag&post=512461"}],"curies":[{"name":"wp","href":"https:\/\/api.w.org\/{rel}","templated":true}]}}