{"id":512440,"date":"2024-03-24T15:36:48","date_gmt":"2024-03-24T14:36:48","guid":{"rendered":"https:\/\/power-fishing.shop\/?post_type=product&#038;p=512440"},"modified":"2024-12-14T20:40:52","modified_gmt":"2024-12-14T19:40:52","slug":"liquid-enzym-p","status":"publish","type":"product","link":"https:\/\/power-fishing.shop\/?product=liquid-enzym-p","title":{"rendered":"Liquid enzym-P"},"content":{"rendered":"<p>Enzym-P, der passende Liquid zu unseren Krebs-Muschel Boilies.\u00a0 Aufgebaut auf Fischextrak, Shrimpschrot, Muschelmehl, Betain und nicht zuletzt, unsern eigens fermentierten Liquid, mit dem wir alle enzym-P Produkte fermentieren.\u00a0 Der Liquid ist schwerer als Wasser \u2013 sinkt also perfekt zu Boden, PVA freundlich, keine Zus\u00e4tze wie Konservierer oder z.B.Glycerin.<\/p>\n<p>Der Liqudi h\u00e4ngt sich perfekt an eure Boilies, wenn ihr sie kurz in die Sonne legt, dann trocknet er auch gut an und l\u00f6st sich langsam unter Wasser auf. Auch die active K\u00f6der lassen sich damit perfekt benetzen, ohne da\u00df sich der Mantel aufl\u00f6st.\u00a0 Der Unterschied zum Dip, er zieht nicht in den Boilie ein.<\/p>\n","protected":false},"excerpt":{"rendered":"<p>Enzym-P, der passende Liquid zu unseren Krebs-Muschel Boilies.\u00a0 Aufgebaut auf Fischextrak, Shrimpschrot, Muschelmehl, Betain und nicht zuletzt, unsern eigens fermentierten Liquid, mit dem wir alle enzym-P Produkte fermentieren.\u00a0 Der Liquid ist schwerer als Wasser \u2013 sinkt also perfekt zu Boden, PVA freundlich, keine Zus\u00e4tze wie Konservierer oder z.B.Glycerin. Der Liqudi h\u00e4ngt sich perfekt an eure [&hellip;]<\/p>\n","protected":false},"featured_media":512361,"comment_status":"open","ping_status":"closed","template":"","meta":[],"product_brand":[],"product_cat":[67,341],"product_tag":[],"class_list":{"0":"post-512440","1":"product","2":"type-product","3":"status-publish","4":"has-post-thumbnail","6":"product_cat-liquids-dips","7":"product_cat-krebs-muschel","9":"first","10":"instock","11":"taxable","12":"shipping-taxable","13":"purchasable","14":"product-type-simple"},"_links":{"self":[{"href":"https:\/\/power-fishing.shop\/index.php?rest_route=\/wp\/v2\/product\/512440","targetHints":{"allow":["GET"]}}],"collection":[{"href":"https:\/\/power-fishing.shop\/index.php?rest_route=\/wp\/v2\/product"}],"about":[{"href":"https:\/\/power-fishing.shop\/index.php?rest_route=\/wp\/v2\/types\/product"}],"replies":[{"embeddable":true,"href":"https:\/\/power-fishing.shop\/index.php?rest_route=%2Fwp%2Fv2%2Fcomments&post=512440"}],"version-history":[{"count":2,"href":"https:\/\/power-fishing.shop\/index.php?rest_route=\/wp\/v2\/product\/512440\/revisions"}],"predecessor-version":[{"id":512442,"href":"https:\/\/power-fishing.shop\/index.php?rest_route=\/wp\/v2\/product\/512440\/revisions\/512442"}],"wp:featuredmedia":[{"embeddable":true,"href":"https:\/\/power-fishing.shop\/index.php?rest_route=\/wp\/v2\/media\/512361"}],"wp:attachment":[{"href":"https:\/\/power-fishing.shop\/index.php?rest_route=%2Fwp%2Fv2%2Fmedia&parent=512440"}],"wp:term":[{"taxonomy":"product_brand","embeddable":true,"href":"https:\/\/power-fishing.shop\/index.php?rest_route=%2Fwp%2Fv2%2Fproduct_brand&post=512440"},{"taxonomy":"product_cat","embeddable":true,"href":"https:\/\/power-fishing.shop\/index.php?rest_route=%2Fwp%2Fv2%2Fproduct_cat&post=512440"},{"taxonomy":"product_tag","embeddable":true,"href":"https:\/\/power-fishing.shop\/index.php?rest_route=%2Fwp%2Fv2%2Fproduct_tag&post=512440"}],"curies":[{"name":"wp","href":"https:\/\/api.w.org\/{rel}","templated":true}]}}