{"id":512432,"date":"2024-03-24T15:17:14","date_gmt":"2024-03-24T14:17:14","guid":{"rendered":"https:\/\/power-fishing.shop\/?post_type=product&#038;p=512432"},"modified":"2025-09-18T14:29:52","modified_gmt":"2025-09-18T12:29:52","slug":"banana-zym-hoover-250-gr","status":"publish","type":"product","link":"https:\/\/power-fishing.shop\/?product=banana-zym-hoover-250-gr","title":{"rendered":"Banana-Zym Hoover 250 gr"},"content":{"rendered":"<p>Hoover sind die passenden Hookbaits, leichter als die normalen Boilies, somit kann man am Haken einen nahezu schwerelosen Boilie anbieten, der sich viel nat\u00fcrlicher bewegt und dem Karpfen beim Einsaugen quasi ins Maul schie\u00dft. Er ist etwas h\u00e4rter als der normale Boilie, zudem wurde der Betainanteil nochmal um gut 5 % erh\u00f6ht. Der Boilie schwemmt ebenfalls sehr gut aus, h\u00e4lt aber um einiges l\u00e4nger am Haar als der normale Standart Boilie.<\/p>\n<p>&nbsp;<\/p>\n<p><strong>Zutaten:<\/strong> FQuiko Classic, Biskuit, Hanf, Chili, verschiedene fermentierte Getreidemehle, Bierhefe, \u2026. Sind nur ein Teil der Zutaten dieses neuen Boilies, der sich ziemlich stark von anderen \u201eBanane\u201c Boilies am Markt abhebt.<\/p>\n<p><strong>Gr\u00f6\u00dfen:<\/strong>\u00a0 21 mm,\u00a0 17 mm<\/p>\n<p><strong>Verpackungsgr\u00f6\u00dfe:\u00a0\u00a0<\/strong>250 gr Box<\/p>\n<p><strong>Lieferzeit:<\/strong>\u00a0ca. 1 Woche<\/p>\n","protected":false},"excerpt":{"rendered":"<p>Hoover sind die passenden Hookbaits, leichter als die normalen Boilies, somit kann man am Haken einen nahezu schwerelosen Boilie anbieten, der sich viel nat\u00fcrlicher bewegt und dem Karpfen beim Einsaugen quasi ins Maul schie\u00dft. Er ist etwas h\u00e4rter als der normale Boilie, zudem wurde der Betainanteil nochmal um gut 5 % erh\u00f6ht. Der Boilie schwemmt [&hellip;]<\/p>\n","protected":false},"featured_media":512427,"comment_status":"open","ping_status":"closed","template":"","meta":[],"product_brand":[],"product_cat":[336,32],"product_tag":[129,310,333,339,340,106,116],"class_list":{"0":"post-512432","1":"product","2":"type-product","3":"status-publish","4":"has-post-thumbnail","6":"product_cat-bananazym","7":"product_cat-boilies-hookbaits","8":"product_tag-banana","9":"product_tag-enzym","10":"product_tag-bananazym","11":"product_tag-hookbeit","12":"product_tag-wafter","13":"product_tag-banane","14":"product_tag-hoover","15":"pa_groesse-17-mm","16":"pa_groesse-21-mm","18":"first","19":"instock","20":"taxable","21":"shipping-taxable","22":"purchasable","23":"product-type-variable"},"_links":{"self":[{"href":"https:\/\/power-fishing.shop\/index.php?rest_route=\/wp\/v2\/product\/512432","targetHints":{"allow":["GET"]}}],"collection":[{"href":"https:\/\/power-fishing.shop\/index.php?rest_route=\/wp\/v2\/product"}],"about":[{"href":"https:\/\/power-fishing.shop\/index.php?rest_route=\/wp\/v2\/types\/product"}],"replies":[{"embeddable":true,"href":"https:\/\/power-fishing.shop\/index.php?rest_route=%2Fwp%2Fv2%2Fcomments&post=512432"}],"version-history":[{"count":1,"href":"https:\/\/power-fishing.shop\/index.php?rest_route=\/wp\/v2\/product\/512432\/revisions"}],"predecessor-version":[{"id":512435,"href":"https:\/\/power-fishing.shop\/index.php?rest_route=\/wp\/v2\/product\/512432\/revisions\/512435"}],"wp:featuredmedia":[{"embeddable":true,"href":"https:\/\/power-fishing.shop\/index.php?rest_route=\/wp\/v2\/media\/512427"}],"wp:attachment":[{"href":"https:\/\/power-fishing.shop\/index.php?rest_route=%2Fwp%2Fv2%2Fmedia&parent=512432"}],"wp:term":[{"taxonomy":"product_brand","embeddable":true,"href":"https:\/\/power-fishing.shop\/index.php?rest_route=%2Fwp%2Fv2%2Fproduct_brand&post=512432"},{"taxonomy":"product_cat","embeddable":true,"href":"https:\/\/power-fishing.shop\/index.php?rest_route=%2Fwp%2Fv2%2Fproduct_cat&post=512432"},{"taxonomy":"product_tag","embeddable":true,"href":"https:\/\/power-fishing.shop\/index.php?rest_route=%2Fwp%2Fv2%2Fproduct_tag&post=512432"}],"curies":[{"name":"wp","href":"https:\/\/api.w.org\/{rel}","templated":true}]}}