{"id":512430,"date":"2024-03-24T15:15:38","date_gmt":"2024-03-24T14:15:38","guid":{"rendered":"https:\/\/power-fishing.shop\/?post_type=product&#038;p=512430"},"modified":"2024-12-14T20:44:48","modified_gmt":"2024-12-14T19:44:48","slug":"liquid-cremezym","status":"publish","type":"product","link":"https:\/\/power-fishing.shop\/?product=liquid-cremezym","title":{"rendered":"Liquid Cremezym"},"content":{"rendered":"<p>Der neue Liquid \u201eCremezym\u201c passend zu den Banana-Zym Boilies.\u00a0 Aufgebaut auf mehreren enzymaktiven Zutaten, die auch im Boilie enthalten sind, dazu kommt noch etwas Flavour, Butters\u00e4ure und viel Betain. Es l\u00f6st sich auch perfekt bei kalten Wasser. Der Liquid ist schwerer als Wasser \u2013 sinkt also perfekt zu Boden, PVA freundlich, keine Zus\u00e4tze wie Konservierer oder z.B.Glycerin.<\/p>\n<p>Der Liqudi h\u00e4ngt sich perfekt an eure Boilies, wenn ihr sie kurz in die Sonne legt, dann trocknet er auch gut an und l\u00f6st sich langsam unter Wasser auf. Auch die active K\u00f6der lassen sich damit perfekt benetzen, ohne da\u00df sich der Mantel aufl\u00f6st.\u00a0 Der Unterschied zum Dip, er zieht nicht in den Boilie ein.<\/p>\n","protected":false},"excerpt":{"rendered":"<p>Der neue Liquid \u201eCremezym\u201c passend zu den Banana-Zym Boilies.\u00a0 Aufgebaut auf mehreren enzymaktiven Zutaten, die auch im Boilie enthalten sind, dazu kommt noch etwas Flavour, Butters\u00e4ure und viel Betain. Es l\u00f6st sich auch perfekt bei kalten Wasser. Der Liquid ist schwerer als Wasser \u2013 sinkt also perfekt zu Boden, PVA freundlich, keine Zus\u00e4tze wie Konservierer [&hellip;]<\/p>\n","protected":false},"featured_media":512361,"comment_status":"open","ping_status":"closed","template":"","meta":[],"product_brand":[],"product_cat":[67,336],"product_tag":[],"class_list":{"0":"post-512430","1":"product","2":"type-product","3":"status-publish","4":"has-post-thumbnail","6":"product_cat-liquids-dips","7":"product_cat-bananazym","9":"first","10":"instock","11":"taxable","12":"shipping-taxable","13":"purchasable","14":"product-type-simple"},"_links":{"self":[{"href":"https:\/\/power-fishing.shop\/index.php?rest_route=\/wp\/v2\/product\/512430","targetHints":{"allow":["GET"]}}],"collection":[{"href":"https:\/\/power-fishing.shop\/index.php?rest_route=\/wp\/v2\/product"}],"about":[{"href":"https:\/\/power-fishing.shop\/index.php?rest_route=\/wp\/v2\/types\/product"}],"replies":[{"embeddable":true,"href":"https:\/\/power-fishing.shop\/index.php?rest_route=%2Fwp%2Fv2%2Fcomments&post=512430"}],"version-history":[{"count":2,"href":"https:\/\/power-fishing.shop\/index.php?rest_route=\/wp\/v2\/product\/512430\/revisions"}],"predecessor-version":[{"id":512436,"href":"https:\/\/power-fishing.shop\/index.php?rest_route=\/wp\/v2\/product\/512430\/revisions\/512436"}],"wp:featuredmedia":[{"embeddable":true,"href":"https:\/\/power-fishing.shop\/index.php?rest_route=\/wp\/v2\/media\/512361"}],"wp:attachment":[{"href":"https:\/\/power-fishing.shop\/index.php?rest_route=%2Fwp%2Fv2%2Fmedia&parent=512430"}],"wp:term":[{"taxonomy":"product_brand","embeddable":true,"href":"https:\/\/power-fishing.shop\/index.php?rest_route=%2Fwp%2Fv2%2Fproduct_brand&post=512430"},{"taxonomy":"product_cat","embeddable":true,"href":"https:\/\/power-fishing.shop\/index.php?rest_route=%2Fwp%2Fv2%2Fproduct_cat&post=512430"},{"taxonomy":"product_tag","embeddable":true,"href":"https:\/\/power-fishing.shop\/index.php?rest_route=%2Fwp%2Fv2%2Fproduct_tag&post=512430"}],"curies":[{"name":"wp","href":"https:\/\/api.w.org\/{rel}","templated":true}]}}