{"id":512412,"date":"2024-03-17T13:46:35","date_gmt":"2024-03-17T12:46:35","guid":{"rendered":"https:\/\/power-fishing.shop\/?post_type=product&#038;p=512412"},"modified":"2026-04-07T01:31:39","modified_gmt":"2026-04-06T23:31:39","slug":"red-hot-secret-active-hoover-enzym-p","status":"publish","type":"product","link":"https:\/\/power-fishing.shop\/?product=red-hot-secret-active-hoover-enzym-p","title":{"rendered":"Red Hot Secret active Hoover enzym-P 100 gr"},"content":{"rendered":"<p>Auch beim guten alten Red Hot Secret hat sich was getan im Bereich Hakenk\u00f6der. Seit nun mehr 2 Jahren zeigen die fermentierten Hakenk\u00f6der was die k\u00f6nnen und es wurde Zeit, diese Art der &#8222;Veredelung&#8220; auch auf andere Ranges zu \u00fcbertragen.<\/p>\n<p>Der neue active Hoover ist nach mehreren Arbeitsschritten und fast 4 Wochen Zeit dann endlich bereit zum Verpacken. Bis dahin durchlief er mehrere Stufen der Verarbeitung, in denen er Schritt f\u00fcr Schritt und Schicht f\u00fcr Schicht fermentiert wurde und immer genug Zeit zum Reifen hatte.<\/p>\n<p>Gr\u00f6\u00dfe: M &#8211; 21 mm Kern, L &#8211; 28 mm Kern<\/p>\n<p>Inhalt: 100 gr.<\/p>\n","protected":false},"excerpt":{"rendered":"<p>Auch beim guten alten Red Hot Secret hat sich was getan im Bereich Hakenk\u00f6der. Seit nun mehr 2 Jahren zeigen die fermentierten Hakenk\u00f6der was die k\u00f6nnen und es wurde Zeit, diese Art der &#8222;Veredelung&#8220; auch auf andere Ranges zu \u00fcbertragen. Der neue active Hoover ist nach mehreren Arbeitsschritten und fast 4 Wochen Zeit dann endlich [&hellip;]<\/p>\n","protected":false},"featured_media":512417,"comment_status":"open","ping_status":"closed","template":"","meta":[],"product_brand":[],"product_cat":[32,343],"product_tag":[49,82,116,311,338],"class_list":{"0":"post-512412","1":"product","2":"type-product","3":"status-publish","4":"has-post-thumbnail","6":"product_cat-boilies-hookbaits","7":"product_cat-red-hot-secret","8":"product_tag-active","9":"product_tag-red-hot-secret","10":"product_tag-hoover","11":"product_tag-enzym-p","12":"product_tag-active-hoover","13":"pa_groesse-m","14":"pa_groesse-l","16":"first","17":"instock","18":"taxable","19":"shipping-taxable","20":"purchasable","21":"product-type-variable"},"_links":{"self":[{"href":"https:\/\/power-fishing.shop\/index.php?rest_route=\/wp\/v2\/product\/512412","targetHints":{"allow":["GET"]}}],"collection":[{"href":"https:\/\/power-fishing.shop\/index.php?rest_route=\/wp\/v2\/product"}],"about":[{"href":"https:\/\/power-fishing.shop\/index.php?rest_route=\/wp\/v2\/types\/product"}],"replies":[{"embeddable":true,"href":"https:\/\/power-fishing.shop\/index.php?rest_route=%2Fwp%2Fv2%2Fcomments&post=512412"}],"version-history":[{"count":5,"href":"https:\/\/power-fishing.shop\/index.php?rest_route=\/wp\/v2\/product\/512412\/revisions"}],"predecessor-version":[{"id":512653,"href":"https:\/\/power-fishing.shop\/index.php?rest_route=\/wp\/v2\/product\/512412\/revisions\/512653"}],"wp:featuredmedia":[{"embeddable":true,"href":"https:\/\/power-fishing.shop\/index.php?rest_route=\/wp\/v2\/media\/512417"}],"wp:attachment":[{"href":"https:\/\/power-fishing.shop\/index.php?rest_route=%2Fwp%2Fv2%2Fmedia&parent=512412"}],"wp:term":[{"taxonomy":"product_brand","embeddable":true,"href":"https:\/\/power-fishing.shop\/index.php?rest_route=%2Fwp%2Fv2%2Fproduct_brand&post=512412"},{"taxonomy":"product_cat","embeddable":true,"href":"https:\/\/power-fishing.shop\/index.php?rest_route=%2Fwp%2Fv2%2Fproduct_cat&post=512412"},{"taxonomy":"product_tag","embeddable":true,"href":"https:\/\/power-fishing.shop\/index.php?rest_route=%2Fwp%2Fv2%2Fproduct_tag&post=512412"}],"curies":[{"name":"wp","href":"https:\/\/api.w.org\/{rel}","templated":true}]}}