{"id":512402,"date":"2024-03-24T15:18:11","date_gmt":"2024-03-24T14:18:11","guid":{"rendered":"https:\/\/power-fishing.shop\/?post_type=product&#038;p=512402"},"modified":"2024-03-24T15:18:12","modified_gmt":"2024-03-24T14:18:12","slug":"boilieteig-bananazym-1-kg","status":"publish","type":"product","link":"https:\/\/power-fishing.shop\/?product=boilieteig-bananazym-1-kg","title":{"rendered":"Boilieteig Bananazym 1 kg"},"content":{"rendered":"<p>Der Teig zum Banana-Zym ist ideal zum Beif\u00fcttern und\/oder zum Ummanteln von Blei oder dem Boilie, wenn die Montage mit Boot oder Futterboot ausgebracht wird. Zum Werfen nur bedingt geeignet. Der Teig l\u00f6st sich langsam und gleichm\u00e4\u00dfig im Wasser auf und sorgt so f\u00fcr lange sehr starke Lockwirkung am Platz.<\/p>\n<p>Inhalt: 1 kg<\/p>\n","protected":false},"excerpt":{"rendered":"<p>Der Teig zum Banana-Zym ist ideal zum Beif\u00fcttern und\/oder zum Ummanteln von Blei oder dem Boilie, wenn die Montage mit Boot oder Futterboot ausgebracht wird. Zum Werfen nur bedingt geeignet. Der Teig l\u00f6st sich langsam und gleichm\u00e4\u00dfig im Wasser auf und sorgt so f\u00fcr lange sehr starke Lockwirkung am Platz. Inhalt: 1 kg<\/p>\n","protected":false},"featured_media":512428,"comment_status":"open","ping_status":"closed","template":"","meta":[],"product_brand":[],"product_cat":[299,336],"product_tag":[333,337],"class_list":{"0":"post-512402","1":"product","2":"type-product","3":"status-publish","4":"has-post-thumbnail","6":"product_cat-baitpasten-boilieteige","7":"product_cat-bananazym","8":"product_tag-bananazym","9":"product_tag-boilieteig","11":"first","12":"instock","13":"taxable","14":"shipping-taxable","15":"purchasable","16":"product-type-simple"},"_links":{"self":[{"href":"https:\/\/power-fishing.shop\/index.php?rest_route=\/wp\/v2\/product\/512402","targetHints":{"allow":["GET"]}}],"collection":[{"href":"https:\/\/power-fishing.shop\/index.php?rest_route=\/wp\/v2\/product"}],"about":[{"href":"https:\/\/power-fishing.shop\/index.php?rest_route=\/wp\/v2\/types\/product"}],"replies":[{"embeddable":true,"href":"https:\/\/power-fishing.shop\/index.php?rest_route=%2Fwp%2Fv2%2Fcomments&post=512402"}],"version-history":[{"count":2,"href":"https:\/\/power-fishing.shop\/index.php?rest_route=\/wp\/v2\/product\/512402\/revisions"}],"predecessor-version":[{"id":512429,"href":"https:\/\/power-fishing.shop\/index.php?rest_route=\/wp\/v2\/product\/512402\/revisions\/512429"}],"wp:featuredmedia":[{"embeddable":true,"href":"https:\/\/power-fishing.shop\/index.php?rest_route=\/wp\/v2\/media\/512428"}],"wp:attachment":[{"href":"https:\/\/power-fishing.shop\/index.php?rest_route=%2Fwp%2Fv2%2Fmedia&parent=512402"}],"wp:term":[{"taxonomy":"product_brand","embeddable":true,"href":"https:\/\/power-fishing.shop\/index.php?rest_route=%2Fwp%2Fv2%2Fproduct_brand&post=512402"},{"taxonomy":"product_cat","embeddable":true,"href":"https:\/\/power-fishing.shop\/index.php?rest_route=%2Fwp%2Fv2%2Fproduct_cat&post=512402"},{"taxonomy":"product_tag","embeddable":true,"href":"https:\/\/power-fishing.shop\/index.php?rest_route=%2Fwp%2Fv2%2Fproduct_tag&post=512402"}],"curies":[{"name":"wp","href":"https:\/\/api.w.org\/{rel}","templated":true}]}}