{"id":512307,"date":"2023-10-11T18:48:26","date_gmt":"2023-10-11T16:48:26","guid":{"rendered":"https:\/\/power-fishing.shop\/?post_type=product&#038;p=512307"},"modified":"2024-12-14T21:05:36","modified_gmt":"2024-12-14T20:05:36","slug":"falteimer","status":"publish","type":"product","link":"https:\/\/power-fishing.shop\/?product=falteimer","title":{"rendered":"Falteimer"},"content":{"rendered":"<p>Ein neuer klappbarer Eimer zum Anmischen von Futter. Die breitere Konstruktion sorgt f\u00fcr Stabilit\u00e4t und verhindert das Umkippen des gef\u00fcllten Eimers. Ausgestattet mit einem Verschluss und einer Schnur, um das Sch\u00f6pfen von Wasser zu erleichtern.<\/p>\n","protected":false},"excerpt":{"rendered":"<p>Ein neuer klappbarer Eimer zum Anmischen von Futter. Die breitere Konstruktion sorgt f\u00fcr Stabilit\u00e4t und verhindert das Umkippen des gef\u00fcllten Eimers. Ausgestattet mit einem Verschluss und einer Schnur, um das Sch\u00f6pfen von Wasser zu erleichtern.<\/p>\n","protected":false},"featured_media":512308,"comment_status":"open","ping_status":"closed","template":"","meta":[],"product_brand":[],"product_cat":[314,169],"product_tag":[172,315,316,317,318],"class_list":{"0":"post-512307","1":"product","2":"type-product","3":"status-publish","4":"has-post-thumbnail","6":"product_cat-eimer-behaelter","7":"product_cat-tackle-und-zubehoer","8":"product_tag-mikado","9":"product_tag-eimer","10":"product_tag-faltmeimer","11":"product_tag-wassereimer","12":"product_tag-angeleimer","14":"first","15":"instock","16":"taxable","17":"shipping-taxable","18":"purchasable","19":"product-type-simple"},"_links":{"self":[{"href":"https:\/\/power-fishing.shop\/index.php?rest_route=\/wp\/v2\/product\/512307","targetHints":{"allow":["GET"]}}],"collection":[{"href":"https:\/\/power-fishing.shop\/index.php?rest_route=\/wp\/v2\/product"}],"about":[{"href":"https:\/\/power-fishing.shop\/index.php?rest_route=\/wp\/v2\/types\/product"}],"replies":[{"embeddable":true,"href":"https:\/\/power-fishing.shop\/index.php?rest_route=%2Fwp%2Fv2%2Fcomments&post=512307"}],"version-history":[{"count":1,"href":"https:\/\/power-fishing.shop\/index.php?rest_route=\/wp\/v2\/product\/512307\/revisions"}],"predecessor-version":[{"id":512309,"href":"https:\/\/power-fishing.shop\/index.php?rest_route=\/wp\/v2\/product\/512307\/revisions\/512309"}],"wp:featuredmedia":[{"embeddable":true,"href":"https:\/\/power-fishing.shop\/index.php?rest_route=\/wp\/v2\/media\/512308"}],"wp:attachment":[{"href":"https:\/\/power-fishing.shop\/index.php?rest_route=%2Fwp%2Fv2%2Fmedia&parent=512307"}],"wp:term":[{"taxonomy":"product_brand","embeddable":true,"href":"https:\/\/power-fishing.shop\/index.php?rest_route=%2Fwp%2Fv2%2Fproduct_brand&post=512307"},{"taxonomy":"product_cat","embeddable":true,"href":"https:\/\/power-fishing.shop\/index.php?rest_route=%2Fwp%2Fv2%2Fproduct_cat&post=512307"},{"taxonomy":"product_tag","embeddable":true,"href":"https:\/\/power-fishing.shop\/index.php?rest_route=%2Fwp%2Fv2%2Fproduct_tag&post=512307"}],"curies":[{"name":"wp","href":"https:\/\/api.w.org\/{rel}","templated":true}]}}