{"id":512140,"date":"2023-03-22T22:21:46","date_gmt":"2023-03-22T21:21:46","guid":{"rendered":"https:\/\/power-fishing.shop\/?post_type=product&#038;p=512140"},"modified":"2024-03-24T15:28:35","modified_gmt":"2024-03-24T14:28:35","slug":"baitpaste-krebs-muschel-200-gr","status":"publish","type":"product","link":"https:\/\/power-fishing.shop\/?product=baitpaste-krebs-muschel-200-gr","title":{"rendered":"Baitpaste &#8222;Krebs-Muschel&#8220; 200 gr"},"content":{"rendered":"<p>Die passende Baitpaste zu unserer Krebs-Muschel Boilierange und zur Deadcat Wallerk\u00f6der Range.<\/p>\n<p>Bestehend aus Fischmehl, geschrotete Flusskrebse, Garnlen, Muschelmehl, angereichert mit vielen Insekten, einer extra Portion Betain, Fischextrakt, uvm.<\/p>\n<p>Die Paste wird komplett ohne Konservierer produziert, ist aber trotzdem lange haltbar.<\/p>\n<p>Egal ob um das Blei oder den Boilie geknetet, sie klebt, h\u00e4lt lange und l\u00f6st sich langsam und gleichm\u00e4\u00dfig im Wasser ab, auch im kalten Wasser. Wichtig, das Blei mu\u00df trocken sein, sonst kommt keine richtige\u00a0 Anhaftung zustande.<\/p>\n<p>F\u00fcr kurze W\u00fcrfe oder wenn ihr die Montag auslegt ist der Menge quasi keine Grenze gesetzt. Wollt ihr jedoch auf weite Entfernungen werfen, dann ist weniger oft mehr. Knetet die Paste gut durch, bis sie geschmeidig ist und dr\u00fcckt sie dann fest um euer Blei, so sind auch W\u00fcrfe \u00fcber 100 m keine Problem und die Paste bleibt kleben.<\/p>\n<p>&nbsp;<\/p>\n<p>Die Paste gibt\u2019s in 200 gr\u00a0 Einheiten.<\/p>\n<p>&nbsp;<\/p>\n<p>&nbsp;<\/p>\n","protected":false},"excerpt":{"rendered":"<p>Die passende Baitpaste zu unserer Krebs-Muschel Boilierange und zur Deadcat Wallerk\u00f6der Range. Bestehend aus Fischmehl, geschrotete Flusskrebse, Garnlen, Muschelmehl, angereichert mit vielen Insekten, einer extra Portion Betain, Fischextrakt, uvm. Die Paste wird komplett ohne Konservierer produziert, ist aber trotzdem lange haltbar. Egal ob um das Blei oder den Boilie geknetet, sie klebt, h\u00e4lt lange und [&hellip;]<\/p>\n","protected":false},"featured_media":512143,"comment_status":"open","ping_status":"closed","template":"","meta":[],"product_brand":[],"product_cat":[299,341],"product_tag":[],"class_list":{"0":"post-512140","1":"product","2":"type-product","3":"status-publish","4":"has-post-thumbnail","6":"product_cat-baitpasten-boilieteige","7":"product_cat-krebs-muschel","8":"pa_menge-500-g","9":"pa_menge-200-g","11":"first","12":"instock","13":"taxable","14":"shipping-taxable","15":"purchasable","16":"product-type-simple"},"_links":{"self":[{"href":"https:\/\/power-fishing.shop\/index.php?rest_route=\/wp\/v2\/product\/512140","targetHints":{"allow":["GET"]}}],"collection":[{"href":"https:\/\/power-fishing.shop\/index.php?rest_route=\/wp\/v2\/product"}],"about":[{"href":"https:\/\/power-fishing.shop\/index.php?rest_route=\/wp\/v2\/types\/product"}],"replies":[{"embeddable":true,"href":"https:\/\/power-fishing.shop\/index.php?rest_route=%2Fwp%2Fv2%2Fcomments&post=512140"}],"version-history":[{"count":2,"href":"https:\/\/power-fishing.shop\/index.php?rest_route=\/wp\/v2\/product\/512140\/revisions"}],"predecessor-version":[{"id":512439,"href":"https:\/\/power-fishing.shop\/index.php?rest_route=\/wp\/v2\/product\/512140\/revisions\/512439"}],"wp:featuredmedia":[{"embeddable":true,"href":"https:\/\/power-fishing.shop\/index.php?rest_route=\/wp\/v2\/media\/512143"}],"wp:attachment":[{"href":"https:\/\/power-fishing.shop\/index.php?rest_route=%2Fwp%2Fv2%2Fmedia&parent=512140"}],"wp:term":[{"taxonomy":"product_brand","embeddable":true,"href":"https:\/\/power-fishing.shop\/index.php?rest_route=%2Fwp%2Fv2%2Fproduct_brand&post=512140"},{"taxonomy":"product_cat","embeddable":true,"href":"https:\/\/power-fishing.shop\/index.php?rest_route=%2Fwp%2Fv2%2Fproduct_cat&post=512140"},{"taxonomy":"product_tag","embeddable":true,"href":"https:\/\/power-fishing.shop\/index.php?rest_route=%2Fwp%2Fv2%2Fproduct_tag&post=512140"}],"curies":[{"name":"wp","href":"https:\/\/api.w.org\/{rel}","templated":true}]}}