{"id":512122,"date":"2023-03-12T09:56:55","date_gmt":"2023-03-12T08:56:55","guid":{"rendered":"https:\/\/power-fishing.shop\/?post_type=product&#038;p=512122"},"modified":"2024-12-14T19:57:30","modified_gmt":"2024-12-14T18:57:30","slug":"roll-wirbel-gr-8","status":"publish","type":"product","link":"https:\/\/power-fishing.shop\/?product=roll-wirbel-gr-8","title":{"rendered":"Roll-Wirbel Gr. 8"},"content":{"rendered":"<p>Beliebt beim Karpfenangeln, drehbar mit einem Ring in Standardgr\u00f6\u00dfe 8, passgenau f\u00fcr alle Arten von Inlinebleien und Safety Bolt Rigs.. Wertvolle Ausr\u00fcstung f\u00fcr die Vorfach- und Vorfachmontage zum Karpfen- und Graskarpfenangeln. Schwarzmatte Beschichtung.<\/p>\n<p>&nbsp;<\/p>\n<p>Gr\u00f6\u00dfe: 8<\/p>\n<p>Inhalt: 10 St\u00fcck<\/p>\n","protected":false},"excerpt":{"rendered":"<p>Beliebt beim Karpfenangeln, drehbar mit einem Ring in Standardgr\u00f6\u00dfe 8, passgenau f\u00fcr alle Arten von Inlinebleien und Safety Bolt Rigs.. Wertvolle Ausr\u00fcstung f\u00fcr die Vorfach- und Vorfachmontage zum Karpfen- und Graskarpfenangeln. Schwarzmatte Beschichtung. &nbsp; Gr\u00f6\u00dfe: 8 Inhalt: 10 St\u00fcck<\/p>\n","protected":false},"featured_media":512123,"comment_status":"open","ping_status":"closed","template":"","meta":[],"product_brand":[],"product_cat":[199],"product_tag":[],"class_list":{"0":"post-512122","1":"product","2":"type-product","3":"status-publish","4":"has-post-thumbnail","6":"product_cat-wirbel","8":"first","9":"instock","10":"taxable","11":"shipping-taxable","12":"purchasable","13":"product-type-simple"},"_links":{"self":[{"href":"https:\/\/power-fishing.shop\/index.php?rest_route=\/wp\/v2\/product\/512122","targetHints":{"allow":["GET"]}}],"collection":[{"href":"https:\/\/power-fishing.shop\/index.php?rest_route=\/wp\/v2\/product"}],"about":[{"href":"https:\/\/power-fishing.shop\/index.php?rest_route=\/wp\/v2\/types\/product"}],"replies":[{"embeddable":true,"href":"https:\/\/power-fishing.shop\/index.php?rest_route=%2Fwp%2Fv2%2Fcomments&post=512122"}],"version-history":[{"count":1,"href":"https:\/\/power-fishing.shop\/index.php?rest_route=\/wp\/v2\/product\/512122\/revisions"}],"predecessor-version":[{"id":512827,"href":"https:\/\/power-fishing.shop\/index.php?rest_route=\/wp\/v2\/product\/512122\/revisions\/512827"}],"wp:featuredmedia":[{"embeddable":true,"href":"https:\/\/power-fishing.shop\/index.php?rest_route=\/wp\/v2\/media\/512123"}],"wp:attachment":[{"href":"https:\/\/power-fishing.shop\/index.php?rest_route=%2Fwp%2Fv2%2Fmedia&parent=512122"}],"wp:term":[{"taxonomy":"product_brand","embeddable":true,"href":"https:\/\/power-fishing.shop\/index.php?rest_route=%2Fwp%2Fv2%2Fproduct_brand&post=512122"},{"taxonomy":"product_cat","embeddable":true,"href":"https:\/\/power-fishing.shop\/index.php?rest_route=%2Fwp%2Fv2%2Fproduct_cat&post=512122"},{"taxonomy":"product_tag","embeddable":true,"href":"https:\/\/power-fishing.shop\/index.php?rest_route=%2Fwp%2Fv2%2Fproduct_tag&post=512122"}],"curies":[{"name":"wp","href":"https:\/\/api.w.org\/{rel}","templated":true}]}}