{"id":512114,"date":"2023-03-21T11:01:05","date_gmt":"2023-03-21T10:01:05","guid":{"rendered":"https:\/\/power-fishing.shop\/?post_type=product&#038;p=512114"},"modified":"2024-05-07T21:06:30","modified_gmt":"2024-05-07T19:06:30","slug":"krebs-muschel-active-hoover-enzym-p","status":"publish","type":"product","link":"https:\/\/power-fishing.shop\/?product=krebs-muschel-active-hoover-enzym-p","title":{"rendered":"Krebs-Muschel &#8222;active&#8220; Hoover Enzym-P"},"content":{"rendered":"<p>Der active Hoover basiert auf dem Mix des Krebs-Muschel Boilie, jedoch wurden hier Zutaten wir z.B. Krebs, GLM und Betain in h\u00f6here Konzentration verarbeitet. Gleichzeit ist er etwas h\u00e4rter und ein reduziertes Eigengewicht im Vergleich zu den normalen Boilies.<\/p>\n<p>Auch diese Hakenk\u00f6der wird wieder normale Enzym-P erst mehrere Tage lang in einem eigens daf\u00fcr angesetzten Liquid fermentiert, dann mit einem Mantel der extra viel GLM enth\u00e4lt ummantelt. Au\u00dferdem wird auch hier im Mantel diese spezielle Fermentierungsfl\u00fcssigkeit mit eingearbeitet.<\/p>\n<p>&nbsp;<\/p>\n<p>Inhalt: 100 gr<br \/>\nGr\u00f6\u00dfen: 17 mm, 21 mm, 28 mm (plus Mantelschicht)<\/p>\n","protected":false},"excerpt":{"rendered":"<p>Der active Hoover basiert auf dem Mix des Krebs-Muschel Boilie, jedoch wurden hier Zutaten wir z.B. Krebs, GLM und Betain in h\u00f6here Konzentration verarbeitet. Gleichzeit ist er etwas h\u00e4rter und ein reduziertes Eigengewicht im Vergleich zu den normalen Boilies. Auch diese Hakenk\u00f6der wird wieder normale Enzym-P erst mehrere Tage lang in einem eigens daf\u00fcr angesetzten [&hellip;]<\/p>\n","protected":false},"featured_media":512136,"comment_status":"open","ping_status":"closed","template":"","meta":[],"product_brand":[],"product_cat":[32,341],"product_tag":[],"class_list":{"0":"post-512114","1":"product","2":"type-product","3":"status-publish","4":"has-post-thumbnail","6":"product_cat-boilies-hookbaits","7":"product_cat-krebs-muschel","8":"pa_groesse-17-mm","9":"pa_groesse-21-mm","10":"pa_groesse-28-mm","12":"first","13":"instock","14":"taxable","15":"shipping-taxable","16":"purchasable","17":"product-type-variable","18":"has-default-attributes"},"_links":{"self":[{"href":"https:\/\/power-fishing.shop\/index.php?rest_route=\/wp\/v2\/product\/512114","targetHints":{"allow":["GET"]}}],"collection":[{"href":"https:\/\/power-fishing.shop\/index.php?rest_route=\/wp\/v2\/product"}],"about":[{"href":"https:\/\/power-fishing.shop\/index.php?rest_route=\/wp\/v2\/types\/product"}],"replies":[{"embeddable":true,"href":"https:\/\/power-fishing.shop\/index.php?rest_route=%2Fwp%2Fv2%2Fcomments&post=512114"}],"version-history":[{"count":3,"href":"https:\/\/power-fishing.shop\/index.php?rest_route=\/wp\/v2\/product\/512114\/revisions"}],"predecessor-version":[{"id":512538,"href":"https:\/\/power-fishing.shop\/index.php?rest_route=\/wp\/v2\/product\/512114\/revisions\/512538"}],"wp:featuredmedia":[{"embeddable":true,"href":"https:\/\/power-fishing.shop\/index.php?rest_route=\/wp\/v2\/media\/512136"}],"wp:attachment":[{"href":"https:\/\/power-fishing.shop\/index.php?rest_route=%2Fwp%2Fv2%2Fmedia&parent=512114"}],"wp:term":[{"taxonomy":"product_brand","embeddable":true,"href":"https:\/\/power-fishing.shop\/index.php?rest_route=%2Fwp%2Fv2%2Fproduct_brand&post=512114"},{"taxonomy":"product_cat","embeddable":true,"href":"https:\/\/power-fishing.shop\/index.php?rest_route=%2Fwp%2Fv2%2Fproduct_cat&post=512114"},{"taxonomy":"product_tag","embeddable":true,"href":"https:\/\/power-fishing.shop\/index.php?rest_route=%2Fwp%2Fv2%2Fproduct_tag&post=512114"}],"curies":[{"name":"wp","href":"https:\/\/api.w.org\/{rel}","templated":true}]}}