{"id":512059,"date":"2023-01-05T10:04:35","date_gmt":"2023-01-05T09:04:35","guid":{"rendered":"https:\/\/power-fishing.shop\/?post_type=product&#038;p=512059"},"modified":"2024-12-14T20:00:14","modified_gmt":"2024-12-14T19:00:14","slug":"tungsten-hook-aligner-kicker","status":"publish","type":"product","link":"https:\/\/power-fishing.shop\/?product=tungsten-hook-aligner-kicker","title":{"rendered":"Tungsten HOOK ALIGNER \/ KICKER"},"content":{"rendered":"<p>Ein kurzer und starker hakenausrichtender Wolfram Kicker. Mit Wolfram Pulver beschwert, liegt ideal auf dem Boden und scheucht die Fische nicht. Eignet sich f\u00fcr gr\u00f6\u00dfe und erfahrene Karpfen.<\/p>\n<p>Gr\u00f6\u00dfen: L 2-4, S 4-8<\/p>\n<p>Inhalt: 8 St\u00fcck<\/p>\n","protected":false},"excerpt":{"rendered":"<p>Ein kurzer und starker hakenausrichtender Wolfram Kicker. Mit Wolfram Pulver beschwert, liegt ideal auf dem Boden und scheucht die Fische nicht. Eignet sich f\u00fcr gr\u00f6\u00dfe und erfahrene Karpfen. Gr\u00f6\u00dfen: L 2-4, S 4-8 Inhalt: 8 St\u00fcck<\/p>\n","protected":false},"featured_media":512060,"comment_status":"open","ping_status":"closed","template":"","meta":[],"product_brand":[],"product_cat":[195],"product_tag":[172,281,282,283],"class_list":{"0":"post-512059","1":"product","2":"type-product","3":"status-publish","4":"has-post-thumbnail","6":"product_cat-rigzubehoer","7":"product_tag-mikado","8":"product_tag-kicker","9":"product_tag-hook-aligner","10":"product_tag-tungsten","11":"pa_groesse-l","12":"pa_groesse-s","14":"first","15":"instock","16":"taxable","17":"shipping-taxable","18":"purchasable","19":"product-type-variable"},"_links":{"self":[{"href":"https:\/\/power-fishing.shop\/index.php?rest_route=\/wp\/v2\/product\/512059","targetHints":{"allow":["GET"]}}],"collection":[{"href":"https:\/\/power-fishing.shop\/index.php?rest_route=\/wp\/v2\/product"}],"about":[{"href":"https:\/\/power-fishing.shop\/index.php?rest_route=\/wp\/v2\/types\/product"}],"replies":[{"embeddable":true,"href":"https:\/\/power-fishing.shop\/index.php?rest_route=%2Fwp%2Fv2%2Fcomments&post=512059"}],"version-history":[{"count":1,"href":"https:\/\/power-fishing.shop\/index.php?rest_route=\/wp\/v2\/product\/512059\/revisions"}],"predecessor-version":[{"id":512831,"href":"https:\/\/power-fishing.shop\/index.php?rest_route=\/wp\/v2\/product\/512059\/revisions\/512831"}],"wp:featuredmedia":[{"embeddable":true,"href":"https:\/\/power-fishing.shop\/index.php?rest_route=\/wp\/v2\/media\/512060"}],"wp:attachment":[{"href":"https:\/\/power-fishing.shop\/index.php?rest_route=%2Fwp%2Fv2%2Fmedia&parent=512059"}],"wp:term":[{"taxonomy":"product_brand","embeddable":true,"href":"https:\/\/power-fishing.shop\/index.php?rest_route=%2Fwp%2Fv2%2Fproduct_brand&post=512059"},{"taxonomy":"product_cat","embeddable":true,"href":"https:\/\/power-fishing.shop\/index.php?rest_route=%2Fwp%2Fv2%2Fproduct_cat&post=512059"},{"taxonomy":"product_tag","embeddable":true,"href":"https:\/\/power-fishing.shop\/index.php?rest_route=%2Fwp%2Fv2%2Fproduct_tag&post=512059"}],"curies":[{"name":"wp","href":"https:\/\/api.w.org\/{rel}","templated":true}]}}