{"id":512055,"date":"2023-01-05T09:45:49","date_gmt":"2023-01-05T08:45:49","guid":{"rendered":"https:\/\/power-fishing.shop\/?post_type=product&#038;p=512055"},"modified":"2026-04-13T15:05:15","modified_gmt":"2026-04-13T13:05:15","slug":"mikado-territory-grabber","status":"publish","type":"product","link":"https:\/\/power-fishing.shop\/?product=mikado-territory-grabber","title":{"rendered":"Mikado Territory &#8211; Grabber"},"content":{"rendered":"<p>Angelhaken, die sich f\u00fcr anspruchsvolle Gew\u00e4sser perfekt eignen. \u00c4u\u00dferst scharfe Haken, die aus japanischem Stahl gefertigt wurden, werden zum zuverl\u00e4ssigen Begleiter w\u00e4hrend des Ausdrillen eines \u201eFisches Ihres Lebens\u201f. Erh\u00e4ltlich in vier Varianten, was Ihnen erm\u00f6glicht, jede Montage zu meistern. Mit Teflon \u00fcberzogen, auf gr\u00f6\u00dften Karpfenfischen in Europa getestet. Jeder Angelhaken ist getrennt verpackt, was ihre perfekte Sch\u00e4rfe und Einsatzbereitschaft gleich nach der Entnahme aus der Verpackung gew\u00e4hrleistet. Verlieren Sie keine Chancen, Ihren Lebensrekord zu schlagen! Setzen Sie auf Territory Angelhaken &#8211; h\u00f6chste Qualit\u00e4t zu g\u00fcnstigem Preis!<\/p>\n<p>Inhalt: 10 St\u00fcck<br \/>\nGr\u00f6\u00dfe: 2, 4, 6<\/p>\n","protected":false},"excerpt":{"rendered":"<p>Angelhaken, die sich f\u00fcr anspruchsvolle Gew\u00e4sser perfekt eignen. \u00c4u\u00dferst scharfe Haken, die aus japanischem Stahl gefertigt wurden, werden zum zuverl\u00e4ssigen Begleiter w\u00e4hrend des Ausdrillen eines \u201eFisches Ihres Lebens\u201f. Erh\u00e4ltlich in vier Varianten, was Ihnen erm\u00f6glicht, jede Montage zu meistern. Mit Teflon \u00fcberzogen, auf gr\u00f6\u00dften Karpfenfischen in Europa getestet. Jeder Angelhaken ist getrennt verpackt, was ihre [&hellip;]<\/p>\n","protected":false},"featured_media":511880,"comment_status":"open","ping_status":"closed","template":"","meta":[],"product_brand":[],"product_cat":[169,192],"product_tag":[280,170,171],"class_list":{"0":"post-512055","1":"product","2":"type-product","3":"status-publish","4":"has-post-thumbnail","6":"product_cat-tackle-und-zubehoer","7":"product_cat-haken","8":"product_tag-grabber","9":"product_tag-haken","10":"product_tag-karpfenhaken","11":"pa_groesse-277","12":"pa_groesse-278","13":"pa_groesse-276","15":"first","16":"instock","17":"featured","18":"taxable","19":"shipping-taxable","20":"purchasable","21":"product-type-variable"},"_links":{"self":[{"href":"https:\/\/power-fishing.shop\/index.php?rest_route=\/wp\/v2\/product\/512055","targetHints":{"allow":["GET"]}}],"collection":[{"href":"https:\/\/power-fishing.shop\/index.php?rest_route=\/wp\/v2\/product"}],"about":[{"href":"https:\/\/power-fishing.shop\/index.php?rest_route=\/wp\/v2\/types\/product"}],"replies":[{"embeddable":true,"href":"https:\/\/power-fishing.shop\/index.php?rest_route=%2Fwp%2Fv2%2Fcomments&post=512055"}],"version-history":[{"count":1,"href":"https:\/\/power-fishing.shop\/index.php?rest_route=\/wp\/v2\/product\/512055\/revisions"}],"predecessor-version":[{"id":512350,"href":"https:\/\/power-fishing.shop\/index.php?rest_route=\/wp\/v2\/product\/512055\/revisions\/512350"}],"wp:featuredmedia":[{"embeddable":true,"href":"https:\/\/power-fishing.shop\/index.php?rest_route=\/wp\/v2\/media\/511880"}],"wp:attachment":[{"href":"https:\/\/power-fishing.shop\/index.php?rest_route=%2Fwp%2Fv2%2Fmedia&parent=512055"}],"wp:term":[{"taxonomy":"product_brand","embeddable":true,"href":"https:\/\/power-fishing.shop\/index.php?rest_route=%2Fwp%2Fv2%2Fproduct_brand&post=512055"},{"taxonomy":"product_cat","embeddable":true,"href":"https:\/\/power-fishing.shop\/index.php?rest_route=%2Fwp%2Fv2%2Fproduct_cat&post=512055"},{"taxonomy":"product_tag","embeddable":true,"href":"https:\/\/power-fishing.shop\/index.php?rest_route=%2Fwp%2Fv2%2Fproduct_tag&post=512055"}],"curies":[{"name":"wp","href":"https:\/\/api.w.org\/{rel}","templated":true}]}}