{"id":511995,"date":"2022-08-03T09:37:36","date_gmt":"2022-08-03T07:37:36","guid":{"rendered":"https:\/\/power-fishing.shop\/?post_type=product&#038;p=511995"},"modified":"2026-01-06T19:44:55","modified_gmt":"2026-01-06T18:44:55","slug":"t-shirts","status":"publish","type":"product","link":"https:\/\/power-fishing.shop\/?product=t-shirts","title":{"rendered":"T-Shirts"},"content":{"rendered":"<p>Nachdem ihr immer wieder gefragt habt, gibt es nun auch wieder Shits in dem \u201ealten\u201c eher gedeckteren Gr\u00fcn. Die Shirts gibts als limitierte Auflage, wenn weg, dann weg, zu einem Sonderpreis von 13,90 Euro.<\/p>\n<p>Erh\u00e4ltlich in den Gr\u00f6\u00dfen S \u2013 XXXL<\/p>\n<p>Die Shirts sind von B&C aus 100% Cotton mit langlebigem Siebdruck.<\/p>\n","protected":false},"excerpt":{"rendered":"<p>Nachdem ihr immer wieder gefragt habt, gibt es nun auch wieder Shits in dem \u201ealten\u201c eher gedeckteren Gr\u00fcn. Die Shirts gibts als limitierte Auflage, wenn weg, dann weg, zu einem Sonderpreis von 13,90 Euro. Erh\u00e4ltlich in den Gr\u00f6\u00dfen S \u2013 XXXL Die Shirts sind von B&#038;C aus 100% Cotton mit langlebigem Siebdruck.<\/p>\n","protected":false},"featured_media":511994,"comment_status":"open","ping_status":"closed","template":"","meta":[],"product_brand":[],"product_cat":[256],"product_tag":[257,258],"class_list":{"0":"post-511995","1":"product","2":"type-product","3":"status-publish","4":"has-post-thumbnail","6":"product_cat-bekleidung","7":"product_tag-shirt","8":"product_tag-t-shirt","9":"pa_groesse-m","10":"pa_groesse-l","11":"pa_groesse-xl","12":"pa_groesse-xxl","13":"pa_groesse-xxxl","14":"pa_groesse-s","16":"first","17":"instock","18":"taxable","19":"shipping-taxable","20":"purchasable","21":"product-type-variable","22":"has-default-attributes"},"_links":{"self":[{"href":"https:\/\/power-fishing.shop\/index.php?rest_route=\/wp\/v2\/product\/511995","targetHints":{"allow":["GET"]}}],"collection":[{"href":"https:\/\/power-fishing.shop\/index.php?rest_route=\/wp\/v2\/product"}],"about":[{"href":"https:\/\/power-fishing.shop\/index.php?rest_route=\/wp\/v2\/types\/product"}],"replies":[{"embeddable":true,"href":"https:\/\/power-fishing.shop\/index.php?rest_route=%2Fwp%2Fv2%2Fcomments&post=511995"}],"version-history":[{"count":2,"href":"https:\/\/power-fishing.shop\/index.php?rest_route=\/wp\/v2\/product\/511995\/revisions"}],"predecessor-version":[{"id":512404,"href":"https:\/\/power-fishing.shop\/index.php?rest_route=\/wp\/v2\/product\/511995\/revisions\/512404"}],"wp:featuredmedia":[{"embeddable":true,"href":"https:\/\/power-fishing.shop\/index.php?rest_route=\/wp\/v2\/media\/511994"}],"wp:attachment":[{"href":"https:\/\/power-fishing.shop\/index.php?rest_route=%2Fwp%2Fv2%2Fmedia&parent=511995"}],"wp:term":[{"taxonomy":"product_brand","embeddable":true,"href":"https:\/\/power-fishing.shop\/index.php?rest_route=%2Fwp%2Fv2%2Fproduct_brand&post=511995"},{"taxonomy":"product_cat","embeddable":true,"href":"https:\/\/power-fishing.shop\/index.php?rest_route=%2Fwp%2Fv2%2Fproduct_cat&post=511995"},{"taxonomy":"product_tag","embeddable":true,"href":"https:\/\/power-fishing.shop\/index.php?rest_route=%2Fwp%2Fv2%2Fproduct_tag&post=511995"}],"curies":[{"name":"wp","href":"https:\/\/api.w.org\/{rel}","templated":true}]}}