{"id":511949,"date":"2022-05-18T09:05:18","date_gmt":"2022-05-18T07:05:18","guid":{"rendered":"https:\/\/power-fishing.shop\/?post_type=product&#038;p=511949"},"modified":"2026-05-01T11:59:31","modified_gmt":"2026-05-01T09:59:31","slug":"phase-iv-active-hoover-100-gr","status":"publish","type":"product","link":"https:\/\/power-fishing.shop\/?product=phase-iv-active-hoover-100-gr","title":{"rendered":"Phase IV &#8222;active&#8220; Hoover  &#8211; 100 gr"},"content":{"rendered":"<p>Erg\u00e4nzend zu der Stinker Range und einer meiner absoluten Favoriten im Moment der neuen Phase IV. Nachdem grad alte Kunden immer wieder gefragt haben ob man nicht was \u00e4hnliches wie den alten Phase II machen k\u00f6nnte, hier die L\u00f6sung. Wir haben das Beste aus dem Phase III und dem alten Phase II zusammengefasst.<\/p>\n<p>Die Neuerungen ganz kurz umrissen. Weniger Getreidemehle \u2013 zb gar kein Maismehl mehr, mehr Fischmehl, mehr Lebermehl, <span class=\"text_exposed_show\">Mini- und Micropellets, viel sch\u00e4rfer und ein hoher Anteil an getrockneten Insekten.<\/span><\/p>\n<p><strong>\u201eactive\u201c Hoover: <\/strong>Neu in der Phase IV Hookbait Range ist jetzt der \u201eactive\u201c Hoover, im Kern unser erfolgreicher Hoover, au\u00dfen herum eine komplett neu entwickelte Ummantelung. Das Aminos\u00e4ure Profil ist noch um einiges hochwertiger als bei den normalen \u201eactive\u201c, was der etwas d\u00fcnneren Ummantelung geschuldet ist. Sie l\u00f6st sich auch eher langsamer und zeitverz\u00f6gert auf, bildet dabei eine leicht schwammige und schmierige Schicht um den K\u00f6der.<\/p>\n<p>Auch der \u201eactive\u201c Hoover l\u00e4\u00dft sie wie alle andern Hakenk\u00f6der perfekt in unserm Liver Protein Dip einlegen, auch \u00fcber Tage oder Wochen, ohne da\u00df dieser den Mantel aufl\u00f6st \u2013 er saugt sich nur voll und \u201eblutet\u201c den Dip dann unter Wasser langsam aus.<\/p>\n<p>Erh\u00e4ltlich in den Gr\u00f6\u00dfen normal (21 mm Kern), klein (17 mm Kern), Mix (beide Gr\u00f6\u00dfen in der Dose).<\/p>\n<p><strong>Zutaten:<\/strong> Fischmehl, Gew\u00fcrze, Salz, H\u00fchnereiwei\u00df,\u00a0 Getreideerzeugnisse, Fisch\u00f6l, Aromen, Milchprodukte, tierisches Protein, Lebermehl Rind, Betain, micro Pellets, getrocknete Insekten, Bierhefe<\/p>\n<p>\u00a0<\/p>\n<p><strong>konserviert<\/strong><\/p>\n<p><strong>Verpackungsgr\u00f6\u00dfe:\u00a0 100<\/strong> gr Dose<\/p>\n<p><strong>Lieferzeit:<\/strong> ca. 1 Woche<\/p>\n<p><strong>\u00a0<\/strong><\/p>\n","protected":false},"excerpt":{"rendered":"<p>Erg\u00e4nzend zu der Stinker Range und einer meiner absoluten Favoriten im Moment der neuen Phase IV. Nachdem grad alte Kunden immer wieder gefragt haben ob man nicht was \u00e4hnliches wie den alten Phase II machen k\u00f6nnte, hier die L\u00f6sung. Wir haben das Beste aus dem Phase III und dem alten Phase II zusammengefasst. Die Neuerungen [&hellip;]<\/p>\n","protected":false},"featured_media":511953,"comment_status":"open","ping_status":"closed","template":"","meta":[],"product_brand":[],"product_cat":[32,342],"product_tag":[33,34,35,36,37,39,49,63,116],"class_list":{"0":"post-511949","1":"product","2":"type-product","3":"status-publish","4":"has-post-thumbnail","6":"product_cat-boilies-hookbaits","7":"product_cat-phase-iv","8":"product_tag-boilies","9":"product_tag-phase-2","10":"product_tag-phase-3","11":"product_tag-phase-4","12":"product_tag-phase-ii","13":"product_tag-phase-iv","14":"product_tag-active","15":"product_tag-phase-iii","16":"product_tag-hoover","17":"pa_groesse-normal","18":"pa_groesse-klein","19":"pa_groesse-mix","21":"first","22":"instock","23":"taxable","24":"shipping-taxable","25":"purchasable","26":"product-type-variable"},"_links":{"self":[{"href":"https:\/\/power-fishing.shop\/index.php?rest_route=\/wp\/v2\/product\/511949","targetHints":{"allow":["GET"]}}],"collection":[{"href":"https:\/\/power-fishing.shop\/index.php?rest_route=\/wp\/v2\/product"}],"about":[{"href":"https:\/\/power-fishing.shop\/index.php?rest_route=\/wp\/v2\/types\/product"}],"replies":[{"embeddable":true,"href":"https:\/\/power-fishing.shop\/index.php?rest_route=%2Fwp%2Fv2%2Fcomments&post=511949"}],"version-history":[{"count":3,"href":"https:\/\/power-fishing.shop\/index.php?rest_route=\/wp\/v2\/product\/511949\/revisions"}],"predecessor-version":[{"id":513208,"href":"https:\/\/power-fishing.shop\/index.php?rest_route=\/wp\/v2\/product\/511949\/revisions\/513208"}],"wp:featuredmedia":[{"embeddable":true,"href":"https:\/\/power-fishing.shop\/index.php?rest_route=\/wp\/v2\/media\/511953"}],"wp:attachment":[{"href":"https:\/\/power-fishing.shop\/index.php?rest_route=%2Fwp%2Fv2%2Fmedia&parent=511949"}],"wp:term":[{"taxonomy":"product_brand","embeddable":true,"href":"https:\/\/power-fishing.shop\/index.php?rest_route=%2Fwp%2Fv2%2Fproduct_brand&post=511949"},{"taxonomy":"product_cat","embeddable":true,"href":"https:\/\/power-fishing.shop\/index.php?rest_route=%2Fwp%2Fv2%2Fproduct_cat&post=511949"},{"taxonomy":"product_tag","embeddable":true,"href":"https:\/\/power-fishing.shop\/index.php?rest_route=%2Fwp%2Fv2%2Fproduct_tag&post=511949"}],"curies":[{"name":"wp","href":"https:\/\/api.w.org\/{rel}","templated":true}]}}