{"id":511920,"date":"2022-02-24T21:31:20","date_gmt":"2022-02-24T20:31:20","guid":{"rendered":"https:\/\/power-fishing.shop\/?post_type=product&#038;p=511920"},"modified":"2024-12-14T20:01:10","modified_gmt":"2024-12-14T19:01:10","slug":"leadclip","status":"publish","type":"product","link":"https:\/\/power-fishing.shop\/?product=leadclip","title":{"rendered":"Leadclip"},"content":{"rendered":"<p>Sicherer Standardclip mit einem zus\u00e4tzlichen Stiftstecker, der den Wirbel im Clip verriegelt. Solch eine L\u00f6sung erh\u00f6ht effektiv den Selbstauffalleffekt und kann, entsprechend einem gegenw\u00e4rtigen Bedarf, das Abwerfen von Gewichten erleichtern, w\u00e4hrend sie festsitzen.<\/p>\n<p>Inhalt: 10 St\u00fcck<\/p>\n","protected":false},"excerpt":{"rendered":"<p>Sicherer Standardclip mit einem zus\u00e4tzlichen Stiftstecker, der den Wirbel im Clip verriegelt. Solch eine L\u00f6sung erh\u00f6ht effektiv den Selbstauffalleffekt und kann, entsprechend einem gegenw\u00e4rtigen Bedarf, das Abwerfen von Gewichten erleichtern, w\u00e4hrend sie festsitzen. Inhalt: 10 St\u00fcck<\/p>\n","protected":false},"featured_media":511921,"comment_status":"open","ping_status":"closed","template":"","meta":[],"product_brand":[],"product_cat":[194],"product_tag":[176,170,171,172,173,174,175],"class_list":{"0":"post-511920","1":"product","2":"type-product","3":"status-publish","4":"has-post-thumbnail","6":"product_cat-zubehoer","7":"product_tag-quick-chance","8":"product_tag-haken","9":"product_tag-karpfenhaken","10":"product_tag-mikado","11":"product_tag-territorry","12":"product_tag-grabbber","13":"product_tag-wirbel","15":"first","16":"instock","17":"taxable","18":"shipping-taxable","19":"purchasable","20":"product-type-simple"},"_links":{"self":[{"href":"https:\/\/power-fishing.shop\/index.php?rest_route=\/wp\/v2\/product\/511920","targetHints":{"allow":["GET"]}}],"collection":[{"href":"https:\/\/power-fishing.shop\/index.php?rest_route=\/wp\/v2\/product"}],"about":[{"href":"https:\/\/power-fishing.shop\/index.php?rest_route=\/wp\/v2\/types\/product"}],"replies":[{"embeddable":true,"href":"https:\/\/power-fishing.shop\/index.php?rest_route=%2Fwp%2Fv2%2Fcomments&post=511920"}],"version-history":[{"count":1,"href":"https:\/\/power-fishing.shop\/index.php?rest_route=\/wp\/v2\/product\/511920\/revisions"}],"predecessor-version":[{"id":512832,"href":"https:\/\/power-fishing.shop\/index.php?rest_route=\/wp\/v2\/product\/511920\/revisions\/512832"}],"wp:featuredmedia":[{"embeddable":true,"href":"https:\/\/power-fishing.shop\/index.php?rest_route=\/wp\/v2\/media\/511921"}],"wp:attachment":[{"href":"https:\/\/power-fishing.shop\/index.php?rest_route=%2Fwp%2Fv2%2Fmedia&parent=511920"}],"wp:term":[{"taxonomy":"product_brand","embeddable":true,"href":"https:\/\/power-fishing.shop\/index.php?rest_route=%2Fwp%2Fv2%2Fproduct_brand&post=511920"},{"taxonomy":"product_cat","embeddable":true,"href":"https:\/\/power-fishing.shop\/index.php?rest_route=%2Fwp%2Fv2%2Fproduct_cat&post=511920"},{"taxonomy":"product_tag","embeddable":true,"href":"https:\/\/power-fishing.shop\/index.php?rest_route=%2Fwp%2Fv2%2Fproduct_tag&post=511920"}],"curies":[{"name":"wp","href":"https:\/\/api.w.org\/{rel}","templated":true}]}}