{"id":511909,"date":"2022-02-23T20:52:52","date_gmt":"2022-02-23T19:52:52","guid":{"rendered":"https:\/\/power-fishing.shop\/?post_type=product&#038;p=511909"},"modified":"2024-12-14T20:01:55","modified_gmt":"2024-12-14T19:01:55","slug":"anti-tangle-sleeve-extra-long-43-mm-dunkelgruen","status":"publish","type":"product","link":"https:\/\/power-fishing.shop\/?product=anti-tangle-sleeve-extra-long-43-mm-dunkelgruen","title":{"rendered":"Anti Tangle Sleeve extra long &#8211; 43 mm &#8211; dunkelgr\u00fcn"},"content":{"rendered":"<p>Weiches Anti-Tangle-Sleeve, das an einer Verbindung von Karpfenvorfach und Riggwirbel angebracht ist. Solch eine L\u00f6sung verringert effektiv das Risiko von Verwicklungen w\u00e4hrend des Wurfens.<\/p>\n<p>Inhalt: 20 St\u00fcck<\/p>\n","protected":false},"excerpt":{"rendered":"<p>Weiches Anti-Tangle-Sleeve, das an einer Verbindung von Karpfenvorfach und Riggwirbel angebracht ist. Solch eine L\u00f6sung verringert effektiv das Risiko von Verwicklungen w\u00e4hrend des Wurfens. Inhalt: 20 St\u00fcck<\/p>\n","protected":false},"featured_media":511892,"comment_status":"open","ping_status":"closed","template":"","meta":[],"product_brand":[],"product_cat":[195],"product_tag":[178,179,170,171,172,173,174,175,176,177],"class_list":{"0":"post-511909","1":"product","2":"type-product","3":"status-publish","4":"has-post-thumbnail","6":"product_cat-rigzubehoer","7":"product_tag-sleeve","8":"product_tag-anti-tangle","9":"product_tag-haken","10":"product_tag-karpfenhaken","11":"product_tag-mikado","12":"product_tag-territorry","13":"product_tag-grabbber","14":"product_tag-wirbel","15":"product_tag-quick-chance","16":"product_tag-rig-ring","18":"first","19":"instock","20":"featured","21":"taxable","22":"shipping-taxable","23":"purchasable","24":"product-type-simple"},"_links":{"self":[{"href":"https:\/\/power-fishing.shop\/index.php?rest_route=\/wp\/v2\/product\/511909","targetHints":{"allow":["GET"]}}],"collection":[{"href":"https:\/\/power-fishing.shop\/index.php?rest_route=\/wp\/v2\/product"}],"about":[{"href":"https:\/\/power-fishing.shop\/index.php?rest_route=\/wp\/v2\/types\/product"}],"replies":[{"embeddable":true,"href":"https:\/\/power-fishing.shop\/index.php?rest_route=%2Fwp%2Fv2%2Fcomments&post=511909"}],"version-history":[{"count":1,"href":"https:\/\/power-fishing.shop\/index.php?rest_route=\/wp\/v2\/product\/511909\/revisions"}],"predecessor-version":[{"id":512347,"href":"https:\/\/power-fishing.shop\/index.php?rest_route=\/wp\/v2\/product\/511909\/revisions\/512347"}],"wp:featuredmedia":[{"embeddable":true,"href":"https:\/\/power-fishing.shop\/index.php?rest_route=\/wp\/v2\/media\/511892"}],"wp:attachment":[{"href":"https:\/\/power-fishing.shop\/index.php?rest_route=%2Fwp%2Fv2%2Fmedia&parent=511909"}],"wp:term":[{"taxonomy":"product_brand","embeddable":true,"href":"https:\/\/power-fishing.shop\/index.php?rest_route=%2Fwp%2Fv2%2Fproduct_brand&post=511909"},{"taxonomy":"product_cat","embeddable":true,"href":"https:\/\/power-fishing.shop\/index.php?rest_route=%2Fwp%2Fv2%2Fproduct_cat&post=511909"},{"taxonomy":"product_tag","embeddable":true,"href":"https:\/\/power-fishing.shop\/index.php?rest_route=%2Fwp%2Fv2%2Fproduct_tag&post=511909"}],"curies":[{"name":"wp","href":"https:\/\/api.w.org\/{rel}","templated":true}]}}