{"id":511907,"date":"2022-02-23T20:48:07","date_gmt":"2022-02-23T19:48:07","guid":{"rendered":"https:\/\/power-fishing.shop\/?post_type=product&#038;p=511907"},"modified":"2024-12-14T20:02:32","modified_gmt":"2024-12-14T19:02:32","slug":"wirbel-quick-change-mit-split-ring-gr-8","status":"publish","type":"product","link":"https:\/\/power-fishing.shop\/?product=wirbel-quick-change-mit-split-ring-gr-8","title":{"rendered":"Wirbel- Quick Change mit Split Ring Gr. 8"},"content":{"rendered":"<p>Beliebt beim Karpfenangeln, drehbar mit Verbinder und gro\u00dfem Auge. Hochwertiges Zubeh\u00f6r f\u00fcr die Vorfachmontage zum Karpfenangeln. Schwarzmatte Beschichtung.<\/p>\n<p>Inhalt: 10 St.<\/p>\n","protected":false},"excerpt":{"rendered":"<p>Beliebt beim Karpfenangeln, drehbar mit Verbinder und gro\u00dfem Auge. Hochwertiges Zubeh\u00f6r f\u00fcr die Vorfachmontage zum Karpfenangeln. Schwarzmatte Beschichtung. Inhalt: 10 St.<\/p>\n","protected":false},"featured_media":511908,"comment_status":"open","ping_status":"closed","template":"","meta":[],"product_brand":[],"product_cat":[199],"product_tag":[197,182,183,184,170,185,171,186,172,188,173,189,174,190,175,191,179,196,181],"class_list":{"0":"post-511907","1":"product","2":"type-product","3":"status-publish","4":"has-post-thumbnail","6":"product_cat-wirbel","7":"product_tag-gummiperlen","8":"product_tag-glug-pot","9":"product_tag-boilienadel","10":"product_tag-koedernadel","11":"product_tag-haken","12":"product_tag-boiliebohrer","13":"product_tag-karpfenhaken","14":"product_tag-knot-puller","15":"product_tag-mikado","16":"product_tag-crusher","17":"product_tag-territorry","18":"product_tag-boilie-crusher","19":"product_tag-grabbber","20":"product_tag-schaufel","21":"product_tag-wirbel","22":"product_tag-marker-sticks","23":"product_tag-anti-tangle","24":"product_tag-vorfach","25":"product_tag-bait-screw","27":"first","28":"instock","29":"featured","30":"taxable","31":"shipping-taxable","32":"purchasable","33":"product-type-simple"},"_links":{"self":[{"href":"https:\/\/power-fishing.shop\/index.php?rest_route=\/wp\/v2\/product\/511907","targetHints":{"allow":["GET"]}}],"collection":[{"href":"https:\/\/power-fishing.shop\/index.php?rest_route=\/wp\/v2\/product"}],"about":[{"href":"https:\/\/power-fishing.shop\/index.php?rest_route=\/wp\/v2\/types\/product"}],"replies":[{"embeddable":true,"href":"https:\/\/power-fishing.shop\/index.php?rest_route=%2Fwp%2Fv2%2Fcomments&post=511907"}],"version-history":[{"count":1,"href":"https:\/\/power-fishing.shop\/index.php?rest_route=\/wp\/v2\/product\/511907\/revisions"}],"predecessor-version":[{"id":512346,"href":"https:\/\/power-fishing.shop\/index.php?rest_route=\/wp\/v2\/product\/511907\/revisions\/512346"}],"wp:featuredmedia":[{"embeddable":true,"href":"https:\/\/power-fishing.shop\/index.php?rest_route=\/wp\/v2\/media\/511908"}],"wp:attachment":[{"href":"https:\/\/power-fishing.shop\/index.php?rest_route=%2Fwp%2Fv2%2Fmedia&parent=511907"}],"wp:term":[{"taxonomy":"product_brand","embeddable":true,"href":"https:\/\/power-fishing.shop\/index.php?rest_route=%2Fwp%2Fv2%2Fproduct_brand&post=511907"},{"taxonomy":"product_cat","embeddable":true,"href":"https:\/\/power-fishing.shop\/index.php?rest_route=%2Fwp%2Fv2%2Fproduct_cat&post=511907"},{"taxonomy":"product_tag","embeddable":true,"href":"https:\/\/power-fishing.shop\/index.php?rest_route=%2Fwp%2Fv2%2Fproduct_tag&post=511907"}],"curies":[{"name":"wp","href":"https:\/\/api.w.org\/{rel}","templated":true}]}}