{"id":511905,"date":"2022-02-23T20:03:21","date_gmt":"2022-02-23T19:03:21","guid":{"rendered":"https:\/\/power-fishing.shop\/?post_type=product&#038;p=511905"},"modified":"2024-12-14T20:03:11","modified_gmt":"2024-12-14T19:03:11","slug":"silikon-perle-soft-groesse-6mm-dunkelgruen","status":"publish","type":"product","link":"https:\/\/power-fishing.shop\/?product=silikon-perle-soft-groesse-6mm-dunkelgruen","title":{"rendered":"SILIKON-PERLE &#8211; SOFT &#8211; Gr\u00f6\u00dfe 6mm &#8211; Dunkelgr\u00fcn"},"content":{"rendered":"<p>Weiche Gummiperle mit 6 mm Durchmesser. Von unsch\u00e4tzbarem Wert f\u00fcr die Montage von Rigs oder Helicoper (z. B. Chod-Rigs). Perlen dienen auch als Sto\u00dfd\u00e4mpfer\u00a0 und als Stopper bei verschiedenen Montagen.<\/p>\n<p>Inhalt: 25 St.<\/p>\n","protected":false},"excerpt":{"rendered":"<p>Weiche Gummiperle mit 6 mm Durchmesser. Von unsch\u00e4tzbarem Wert f\u00fcr die Montage von Rigs oder Helicoper (z. B. Chod-Rigs). Perlen dienen auch als Sto\u00dfd\u00e4mpfer\u00a0 und als Stopper bei verschiedenen Montagen. Inhalt: 25 St.<\/p>\n","protected":false},"featured_media":511906,"comment_status":"open","ping_status":"closed","template":"","meta":[],"product_brand":[],"product_cat":[194],"product_tag":[184,185,170,186,171,188,172,189,173,190,174,191,179,181,196,182,197,183],"class_list":{"0":"post-511905","1":"product","2":"type-product","3":"status-publish","4":"has-post-thumbnail","6":"product_cat-zubehoer","7":"product_tag-koedernadel","8":"product_tag-boiliebohrer","9":"product_tag-haken","10":"product_tag-knot-puller","11":"product_tag-karpfenhaken","12":"product_tag-crusher","13":"product_tag-mikado","14":"product_tag-boilie-crusher","15":"product_tag-territorry","16":"product_tag-schaufel","17":"product_tag-grabbber","18":"product_tag-marker-sticks","19":"product_tag-anti-tangle","20":"product_tag-bait-screw","21":"product_tag-vorfach","22":"product_tag-glug-pot","23":"product_tag-gummiperlen","24":"product_tag-boilienadel","26":"first","27":"instock","28":"taxable","29":"shipping-taxable","30":"purchasable","31":"product-type-simple"},"_links":{"self":[{"href":"https:\/\/power-fishing.shop\/index.php?rest_route=\/wp\/v2\/product\/511905","targetHints":{"allow":["GET"]}}],"collection":[{"href":"https:\/\/power-fishing.shop\/index.php?rest_route=\/wp\/v2\/product"}],"about":[{"href":"https:\/\/power-fishing.shop\/index.php?rest_route=\/wp\/v2\/types\/product"}],"replies":[{"embeddable":true,"href":"https:\/\/power-fishing.shop\/index.php?rest_route=%2Fwp%2Fv2%2Fcomments&post=511905"}],"version-history":[{"count":1,"href":"https:\/\/power-fishing.shop\/index.php?rest_route=\/wp\/v2\/product\/511905\/revisions"}],"predecessor-version":[{"id":512833,"href":"https:\/\/power-fishing.shop\/index.php?rest_route=\/wp\/v2\/product\/511905\/revisions\/512833"}],"wp:featuredmedia":[{"embeddable":true,"href":"https:\/\/power-fishing.shop\/index.php?rest_route=\/wp\/v2\/media\/511906"}],"wp:attachment":[{"href":"https:\/\/power-fishing.shop\/index.php?rest_route=%2Fwp%2Fv2%2Fmedia&parent=511905"}],"wp:term":[{"taxonomy":"product_brand","embeddable":true,"href":"https:\/\/power-fishing.shop\/index.php?rest_route=%2Fwp%2Fv2%2Fproduct_brand&post=511905"},{"taxonomy":"product_cat","embeddable":true,"href":"https:\/\/power-fishing.shop\/index.php?rest_route=%2Fwp%2Fv2%2Fproduct_cat&post=511905"},{"taxonomy":"product_tag","embeddable":true,"href":"https:\/\/power-fishing.shop\/index.php?rest_route=%2Fwp%2Fv2%2Fproduct_tag&post=511905"}],"curies":[{"name":"wp","href":"https:\/\/api.w.org\/{rel}","templated":true}]}}