{"id":511903,"date":"2022-02-23T19:49:23","date_gmt":"2022-02-23T18:49:23","guid":{"rendered":"https:\/\/power-fishing.shop\/?post_type=product&#038;p=511903"},"modified":"2024-12-14T19:50:59","modified_gmt":"2024-12-14T18:50:59","slug":"silky-soft-braid-30-lb-gruen","status":"publish","type":"product","link":"https:\/\/power-fishing.shop\/?product=silky-soft-braid-30-lb-gruen","title":{"rendered":"Silky Soft Braid 30 lb gr\u00fcn"},"content":{"rendered":"<p>Silky Soft Braid ist eine sehr weiche und abriebfestes Geflecht. Seine Struktur verleiht jedem K\u00f6der ein nat\u00fcrliches Aussehen und l\u00e4sst selbst die schlauesten Fische den K\u00f6der fangen. Auch perfekt f\u00fcr Kombirigs in Verbindung mit Fluorcarbon geignet.<\/p>\n<p>L\u00e4nge: 10m<br \/>\nTragkraft: 30 lb<\/p>\n","protected":false},"excerpt":{"rendered":"<p>Silky Soft Braid ist eine sehr weiche und abriebfestes Geflecht. Seine Struktur verleiht jedem K\u00f6der ein nat\u00fcrliches Aussehen und l\u00e4sst selbst die schlauesten Fische den K\u00f6der fangen. Auch perfekt f\u00fcr Kombirigs in Verbindung mit Fluorcarbon geignet. L\u00e4nge: 10m Tragkraft: 30 lb<\/p>\n","protected":false},"featured_media":511904,"comment_status":"open","ping_status":"closed","template":"","meta":[],"product_brand":[],"product_cat":[193],"product_tag":[173,190,174,191,179,181,196,182,183,184,185,170,186,171,188,172,189],"class_list":{"0":"post-511903","1":"product","2":"type-product","3":"status-publish","4":"has-post-thumbnail","6":"product_cat-schnuere-vorfaecher-leader","7":"product_tag-territorry","8":"product_tag-schaufel","9":"product_tag-grabbber","10":"product_tag-marker-sticks","11":"product_tag-anti-tangle","12":"product_tag-bait-screw","13":"product_tag-vorfach","14":"product_tag-glug-pot","15":"product_tag-boilienadel","16":"product_tag-koedernadel","17":"product_tag-boiliebohrer","18":"product_tag-haken","19":"product_tag-knot-puller","20":"product_tag-karpfenhaken","21":"product_tag-crusher","22":"product_tag-mikado","23":"product_tag-boilie-crusher","25":"first","26":"instock","27":"taxable","28":"shipping-taxable","29":"purchasable","30":"product-type-simple"},"_links":{"self":[{"href":"https:\/\/power-fishing.shop\/index.php?rest_route=\/wp\/v2\/product\/511903","targetHints":{"allow":["GET"]}}],"collection":[{"href":"https:\/\/power-fishing.shop\/index.php?rest_route=\/wp\/v2\/product"}],"about":[{"href":"https:\/\/power-fishing.shop\/index.php?rest_route=\/wp\/v2\/types\/product"}],"replies":[{"embeddable":true,"href":"https:\/\/power-fishing.shop\/index.php?rest_route=%2Fwp%2Fv2%2Fcomments&post=511903"}],"version-history":[{"count":1,"href":"https:\/\/power-fishing.shop\/index.php?rest_route=\/wp\/v2\/product\/511903\/revisions"}],"predecessor-version":[{"id":512314,"href":"https:\/\/power-fishing.shop\/index.php?rest_route=\/wp\/v2\/product\/511903\/revisions\/512314"}],"wp:featuredmedia":[{"embeddable":true,"href":"https:\/\/power-fishing.shop\/index.php?rest_route=\/wp\/v2\/media\/511904"}],"wp:attachment":[{"href":"https:\/\/power-fishing.shop\/index.php?rest_route=%2Fwp%2Fv2%2Fmedia&parent=511903"}],"wp:term":[{"taxonomy":"product_brand","embeddable":true,"href":"https:\/\/power-fishing.shop\/index.php?rest_route=%2Fwp%2Fv2%2Fproduct_brand&post=511903"},{"taxonomy":"product_cat","embeddable":true,"href":"https:\/\/power-fishing.shop\/index.php?rest_route=%2Fwp%2Fv2%2Fproduct_cat&post=511903"},{"taxonomy":"product_tag","embeddable":true,"href":"https:\/\/power-fishing.shop\/index.php?rest_route=%2Fwp%2Fv2%2Fproduct_tag&post=511903"}],"curies":[{"name":"wp","href":"https:\/\/api.w.org\/{rel}","templated":true}]}}