{"id":511878,"date":"2022-02-20T11:29:24","date_gmt":"2022-02-20T10:29:24","guid":{"rendered":"https:\/\/power-fishing.shop\/?post_type=product&#038;p=511878"},"modified":"2024-12-14T21:19:30","modified_gmt":"2024-12-14T20:19:30","slug":"cat-territory-beader-nr-5-0-bn-6-stck","status":"publish","type":"product","link":"https:\/\/power-fishing.shop\/?product=cat-territory-beader-nr-5-0-bn-6-stck","title":{"rendered":"CAT TERRITORY &#8211; Circle Hook NR. 5\/0 BN &#8211; 6 Stck"},"content":{"rendered":"<p>Kraftvoll. Robust. \u00c4u\u00dferst scharf. \u00c4u\u00dferst effektiv. Mit einer entsprechenden Form, die das Haken des Fisches mit seinem eigenen Gewicht erm\u00f6glicht. Spezielle gebogene Spitze erh\u00f6ht die Anzahl effektiver Anschl\u00e4ge und sorgt f\u00fcr einen sicheren Griff w\u00e4hrend des Ausdrillen eines Wallers. Jeder, der einmal einen Waller gefangen hat, wei\u00df hervorragend, wie der Waller w\u00e4hrend des Ausdrillens Richtung Gew\u00e4sserboden zieht und mit dem Schwanz schl\u00e4gt. In diesen Momenten lockert sich die Schnur und erm\u00f6glicht es dem Fisch, sich zu befreien. Dank der gebogenen Spitze wird der von Ihnen gefangene Fisch sicher landen. Diese Haken sind unentbehrlich, wenn Sie Ihre Welsmontagen selber bauen.<\/p>\n<p>&nbsp;<\/p>\n<p>Gr\u00f6\u00dfe 5\/0<\/p>\n<p>Inhalt 6 St\u00fcck<\/p>\n","protected":false},"excerpt":{"rendered":"<p>Kraftvoll. Robust. \u00c4u\u00dferst scharf. \u00c4u\u00dferst effektiv. Mit einer entsprechenden Form, die das Haken des Fisches mit seinem eigenen Gewicht erm\u00f6glicht. Spezielle gebogene Spitze erh\u00f6ht die Anzahl effektiver Anschl\u00e4ge und sorgt f\u00fcr einen sicheren Griff w\u00e4hrend des Ausdrillen eines Wallers. Jeder, der einmal einen Waller gefangen hat, wei\u00df hervorragend, wie der Waller w\u00e4hrend des Ausdrillens Richtung [&hellip;]<\/p>\n","protected":false},"featured_media":511885,"comment_status":"open","ping_status":"closed","template":"","meta":[],"product_brand":[],"product_cat":[192],"product_tag":[186,171,188,172,189,173,190,174,191,179,181,182,183,184,185,170],"class_list":{"0":"post-511878","1":"product","2":"type-product","3":"status-publish","4":"has-post-thumbnail","6":"product_cat-haken","7":"product_tag-knot-puller","8":"product_tag-karpfenhaken","9":"product_tag-crusher","10":"product_tag-mikado","11":"product_tag-boilie-crusher","12":"product_tag-territorry","13":"product_tag-schaufel","14":"product_tag-grabbber","15":"product_tag-marker-sticks","16":"product_tag-anti-tangle","17":"product_tag-bait-screw","18":"product_tag-glug-pot","19":"product_tag-boilienadel","20":"product_tag-koedernadel","21":"product_tag-boiliebohrer","22":"product_tag-haken","24":"first","25":"instock","26":"taxable","27":"shipping-taxable","28":"purchasable","29":"product-type-simple"},"_links":{"self":[{"href":"https:\/\/power-fishing.shop\/index.php?rest_route=\/wp\/v2\/product\/511878","targetHints":{"allow":["GET"]}}],"collection":[{"href":"https:\/\/power-fishing.shop\/index.php?rest_route=\/wp\/v2\/product"}],"about":[{"href":"https:\/\/power-fishing.shop\/index.php?rest_route=\/wp\/v2\/types\/product"}],"replies":[{"embeddable":true,"href":"https:\/\/power-fishing.shop\/index.php?rest_route=%2Fwp%2Fv2%2Fcomments&post=511878"}],"version-history":[{"count":1,"href":"https:\/\/power-fishing.shop\/index.php?rest_route=\/wp\/v2\/product\/511878\/revisions"}],"predecessor-version":[{"id":512841,"href":"https:\/\/power-fishing.shop\/index.php?rest_route=\/wp\/v2\/product\/511878\/revisions\/512841"}],"wp:featuredmedia":[{"embeddable":true,"href":"https:\/\/power-fishing.shop\/index.php?rest_route=\/wp\/v2\/media\/511885"}],"wp:attachment":[{"href":"https:\/\/power-fishing.shop\/index.php?rest_route=%2Fwp%2Fv2%2Fmedia&parent=511878"}],"wp:term":[{"taxonomy":"product_brand","embeddable":true,"href":"https:\/\/power-fishing.shop\/index.php?rest_route=%2Fwp%2Fv2%2Fproduct_brand&post=511878"},{"taxonomy":"product_cat","embeddable":true,"href":"https:\/\/power-fishing.shop\/index.php?rest_route=%2Fwp%2Fv2%2Fproduct_cat&post=511878"},{"taxonomy":"product_tag","embeddable":true,"href":"https:\/\/power-fishing.shop\/index.php?rest_route=%2Fwp%2Fv2%2Fproduct_tag&post=511878"}],"curies":[{"name":"wp","href":"https:\/\/api.w.org\/{rel}","templated":true}]}}