{"id":511843,"date":"2021-10-04T19:34:14","date_gmt":"2021-10-04T17:34:14","guid":{"rendered":"https:\/\/power-fishing.shop\/?post_type=product&#038;p=511843"},"modified":"2024-12-14T20:35:50","modified_gmt":"2024-12-14T19:35:50","slug":"knots-puller","status":"publish","type":"product","link":"https:\/\/power-fishing.shop\/?product=knots-puller","title":{"rendered":"Knots Puller"},"content":{"rendered":"<p>Professionelles Werkzeug zum Ziehen und Festziehen von Knoten aller Art, sogenannter Puller. Von unsch\u00e4tzbarem Wert f\u00fcr die Montage von Karpfenanlagen und Vorf\u00e4chern, mit denen jede Schlaufe oder jeder Knoten fest und pr\u00e4zise angezogen werden kann.<\/p>\n","protected":false},"excerpt":{"rendered":"<p>Professionelles Werkzeug zum Ziehen und Festziehen von Knoten aller Art, sogenannter Puller. Von unsch\u00e4tzbarem Wert f\u00fcr die Montage von Karpfenanlagen und Vorf\u00e4chern, mit denen jede Schlaufe oder jeder Knoten fest und pr\u00e4zise angezogen werden kann.<\/p>\n","protected":false},"featured_media":511895,"comment_status":"open","ping_status":"closed","template":"","meta":[],"product_brand":[],"product_cat":[195,194],"product_tag":[176,177,178,179,181,170,182,171,183,172,184,173,185,174,186,175],"class_list":{"0":"post-511843","1":"product","2":"type-product","3":"status-publish","4":"has-post-thumbnail","6":"product_cat-rigzubehoer","7":"product_cat-zubehoer","8":"product_tag-quick-chance","9":"product_tag-rig-ring","10":"product_tag-sleeve","11":"product_tag-anti-tangle","12":"product_tag-bait-screw","13":"product_tag-haken","14":"product_tag-glug-pot","15":"product_tag-karpfenhaken","16":"product_tag-boilienadel","17":"product_tag-mikado","18":"product_tag-koedernadel","19":"product_tag-territorry","20":"product_tag-boiliebohrer","21":"product_tag-grabbber","22":"product_tag-knot-puller","23":"product_tag-wirbel","25":"first","26":"instock","27":"taxable","28":"shipping-taxable","29":"purchasable","30":"product-type-simple"},"_links":{"self":[{"href":"https:\/\/power-fishing.shop\/index.php?rest_route=\/wp\/v2\/product\/511843","targetHints":{"allow":["GET"]}}],"collection":[{"href":"https:\/\/power-fishing.shop\/index.php?rest_route=\/wp\/v2\/product"}],"about":[{"href":"https:\/\/power-fishing.shop\/index.php?rest_route=\/wp\/v2\/types\/product"}],"replies":[{"embeddable":true,"href":"https:\/\/power-fishing.shop\/index.php?rest_route=%2Fwp%2Fv2%2Fcomments&post=511843"}],"version-history":[{"count":1,"href":"https:\/\/power-fishing.shop\/index.php?rest_route=\/wp\/v2\/product\/511843\/revisions"}],"predecessor-version":[{"id":512838,"href":"https:\/\/power-fishing.shop\/index.php?rest_route=\/wp\/v2\/product\/511843\/revisions\/512838"}],"wp:featuredmedia":[{"embeddable":true,"href":"https:\/\/power-fishing.shop\/index.php?rest_route=\/wp\/v2\/media\/511895"}],"wp:attachment":[{"href":"https:\/\/power-fishing.shop\/index.php?rest_route=%2Fwp%2Fv2%2Fmedia&parent=511843"}],"wp:term":[{"taxonomy":"product_brand","embeddable":true,"href":"https:\/\/power-fishing.shop\/index.php?rest_route=%2Fwp%2Fv2%2Fproduct_brand&post=511843"},{"taxonomy":"product_cat","embeddable":true,"href":"https:\/\/power-fishing.shop\/index.php?rest_route=%2Fwp%2Fv2%2Fproduct_cat&post=511843"},{"taxonomy":"product_tag","embeddable":true,"href":"https:\/\/power-fishing.shop\/index.php?rest_route=%2Fwp%2Fv2%2Fproduct_tag&post=511843"}],"curies":[{"name":"wp","href":"https:\/\/api.w.org\/{rel}","templated":true}]}}