{"id":511839,"date":"2021-10-03T20:56:35","date_gmt":"2021-10-03T18:56:35","guid":{"rendered":"https:\/\/power-fishing.shop\/?post_type=product&#038;p=511839"},"modified":"2024-12-14T21:29:04","modified_gmt":"2024-12-14T20:29:04","slug":"glug-pot-groesse-l","status":"publish","type":"product","link":"https:\/\/power-fishing.shop\/?product=glug-pot-groesse-l","title":{"rendered":"Glug Pot gr\u00f6\u00dfe L"},"content":{"rendered":"<p>Eine praktisch Dose zum Soaken, Dippen und Aufbewahren von Karpfenk\u00f6dern wie Boilies und Pellets. Ein zus\u00e4tzliches Sieb erm\u00f6glicht es, den Attraktor gleichm\u00e4\u00dfig \u00fcber die K\u00f6der zu verteilen und erleichtert die Auswahl eines bestimmten K\u00f6ders.<\/p>\n","protected":false},"excerpt":{"rendered":"<p>Eine praktisch Dose zum Soaken, Dippen und Aufbewahren von Karpfenk\u00f6dern wie Boilies und Pellets. Ein zus\u00e4tzliches Sieb erm\u00f6glicht es, den Attraktor gleichm\u00e4\u00dfig \u00fcber die K\u00f6der zu verteilen und erleichtert die Auswahl eines bestimmten K\u00f6ders.<\/p>\n","protected":false},"featured_media":511889,"comment_status":"open","ping_status":"closed","template":"","meta":[],"product_brand":[],"product_cat":[194],"product_tag":[176,177,178,179,181,170,182,171,172,173,174,175],"class_list":{"0":"post-511839","1":"product","2":"type-product","3":"status-publish","4":"has-post-thumbnail","6":"product_cat-zubehoer","7":"product_tag-quick-chance","8":"product_tag-rig-ring","9":"product_tag-sleeve","10":"product_tag-anti-tangle","11":"product_tag-bait-screw","12":"product_tag-haken","13":"product_tag-glug-pot","14":"product_tag-karpfenhaken","15":"product_tag-mikado","16":"product_tag-territorry","17":"product_tag-grabbber","18":"product_tag-wirbel","20":"first","21":"instock","22":"taxable","23":"shipping-taxable","24":"purchasable","25":"product-type-simple"},"_links":{"self":[{"href":"https:\/\/power-fishing.shop\/index.php?rest_route=\/wp\/v2\/product\/511839","targetHints":{"allow":["GET"]}}],"collection":[{"href":"https:\/\/power-fishing.shop\/index.php?rest_route=\/wp\/v2\/product"}],"about":[{"href":"https:\/\/power-fishing.shop\/index.php?rest_route=\/wp\/v2\/types\/product"}],"replies":[{"embeddable":true,"href":"https:\/\/power-fishing.shop\/index.php?rest_route=%2Fwp%2Fv2%2Fcomments&post=511839"}],"version-history":[{"count":1,"href":"https:\/\/power-fishing.shop\/index.php?rest_route=\/wp\/v2\/product\/511839\/revisions"}],"predecessor-version":[{"id":512510,"href":"https:\/\/power-fishing.shop\/index.php?rest_route=\/wp\/v2\/product\/511839\/revisions\/512510"}],"wp:featuredmedia":[{"embeddable":true,"href":"https:\/\/power-fishing.shop\/index.php?rest_route=\/wp\/v2\/media\/511889"}],"wp:attachment":[{"href":"https:\/\/power-fishing.shop\/index.php?rest_route=%2Fwp%2Fv2%2Fmedia&parent=511839"}],"wp:term":[{"taxonomy":"product_brand","embeddable":true,"href":"https:\/\/power-fishing.shop\/index.php?rest_route=%2Fwp%2Fv2%2Fproduct_brand&post=511839"},{"taxonomy":"product_cat","embeddable":true,"href":"https:\/\/power-fishing.shop\/index.php?rest_route=%2Fwp%2Fv2%2Fproduct_cat&post=511839"},{"taxonomy":"product_tag","embeddable":true,"href":"https:\/\/power-fishing.shop\/index.php?rest_route=%2Fwp%2Fv2%2Fproduct_tag&post=511839"}],"curies":[{"name":"wp","href":"https:\/\/api.w.org\/{rel}","templated":true}]}}