{"id":511837,"date":"2021-10-03T20:46:40","date_gmt":"2021-10-03T18:46:40","guid":{"rendered":"https:\/\/power-fishing.shop\/?post_type=product&#038;p=511837"},"modified":"2022-02-22T11:16:53","modified_gmt":"2022-02-22T10:16:53","slug":"bait-screw-13-mm","status":"publish","type":"product","link":"https:\/\/power-fishing.shop\/?product=bait-screw-13-mm","title":{"rendered":"Bait Screw 13 mm"},"content":{"rendered":"<p>Eine Serie von Metalschrauben&nbsp; f\u00fcr Boilies. Dank der zwei Gr\u00f6\u00dfen k\u00f6nnen wir die richtige L\u00e4nge abh\u00e4ngig von dem Durchmesser des K\u00f6ders w\u00e4hlen.<\/p>\n<p>Inhalt: 10 St\u00fcck<\/p>\n","protected":false},"excerpt":{"rendered":"<p>Eine Serie von Metalschrauben&nbsp; f\u00fcr Boilies. Dank der zwei Gr\u00f6\u00dfen k\u00f6nnen wir die richtige L\u00e4nge abh\u00e4ngig von dem Durchmesser des K\u00f6ders w\u00e4hlen. Inhalt: 10 St\u00fcck<\/p>\n","protected":false},"featured_media":511896,"comment_status":"open","ping_status":"closed","template":"","meta":[],"product_brand":[],"product_cat":[195],"product_tag":[179,181,170,171,172,173,174,175,176,177,178],"class_list":{"0":"post-511837","1":"product","2":"type-product","3":"status-publish","4":"has-post-thumbnail","6":"product_cat-rigzubehoer","7":"product_tag-anti-tangle","8":"product_tag-bait-screw","9":"product_tag-haken","10":"product_tag-karpfenhaken","11":"product_tag-mikado","12":"product_tag-territorry","13":"product_tag-grabbber","14":"product_tag-wirbel","15":"product_tag-quick-chance","16":"product_tag-rig-ring","17":"product_tag-sleeve","19":"first","20":"instock","21":"taxable","22":"shipping-taxable","23":"purchasable","24":"product-type-simple"},"_links":{"self":[{"href":"https:\/\/power-fishing.shop\/index.php?rest_route=\/wp\/v2\/product\/511837","targetHints":{"allow":["GET"]}}],"collection":[{"href":"https:\/\/power-fishing.shop\/index.php?rest_route=\/wp\/v2\/product"}],"about":[{"href":"https:\/\/power-fishing.shop\/index.php?rest_route=\/wp\/v2\/types\/product"}],"replies":[{"embeddable":true,"href":"https:\/\/power-fishing.shop\/index.php?rest_route=%2Fwp%2Fv2%2Fcomments&post=511837"}],"version-history":[{"count":0,"href":"https:\/\/power-fishing.shop\/index.php?rest_route=\/wp\/v2\/product\/511837\/revisions"}],"wp:featuredmedia":[{"embeddable":true,"href":"https:\/\/power-fishing.shop\/index.php?rest_route=\/wp\/v2\/media\/511896"}],"wp:attachment":[{"href":"https:\/\/power-fishing.shop\/index.php?rest_route=%2Fwp%2Fv2%2Fmedia&parent=511837"}],"wp:term":[{"taxonomy":"product_brand","embeddable":true,"href":"https:\/\/power-fishing.shop\/index.php?rest_route=%2Fwp%2Fv2%2Fproduct_brand&post=511837"},{"taxonomy":"product_cat","embeddable":true,"href":"https:\/\/power-fishing.shop\/index.php?rest_route=%2Fwp%2Fv2%2Fproduct_cat&post=511837"},{"taxonomy":"product_tag","embeddable":true,"href":"https:\/\/power-fishing.shop\/index.php?rest_route=%2Fwp%2Fv2%2Fproduct_tag&post=511837"}],"curies":[{"name":"wp","href":"https:\/\/api.w.org\/{rel}","templated":true}]}}