{"id":511836,"date":"2021-10-03T20:45:34","date_gmt":"2021-10-03T18:45:34","guid":{"rendered":"https:\/\/power-fishing.shop\/?post_type=product&#038;p=511836"},"modified":"2024-12-14T20:30:55","modified_gmt":"2024-12-14T19:30:55","slug":"bait-screw-mit-ring-25-mm","status":"publish","type":"product","link":"https:\/\/power-fishing.shop\/?product=bait-screw-mit-ring-25-mm","title":{"rendered":"Bait Screw mit Ring 25 mm"},"content":{"rendered":"<p>Eine Serie von Metalschrauben mit einem Montagering, f\u00fcr Boilies. Dank der zwei Gr\u00f6\u00dfen k\u00f6nnen wir die richtige L\u00e4nge abh\u00e4ngig von dem Durchmesser des K\u00f6ders w\u00e4hlen.<\/p>\n<p>Achtung Wallerangler, diese Bait Screws eignen sich auch ideal unsere Deadcat und Deadcat Popups zu befestigen.<\/p>\n<p>Inhalt: 10 St\u00fcck<\/p>\n","protected":false},"excerpt":{"rendered":"<p>Eine Serie von Metalschrauben mit einem Montagering, f\u00fcr Boilies. Dank der zwei Gr\u00f6\u00dfen k\u00f6nnen wir die richtige L\u00e4nge abh\u00e4ngig von dem Durchmesser des K\u00f6ders w\u00e4hlen. Achtung Wallerangler, diese Bait Screws eignen sich auch ideal unsere Deadcat und Deadcat Popups zu befestigen. Inhalt: 10 St\u00fcck<\/p>\n","protected":false},"featured_media":511901,"comment_status":"open","ping_status":"closed","template":"","meta":[],"product_brand":[],"product_cat":[195],"product_tag":[173,174,175,176,177,178,179,181,170,171,172],"class_list":{"0":"post-511836","1":"product","2":"type-product","3":"status-publish","4":"has-post-thumbnail","6":"product_cat-rigzubehoer","7":"product_tag-territorry","8":"product_tag-grabbber","9":"product_tag-wirbel","10":"product_tag-quick-chance","11":"product_tag-rig-ring","12":"product_tag-sleeve","13":"product_tag-anti-tangle","14":"product_tag-bait-screw","15":"product_tag-haken","16":"product_tag-karpfenhaken","17":"product_tag-mikado","19":"first","20":"instock","21":"taxable","22":"shipping-taxable","23":"purchasable","24":"product-type-simple"},"_links":{"self":[{"href":"https:\/\/power-fishing.shop\/index.php?rest_route=\/wp\/v2\/product\/511836","targetHints":{"allow":["GET"]}}],"collection":[{"href":"https:\/\/power-fishing.shop\/index.php?rest_route=\/wp\/v2\/product"}],"about":[{"href":"https:\/\/power-fishing.shop\/index.php?rest_route=\/wp\/v2\/types\/product"}],"replies":[{"embeddable":true,"href":"https:\/\/power-fishing.shop\/index.php?rest_route=%2Fwp%2Fv2%2Fcomments&post=511836"}],"version-history":[{"count":2,"href":"https:\/\/power-fishing.shop\/index.php?rest_route=\/wp\/v2\/product\/511836\/revisions"}],"predecessor-version":[{"id":512834,"href":"https:\/\/power-fishing.shop\/index.php?rest_route=\/wp\/v2\/product\/511836\/revisions\/512834"}],"wp:featuredmedia":[{"embeddable":true,"href":"https:\/\/power-fishing.shop\/index.php?rest_route=\/wp\/v2\/media\/511901"}],"wp:attachment":[{"href":"https:\/\/power-fishing.shop\/index.php?rest_route=%2Fwp%2Fv2%2Fmedia&parent=511836"}],"wp:term":[{"taxonomy":"product_brand","embeddable":true,"href":"https:\/\/power-fishing.shop\/index.php?rest_route=%2Fwp%2Fv2%2Fproduct_brand&post=511836"},{"taxonomy":"product_cat","embeddable":true,"href":"https:\/\/power-fishing.shop\/index.php?rest_route=%2Fwp%2Fv2%2Fproduct_cat&post=511836"},{"taxonomy":"product_tag","embeddable":true,"href":"https:\/\/power-fishing.shop\/index.php?rest_route=%2Fwp%2Fv2%2Fproduct_tag&post=511836"}],"curies":[{"name":"wp","href":"https:\/\/api.w.org\/{rel}","templated":true}]}}