{"id":511249,"date":"2020-04-08T15:24:55","date_gmt":"2020-04-08T13:24:55","guid":{"rendered":"https:\/\/power-fishing.shop\/?post_type=product&#038;p=511249"},"modified":"2024-03-24T19:39:47","modified_gmt":"2024-03-24T18:39:47","slug":"baitpaste-phase-iv","status":"publish","type":"product","link":"https:\/\/power-fishing.shop\/?product=baitpaste-phase-iv","title":{"rendered":"Baitpaste &#8222;phase IV&#8220;"},"content":{"rendered":"<p>Die Baitpaste &#8222;phase IV&#8220; &#8211; einfach mal wieder ganz anders &#8230;<\/p>\n<p>Basierend auf dem original Phase IV Mix, angereichert mit vielen Insekten, Phase IV Boiliecruch, Pelletcrunch, Milch, einer extra Portion Betain, Fischextrakt, \u2026..<\/p>\n<p>Die Paste wird komplett ohne Konservierer produziert, ist aber trotzdem lange haltbar.<\/p>\n<p>Egal ob um das Blei oder den Boilie geknetet, sie klebt, h\u00e4lt lange und l\u00f6st sich langsam und gleichm\u00e4\u00dfig im Wasser ab, auch im kalten Wasser. Wichtig, das Blei mu\u00df trocken sein, sonst kommt keine richtige&nbsp; Anhaftung zustande.<\/p>\n<p>F\u00fcr kurze W\u00fcrfe oder wenn ihr die Montag auslegt ist der Menge quasi keine Grenze gesetzt. Wollt ihr jedoch auf weite Entfernungen werfen, dann ist weniger oft mehr. Knetet die Paste gut durch, bis sie geschmeidig ist und dr\u00fcckt sie dann fest um euer Blei, so sind auch W\u00fcrfe \u00fcber 100 m keine Problem und die Paste bleibt kleben.<\/p>\n<p>&nbsp;<\/p>\n<p>Die Paste gibt\u2019s in 200 g und 500 g Einheiten.<\/p>\n","protected":false},"excerpt":{"rendered":"<p>Die Baitpaste &#8222;phase IV&#8220; &#8211; einfach mal wieder ganz anders &#8230; Basierend auf dem original Phase IV Mix, angereichert mit vielen Insekten, Phase IV Boiliecruch, Pelletcrunch, Milch, einer extra Portion Betain, Fischextrakt, \u2026.. Die Paste wird komplett ohne Konservierer produziert, ist aber trotzdem lange haltbar. Egal ob um das Blei oder den Boilie geknetet, sie [&hellip;]<\/p>\n","protected":false},"featured_media":511250,"comment_status":"open","ping_status":"closed","template":"","meta":[],"product_brand":[],"product_cat":[299,342],"product_tag":[],"class_list":{"0":"post-511249","1":"product","2":"type-product","3":"status-publish","4":"has-post-thumbnail","6":"product_cat-baitpasten-boilieteige","7":"product_cat-phase-iv","8":"pa_menge-200-g","9":"pa_menge-500-g","11":"first","12":"instock","13":"taxable","14":"shipping-taxable","15":"purchasable","16":"product-type-variable","17":"has-default-attributes"},"_links":{"self":[{"href":"https:\/\/power-fishing.shop\/index.php?rest_route=\/wp\/v2\/product\/511249","targetHints":{"allow":["GET"]}}],"collection":[{"href":"https:\/\/power-fishing.shop\/index.php?rest_route=\/wp\/v2\/product"}],"about":[{"href":"https:\/\/power-fishing.shop\/index.php?rest_route=\/wp\/v2\/types\/product"}],"replies":[{"embeddable":true,"href":"https:\/\/power-fishing.shop\/index.php?rest_route=%2Fwp%2Fv2%2Fcomments&post=511249"}],"version-history":[{"count":1,"href":"https:\/\/power-fishing.shop\/index.php?rest_route=\/wp\/v2\/product\/511249\/revisions"}],"predecessor-version":[{"id":512269,"href":"https:\/\/power-fishing.shop\/index.php?rest_route=\/wp\/v2\/product\/511249\/revisions\/512269"}],"wp:featuredmedia":[{"embeddable":true,"href":"https:\/\/power-fishing.shop\/index.php?rest_route=\/wp\/v2\/media\/511250"}],"wp:attachment":[{"href":"https:\/\/power-fishing.shop\/index.php?rest_route=%2Fwp%2Fv2%2Fmedia&parent=511249"}],"wp:term":[{"taxonomy":"product_brand","embeddable":true,"href":"https:\/\/power-fishing.shop\/index.php?rest_route=%2Fwp%2Fv2%2Fproduct_brand&post=511249"},{"taxonomy":"product_cat","embeddable":true,"href":"https:\/\/power-fishing.shop\/index.php?rest_route=%2Fwp%2Fv2%2Fproduct_cat&post=511249"},{"taxonomy":"product_tag","embeddable":true,"href":"https:\/\/power-fishing.shop\/index.php?rest_route=%2Fwp%2Fv2%2Fproduct_tag&post=511249"}],"curies":[{"name":"wp","href":"https:\/\/api.w.org\/{rel}","templated":true}]}}