{"id":511234,"date":"2020-04-07T15:25:54","date_gmt":"2020-04-07T13:25:54","guid":{"rendered":"https:\/\/power-fishing.shop\/?post_type=product&#038;p=511234"},"modified":"2024-03-27T11:54:25","modified_gmt":"2024-03-27T10:54:25","slug":"liquid-liverworm","status":"publish","type":"product","link":"https:\/\/power-fishing.shop\/?product=liquid-liverworm","title":{"rendered":"Liquid &#8222;Liverworm&#8220;"},"content":{"rendered":"<p>Der neue Liquid &#8222;Liverworm&#8220;.&nbsp; Aufgebaut auf Fischextrakt und voll wasserl\u00f6slichem Leberextrakt, l\u00f6st sich auch perfekt bei kalten Wasser. Der Liquid ist schwerer als Wasser &#8211; sinkt also perfekt zu Boden, PVA freundlich, keine Zus\u00e4tze wie Konservierer oder z.B.Glycerin, daf\u00fcr eine Menge an Bloodworms (Rote Zuckm\u00fcckenlarven), Rinderleberextrakt und Betain.<\/p>\n<p>Der Liqudi h\u00e4ngt sich perfekt an eure Boilies, wenn ihr sie kurz in die Sonne legt, dann trocknet er auch gut an und l\u00f6st sich langsam unter Wasser auf. Auch die active K\u00f6der lassen sich damit perfekt benetzen, ohne da\u00df sich der Mantel aufl\u00f6st.&nbsp; Der Unterschied zum Dip, er zieht nicht in den Boilie ein.<\/p>\n<p>&nbsp;<\/p>\n<p><strong>Verpackungsgr\u00f6\u00dfen:<\/strong> 500 gr Flasche<\/p>\n<p><iframe src=\"https:\/\/www.youtube.com\/embed\/W9f109yAwjo?rel=0\" allowfullscreen=\"allowfullscreen\" width=\"560\" height=\"315\" frameborder=\"0\"><\/iframe><\/p>\n","protected":false},"excerpt":{"rendered":"<p>Der neue Liquid &#8222;Liverworm&#8220;.&nbsp; Aufgebaut auf Fischextrakt und voll wasserl\u00f6slichem Leberextrakt, l\u00f6st sich auch perfekt bei kalten Wasser. Der Liquid ist schwerer als Wasser &#8211; sinkt also perfekt zu Boden, PVA freundlich, keine Zus\u00e4tze wie Konservierer oder z.B.Glycerin, daf\u00fcr eine Menge an Bloodworms (Rote Zuckm\u00fcckenlarven), Rinderleberextrakt und Betain. Der Liqudi h\u00e4ngt sich perfekt an eure [&hellip;]<\/p>\n","protected":false},"featured_media":511235,"comment_status":"open","ping_status":"closed","template":"","meta":[],"product_brand":[],"product_cat":[157,342,344,67,101],"product_tag":[107,108,142,73],"class_list":{"0":"post-511234","1":"product","2":"type-product","3":"status-publish","4":"has-post-thumbnail","6":"product_cat-wallerkoeder","7":"product_cat-phase-iv","8":"product_cat-bloodliver-2-0","9":"product_cat-liquids-dips","10":"product_cat-flavour-oele","11":"product_tag-lachsoel","12":"product_tag-fischoel","13":"product_tag-leberextrakt","14":"product_tag-liquid","16":"first","17":"instock","18":"taxable","19":"shipping-taxable","20":"purchasable","21":"product-type-simple"},"_links":{"self":[{"href":"https:\/\/power-fishing.shop\/index.php?rest_route=\/wp\/v2\/product\/511234","targetHints":{"allow":["GET"]}}],"collection":[{"href":"https:\/\/power-fishing.shop\/index.php?rest_route=\/wp\/v2\/product"}],"about":[{"href":"https:\/\/power-fishing.shop\/index.php?rest_route=\/wp\/v2\/types\/product"}],"replies":[{"embeddable":true,"href":"https:\/\/power-fishing.shop\/index.php?rest_route=%2Fwp%2Fv2%2Fcomments&post=511234"}],"version-history":[{"count":2,"href":"https:\/\/power-fishing.shop\/index.php?rest_route=\/wp\/v2\/product\/511234\/revisions"}],"predecessor-version":[{"id":512450,"href":"https:\/\/power-fishing.shop\/index.php?rest_route=\/wp\/v2\/product\/511234\/revisions\/512450"}],"wp:featuredmedia":[{"embeddable":true,"href":"https:\/\/power-fishing.shop\/index.php?rest_route=\/wp\/v2\/media\/511235"}],"wp:attachment":[{"href":"https:\/\/power-fishing.shop\/index.php?rest_route=%2Fwp%2Fv2%2Fmedia&parent=511234"}],"wp:term":[{"taxonomy":"product_brand","embeddable":true,"href":"https:\/\/power-fishing.shop\/index.php?rest_route=%2Fwp%2Fv2%2Fproduct_brand&post=511234"},{"taxonomy":"product_cat","embeddable":true,"href":"https:\/\/power-fishing.shop\/index.php?rest_route=%2Fwp%2Fv2%2Fproduct_cat&post=511234"},{"taxonomy":"product_tag","embeddable":true,"href":"https:\/\/power-fishing.shop\/index.php?rest_route=%2Fwp%2Fv2%2Fproduct_tag&post=511234"}],"curies":[{"name":"wp","href":"https:\/\/api.w.org\/{rel}","templated":true}]}}