{"id":388,"date":"2018-02-17T19:45:26","date_gmt":"2018-02-17T19:45:26","guid":{"rendered":"https:\/\/power-fishing.shop\/?post_type=product&#038;p=388"},"modified":"2022-06-19T22:46:47","modified_gmt":"2022-06-19T20:46:47","slug":"fluessigkonservierer","status":"publish","type":"product","link":"https:\/\/power-fishing.shop\/?product=fluessigkonservierer","title":{"rendered":"Fl\u00fcssigkonservierer"},"content":{"rendered":"<p>Fl\u00fcssigkonservierer zum haltbarmachen Ihrer Boilies. Einfach zusammen mit den Fl\u00fcssigzutaten im Mix vermischen. L\u00e4sst sich hervorragend verarbeiten und macht Ihre Boilies f\u00fcr mindestens 2-3 Monate haltbar ohne einen negativen Geschmack zu entwickeln. Unser Konservierer kommt direkt aus der Futtermittelherstellung.<\/p>\n<p>20 &#8211; 40 ml \/ kg Mix<\/p>\n<p>&nbsp;<\/p>\n<p>&nbsp;<\/p>\n<p><strong>Verpackungsgr\u00f6\u00dfen:<\/strong>\u00a0 1 Liter Flasche<\/p>\n","protected":false},"excerpt":{"rendered":"<p>Fl\u00fcssigkonservierer zum haltbarmachen Ihrer Boilies. Einfach zusammen mit den Fl\u00fcssigzutaten im Mix vermischen. L\u00e4sst sich hervorragend verarbeiten und macht Ihre Boilies f\u00fcr mindestens 2-3 Monate haltbar ohne einen negativen Geschmack zu entwickeln. Unser Konservierer kommt direkt aus der Futtermittelherstellung. 20 &#8211; 40 ml \/ kg Mix &nbsp; &nbsp; Verpackungsgr\u00f6\u00dfen:\u00a0 1 Liter Flasche<\/p>\n","protected":false},"featured_media":688,"comment_status":"open","ping_status":"closed","template":"","meta":[],"product_brand":[],"product_cat":[99],"product_tag":[117,118],"class_list":{"0":"post-388","1":"product","2":"type-product","3":"status-publish","4":"has-post-thumbnail","6":"product_cat-boiliezutaten-spezial","7":"product_tag-konservierer","8":"product_tag-fluessigkonservierer","10":"first","11":"instock","12":"taxable","13":"shipping-taxable","14":"purchasable","15":"product-type-simple"},"_links":{"self":[{"href":"https:\/\/power-fishing.shop\/index.php?rest_route=\/wp\/v2\/product\/388","targetHints":{"allow":["GET"]}}],"collection":[{"href":"https:\/\/power-fishing.shop\/index.php?rest_route=\/wp\/v2\/product"}],"about":[{"href":"https:\/\/power-fishing.shop\/index.php?rest_route=\/wp\/v2\/types\/product"}],"replies":[{"embeddable":true,"href":"https:\/\/power-fishing.shop\/index.php?rest_route=%2Fwp%2Fv2%2Fcomments&post=388"}],"version-history":[{"count":1,"href":"https:\/\/power-fishing.shop\/index.php?rest_route=\/wp\/v2\/product\/388\/revisions"}],"predecessor-version":[{"id":684,"href":"https:\/\/power-fishing.shop\/index.php?rest_route=\/wp\/v2\/product\/388\/revisions\/684"}],"wp:featuredmedia":[{"embeddable":true,"href":"https:\/\/power-fishing.shop\/index.php?rest_route=\/wp\/v2\/media\/688"}],"wp:attachment":[{"href":"https:\/\/power-fishing.shop\/index.php?rest_route=%2Fwp%2Fv2%2Fmedia&parent=388"}],"wp:term":[{"taxonomy":"product_brand","embeddable":true,"href":"https:\/\/power-fishing.shop\/index.php?rest_route=%2Fwp%2Fv2%2Fproduct_brand&post=388"},{"taxonomy":"product_cat","embeddable":true,"href":"https:\/\/power-fishing.shop\/index.php?rest_route=%2Fwp%2Fv2%2Fproduct_cat&post=388"},{"taxonomy":"product_tag","embeddable":true,"href":"https:\/\/power-fishing.shop\/index.php?rest_route=%2Fwp%2Fv2%2Fproduct_tag&post=388"}],"curies":[{"name":"wp","href":"https:\/\/api.w.org\/{rel}","templated":true}]}}