{"id":387,"date":"2018-02-17T19:36:59","date_gmt":"2018-02-17T19:36:59","guid":{"rendered":"https:\/\/power-fishing.shop\/?post_type=product&#038;p=387"},"modified":"2018-02-21T15:32:15","modified_gmt":"2018-02-21T15:32:15","slug":"power-red-spice","status":"publish","type":"product","link":"https:\/\/power-fishing.shop\/?product=power-red-spice","title":{"rendered":"power red spice"},"content":{"rendered":"<p>Scharf und w\u00fcrzig .. &#8222;power red spice&#8220; &#8211; passender k\u00f6nnte man es nicht beschreiben.<\/p>\n<p>Eine in langer Zeit von uns entwickelte Mischung aus Gew\u00fcrzen und Attraktoren. &#8222;power red spice&#8220; kann einfach wie jede andere Zutat mit bis zu 10 % im Mix verarbeitet werden. Sie k\u00f6nnen damit Ihren Stickmix attraktiver machen, .. es gibt eine Vielzahl von Anwendungen um Ihre K\u00f6der damit attraktiver und f\u00e4ngiger zu machen.<\/p>\n<p>Ihr Boilie erh\u00e4lt durch &#8222;power red spice&#8220; eine dunklere F\u00e4rbung und einen angenehmen bis intensiven w\u00fcrzigen Geschmack. Probieren Sie ihn im Fischmix, zusammen mit Lachs\u00f6l ohne weiteren Flavour oder einfach mal in Ihrem s\u00fc\u00dfen Boilie. Dem Testen ist hier keine Grenzen gesetzt.<\/p>\n<p>&nbsp;<\/p>\n<p><strong>Verpackungsgr\u00f6\u00dfen:<\/strong>\u00a0 1 kg Beutel<\/p>\n","protected":false},"excerpt":{"rendered":"<p>Scharf und w\u00fcrzig .. &#8222;power red spice&#8220; &#8211; passender k\u00f6nnte man es nicht beschreiben. Eine in langer Zeit von uns entwickelte Mischung aus Gew\u00fcrzen und Attraktoren. &#8222;power red spice&#8220; kann einfach wie jede andere Zutat mit bis zu 10 % im Mix verarbeitet werden. Sie k\u00f6nnen damit Ihren Stickmix attraktiver machen, .. es gibt eine [&hellip;]<\/p>\n","protected":false},"featured_media":694,"comment_status":"open","ping_status":"closed","template":"","meta":[],"product_brand":[],"product_cat":[99],"product_tag":[86,87,88,85],"class_list":{"0":"post-387","1":"product","2":"type-product","3":"status-publish","4":"has-post-thumbnail","6":"product_cat-boiliezutaten-spezial","7":"product_tag-suess","8":"product_tag-cremig","9":"product_tag-sweet","10":"product_tag-groundbait","12":"first","13":"instock","14":"taxable","15":"shipping-taxable","16":"purchasable","17":"product-type-simple"},"_links":{"self":[{"href":"https:\/\/power-fishing.shop\/index.php?rest_route=\/wp\/v2\/product\/387","targetHints":{"allow":["GET"]}}],"collection":[{"href":"https:\/\/power-fishing.shop\/index.php?rest_route=\/wp\/v2\/product"}],"about":[{"href":"https:\/\/power-fishing.shop\/index.php?rest_route=\/wp\/v2\/types\/product"}],"replies":[{"embeddable":true,"href":"https:\/\/power-fishing.shop\/index.php?rest_route=%2Fwp%2Fv2%2Fcomments&post=387"}],"version-history":[{"count":0,"href":"https:\/\/power-fishing.shop\/index.php?rest_route=\/wp\/v2\/product\/387\/revisions"}],"wp:featuredmedia":[{"embeddable":true,"href":"https:\/\/power-fishing.shop\/index.php?rest_route=\/wp\/v2\/media\/694"}],"wp:attachment":[{"href":"https:\/\/power-fishing.shop\/index.php?rest_route=%2Fwp%2Fv2%2Fmedia&parent=387"}],"wp:term":[{"taxonomy":"product_brand","embeddable":true,"href":"https:\/\/power-fishing.shop\/index.php?rest_route=%2Fwp%2Fv2%2Fproduct_brand&post=387"},{"taxonomy":"product_cat","embeddable":true,"href":"https:\/\/power-fishing.shop\/index.php?rest_route=%2Fwp%2Fv2%2Fproduct_cat&post=387"},{"taxonomy":"product_tag","embeddable":true,"href":"https:\/\/power-fishing.shop\/index.php?rest_route=%2Fwp%2Fv2%2Fproduct_tag&post=387"}],"curies":[{"name":"wp","href":"https:\/\/api.w.org\/{rel}","templated":true}]}}